{"id":6492,"date":"2021-09-29T16:43:24","date_gmt":"2021-09-29T14:43:24","guid":{"rendered":"https:\/\/stiftadmont.at\/?page_id=6492"},"modified":"2023-12-08T18:36:21","modified_gmt":"2023-12-08T16:36:21","slug":"ogenj-je-prekletstvo-in-blagoslov","status":"publish","type":"page","link":"https:\/\/stiftadmont.at\/sl\/museum\/ausstellungsrueckblick\/das-feuer-fluch-und-segen-zugleich\/","title":{"rendered":"Ogenj - prekletstvo in blagoslov"},"content":{"rendered":"<section id='lightpress__section--block_61547b7f9d340' class='lightpress__section--default-section-space lightpress__section lightpress__section--content'><div class=\"content__inner\"\n         x-init=\"initContentBlockAnim($el)\">\n        \n    <div class=\"content__grid content__grid\">\n                                            <div class=\"content__box content__box--one-hundred\"\n                 style=\"\">\n                                \n                \n                                            <div class=\"prose\"><h2 class=\"heading-xxl line line--gold\">Ogenj je hkrati prekletstvo in blagoslov, Bo\u017eji dar in kazen.<\/h2>\n<p class=\"paragraph-m\">Do konca 19. stoletja so bili ljudje prepu\u0161\u010deni na milost in nemilost ognju. Po\u017earni predpisi so prepre\u010dili marsikateri po\u017ear, \u0161tevilni pogumni pomo\u010dniki pa so manj\u0161e po\u017eare gasili z veri\u017enimi vedri in \u010drpalkami na ro\u010dni pogon. Vendar je proti po\u017earom pomagala le molitev. Za pomo\u010d so prosili Devico Marijo in \"po\u017earne svetnike\", kot so sveti Florijan, sveta Barbara in sveti Kri\u0161tof. \u0160tevilni odgovori na molitve, zapisani v \"Frauenber\u0161ki knjigi \u010dude\u017eev\", pri\u010dajo o zaupanju v Boga in nebe\u0161ki pripro\u0161nji.<\/p>\n<p class=\"paragraph-m\">Sodobna tehnologija, razvoj avtomobilizma in vera v napredek so vse bolj zaznamovali 19. stoletje. Ljudje so vzeli usodo v svoje roke. Leta 1851 je bilo v Reichstadtu na \u010ce\u0161kem ustanovljeno prvo prostovoljno gasilsko dru\u0161tvo v monarhiji, leta 1853 pa je bilo v Gradcu ustanovljeno prvo na \u0160tajerskem. Leta 1872 so bile v regiji ustanovljene gasilske brigade Liezen, Rottenmann in Aussee, leta 1873 pa \u0161e Admont in St.<\/p>\n<p class=\"paragraph-m\">Danes visoko zmogljiva tehnologija dolo\u010da za\u0161\u010dito pred po\u017earom. Najsodobnej\u0161a oprema, ki jo upravljajo visoko usposobljeni prostovoljci, pomaga pri ga\u0161enju po\u017earov. Sveti Florijan pa v vsaki gasilski postaji bdi nad svojimi \"u\u010denci Floriani\"...<\/p>\n<p class=\"paragraph-m\"><em>Winfried Schwab OSB, kulturni predstavnik samostana<\/em><\/p>\n<\/div>\n                    \n                            <\/div>\n        \n            <\/div>\n<\/div>\n\n<\/section>","protected":false},"excerpt":{"rendered":"","protected":false},"author":7,"featured_media":0,"parent":5864,"menu_order":1,"comment_status":"closed","ping_status":"closed","template":"","meta":{"_acf_changed":false,"footnotes":""},"categories":[73],"class_list":["post-6492","page","type-page","status-publish","hentry","category-ausstellungsrueckblick"],"acf":[],"yoast_head":"<!-- This site is optimized with the Yoast SEO Premium plugin v26.0 (Yoast SEO v26.8) - https:\/\/yoast.com\/product\/yoast-seo-premium-wordpress\/ -->\n<title>Das Feuer \u2013 Fluch und Segen zugleich - Stift Admont<\/title>\n<meta name=\"robots\" content=\"index, follow, max-snippet:-1, max-image-preview:large, max-video-preview:-1\" \/>\n<link rel=\"canonical\" href=\"https:\/\/stiftadmont.at\/sl\/muzej\/pregled-razstave\/ogenj-je-prekletstvo-in-blagoslov\/\" \/>\n<meta property=\"og:locale\" content=\"sl_SI\" \/>\n<meta property=\"og:type\" content=\"article\" \/>\n<meta property=\"og:title\" content=\"Das Feuer \u2013 Fluch und Segen zugleich\" \/>\n<meta property=\"og:url\" content=\"https:\/\/stiftadmont.at\/sl\/muzej\/pregled-razstave\/ogenj-je-prekletstvo-in-blagoslov\/\" \/>\n<meta property=\"og:site_name\" content=\"Stift Admont\" \/>\n<meta property=\"article:modified_time\" content=\"2023-12-08T16:36:21+00:00\" \/>\n<meta property=\"og:image\" content=\"https:\/\/stiftadmont.at\/wp-content\/uploads\/Klosteranlage-innen.jpg\" \/>\n\t<meta property=\"og:image:width\" content=\"1912\" \/>\n\t<meta property=\"og:image:height\" content=\"1188\" \/>\n\t<meta property=\"og:image:type\" content=\"image\/jpeg\" \/>\n<meta name=\"twitter:card\" content=\"summary_large_image\" \/>\n<script type=\"application\/ld+json\" class=\"yoast-schema-graph\">{\"@context\":\"https:\/\/schema.org\",\"@graph\":[{\"@type\":\"WebPage\",\"@id\":\"https:\/\/stiftadmont.at\/museum\/ausstellungsrueckblick\/das-feuer-fluch-und-segen-zugleich\/\",\"url\":\"https:\/\/stiftadmont.at\/museum\/ausstellungsrueckblick\/das-feuer-fluch-und-segen-zugleich\/\",\"name\":\"Das Feuer \u2013 Fluch und Segen zugleich - Stift Admont\",\"isPartOf\":{\"@id\":\"https:\/\/stiftadmont.at\/#website\"},\"datePublished\":\"2021-09-29T14:43:24+00:00\",\"dateModified\":\"2023-12-08T16:36:21+00:00\",\"breadcrumb\":{\"@id\":\"https:\/\/stiftadmont.at\/museum\/ausstellungsrueckblick\/das-feuer-fluch-und-segen-zugleich\/#breadcrumb\"},\"inLanguage\":\"sl-SI\",\"potentialAction\":[{\"@type\":\"ReadAction\",\"target\":[\"https:\/\/stiftadmont.at\/museum\/ausstellungsrueckblick\/das-feuer-fluch-und-segen-zugleich\/\"]}]},{\"@type\":\"BreadcrumbList\",\"@id\":\"https:\/\/stiftadmont.at\/museum\/ausstellungsrueckblick\/das-feuer-fluch-und-segen-zugleich\/#breadcrumb\",\"itemListElement\":[{\"@type\":\"ListItem\",\"position\":1,\"name\":\"Start\",\"item\":\"https:\/\/stiftadmont.at\/\"},{\"@type\":\"ListItem\",\"position\":2,\"name\":\"Museum Stift Admont\",\"item\":\"https:\/\/stiftadmont.at\/museum\/\"},{\"@type\":\"ListItem\",\"position\":3,\"name\":\"Ausstellungsr\u00fcckblick\",\"item\":\"https:\/\/stiftadmont.at\/museum\/ausstellungsrueckblick\/\"},{\"@type\":\"ListItem\",\"position\":4,\"name\":\"Das Feuer \u2013 Fluch und Segen zugleich\"}]},{\"@type\":\"WebSite\",\"@id\":\"https:\/\/stiftadmont.at\/#website\",\"url\":\"https:\/\/stiftadmont.at\/\",\"name\":\"Stift Admont\",\"description\":\"Benediktinerkloster und Sehensw\u00fcrdigkeit im Ges\u00e4use\",\"potentialAction\":[{\"@type\":\"SearchAction\",\"target\":{\"@type\":\"EntryPoint\",\"urlTemplate\":\"https:\/\/stiftadmont.at\/?s={search_term_string}\"},\"query-input\":{\"@type\":\"PropertyValueSpecification\",\"valueRequired\":true,\"valueName\":\"search_term_string\"}}],\"inLanguage\":\"sl-SI\"}]}<\/script>\n<!-- \/ Yoast SEO Premium plugin. -->","yoast_head_json":{"title":"Ogenj - prekletstvo in blagoslov - Admont Abbey","robots":{"index":"index","follow":"follow","max-snippet":"max-snippet:-1","max-image-preview":"max-image-preview:large","max-video-preview":"max-video-preview:-1"},"canonical":"https:\/\/stiftadmont.at\/sl\/muzej\/pregled-razstave\/ogenj-je-prekletstvo-in-blagoslov\/","og_locale":"sl_SI","og_type":"article","og_title":"Das Feuer \u2013 Fluch und Segen zugleich","og_url":"https:\/\/stiftadmont.at\/sl\/muzej\/pregled-razstave\/ogenj-je-prekletstvo-in-blagoslov\/","og_site_name":"Stift Admont","article_modified_time":"2023-12-08T16:36:21+00:00","og_image":[{"width":1912,"height":1188,"url":"https:\/\/stiftadmont.at\/wp-content\/uploads\/Klosteranlage-innen.jpg","type":"image\/jpeg"}],"twitter_card":"summary_large_image","schema":{"@context":"https:\/\/schema.org","@graph":[{"@type":"WebPage","@id":"https:\/\/stiftadmont.at\/museum\/ausstellungsrueckblick\/das-feuer-fluch-und-segen-zugleich\/","url":"https:\/\/stiftadmont.at\/museum\/ausstellungsrueckblick\/das-feuer-fluch-und-segen-zugleich\/","name":"Ogenj - prekletstvo in blagoslov - Admont Abbey","isPartOf":{"@id":"https:\/\/stiftadmont.at\/#website"},"datePublished":"2021-09-29T14:43:24+00:00","dateModified":"2023-12-08T16:36:21+00:00","breadcrumb":{"@id":"https:\/\/stiftadmont.at\/museum\/ausstellungsrueckblick\/das-feuer-fluch-und-segen-zugleich\/#breadcrumb"},"inLanguage":"sl-SI","potentialAction":[{"@type":"ReadAction","target":["https:\/\/stiftadmont.at\/museum\/ausstellungsrueckblick\/das-feuer-fluch-und-segen-zugleich\/"]}]},{"@type":"BreadcrumbList","@id":"https:\/\/stiftadmont.at\/museum\/ausstellungsrueckblick\/das-feuer-fluch-und-segen-zugleich\/#breadcrumb","itemListElement":[{"@type":"ListItem","position":1,"name":"Start","item":"https:\/\/stiftadmont.at\/"},{"@type":"ListItem","position":2,"name":"Museum Stift Admont","item":"https:\/\/stiftadmont.at\/museum\/"},{"@type":"ListItem","position":3,"name":"Ausstellungsr\u00fcckblick","item":"https:\/\/stiftadmont.at\/museum\/ausstellungsrueckblick\/"},{"@type":"ListItem","position":4,"name":"Das Feuer \u2013 Fluch und Segen zugleich"}]},{"@type":"WebSite","@id":"https:\/\/stiftadmont.at\/#website","url":"https:\/\/stiftadmont.at\/","name":"Opatija Admont","description":"Benediktinski samostan in turisti\u010dna znamenitost v Ges\u00e4use","potentialAction":[{"@type":"SearchAction","target":{"@type":"EntryPoint","urlTemplate":"https:\/\/stiftadmont.at\/?s={search_term_string}"},"query-input":{"@type":"PropertyValueSpecification","valueRequired":true,"valueName":"search_term_string"}}],"inLanguage":"sl-SI"}]}},"_links":{"self":[{"href":"https:\/\/stiftadmont.at\/sl\/wp-json\/wp\/v2\/pages\/6492","targetHints":{"allow":["GET"]}}],"collection":[{"href":"https:\/\/stiftadmont.at\/sl\/wp-json\/wp\/v2\/pages"}],"about":[{"href":"https:\/\/stiftadmont.at\/sl\/wp-json\/wp\/v2\/types\/page"}],"author":[{"embeddable":true,"href":"https:\/\/stiftadmont.at\/sl\/wp-json\/wp\/v2\/users\/7"}],"replies":[{"embeddable":true,"href":"https:\/\/stiftadmont.at\/sl\/wp-json\/wp\/v2\/comments?post=6492"}],"version-history":[{"count":15,"href":"https:\/\/stiftadmont.at\/sl\/wp-json\/wp\/v2\/pages\/6492\/revisions"}],"predecessor-version":[{"id":24213,"href":"https:\/\/stiftadmont.at\/sl\/wp-json\/wp\/v2\/pages\/6492\/revisions\/24213"}],"up":[{"embeddable":true,"href":"https:\/\/stiftadmont.at\/sl\/wp-json\/wp\/v2\/pages\/5864"}],"wp:attachment":[{"href":"https:\/\/stiftadmont.at\/sl\/wp-json\/wp\/v2\/media?parent=6492"}],"wp:term":[{"taxonomy":"category","embeddable":true,"href":"https:\/\/stiftadmont.at\/sl\/wp-json\/wp\/v2\/categories?post=6492"}],"curies":[{"name":"wp","href":"https:\/\/api.w.org\/{rel}","templated":true}]}}