{"id":988,"date":"2021-07-20T15:09:17","date_gmt":"2021-07-20T13:09:17","guid":{"rendered":"https:\/\/stiftadmont.at\/?page_id=988"},"modified":"2022-03-29T11:10:00","modified_gmt":"2022-03-29T09:10:00","slug":"covid-19-zascitni-ukrepi","status":"publish","type":"page","link":"https:\/\/stiftadmont.at\/sl\/eintrittspreise-2\/covid-19-schutzmassnahmen\/","title":{"rendered":"Covid-19 za\u0161\u010ditni ukrepi"},"content":{"rendered":"<section id='lightpress__section--block_60f6caf7c5a5e' class='lightpress__section--default-section-space lightpress__section lightpress__section--content'><div class=\"content__inner\"\n         x-init=\"initContentBlockAnim($el)\">\n        \n    <div class=\"content__grid content__grid--fifty-fifty\">\n                                            <div class=\"content__box content__box\"\n                 style=\"\">\n                                \n                \n                                            <div class=\"prose\"><h2 class=\"heading-xxl line line--gold text-left\">Knji\u017enica in muzej<\/h2>\n<p class=\"paragraph-m\">Dragi obiskovalci na\u0161ega muzeja!<\/p>\n<p class=\"paragraph-m\">Pozivamo vas k odgovornosti in vas prosimo, da upo\u0161tevate za\u0161\u010ditne ukrepe Covid-19 v zaprtih prostorih. Upo\u0161tevajte navodila na\u0161ega osebja. Upo\u0161tevajte, da zaradi trenutnih pravnih razmer NE ponujamo ve\u010d skupinskih ogledov! Prosimo vas za razumevanje.<\/p>\n<p class=\"paragraph-m\">Da bi zagotovili spo\u0161tljivo interakcijo v muzeju, upo\u0161tevajte naslednje varnostne in higienske ukrepe.<\/p>\n<\/div>\n                    \n                            <\/div>\n        \n                                                    <div class=\"content__box content__box--2\"\n                     >\n                                        \n                    \n                                                <div class=\"content__media stickyTo\" x-init=\"imageSticky($el)\">\n\n                                                                                    <picture\n                                    class=\"content__image sticky\">\n                                <source srcset=\"https:\/\/stiftadmont.at\/wp-content\/uploads\/001_Stift-Admont_c_StefanLeitner_LEI7421-1920p50-e1633008713123-1024x1010.webp\" type=\"image\/webp\">\n                                <source srcset=\"https:\/\/stiftadmont.at\/wp-content\/uploads\/001_Stift-Admont_c_StefanLeitner_LEI7421-1920p50-e1633008713123-1024x1010.jpg\" type=\"image\/jpeg\">\n                                <img decoding=\"async\" class=\"sticky\" loading=\"lazy\" src=\"https:\/\/stiftadmont.at\/wp-content\/uploads\/001_Stift-Admont_c_StefanLeitner_LEI7421-1920p50-e1633008713123-1024x1010.jpg\" alt=\"001 Opatija Admont c StefanLeitner LEI7421 1920p50 e1633008713123\" \/>\n\n                                                                                                                            <\/picture>\n\n                        <\/div>\n\n                                    <\/div>\n            \n            <\/div>\n<\/div>\n\n<\/section>\n\n<section id='lightpress__section--block_60f6cefd4fe36' class='lightpress__section--default-section-space lightpress__section lightpress__section--content'><div class=\"content__inner\"\n         x-init=\"initContentBlockAnim($el)\">\n        \n    <div class=\"content__grid content__grid--fifty-fifty\">\n                                            <div class=\"content__box content__box\"\n                 style=\"margin-top: -5em;\">\n                                \n                \n                                        <div class=\"content__media stickyTo\" x-init=\"imageSticky($el)\">\n\n                                                                                                <picture\n                                class=\"content__image sticky\">\n                            <source srcset=\"https:\/\/stiftadmont.at\/wp-content\/uploads\/Massnahme-1.jpg\"\n                                    type=\"image\/webp\">\n                            <source srcset=\"https:\/\/stiftadmont.at\/wp-content\/uploads\/Massnahme-1.jpg\"\n                                    type=\"image\/jpeg\">\n                            <img decoding=\"async\" loading=\"lazy\" src=\"https:\/\/stiftadmont.at\/wp-content\/uploads\/Massnahme-1.jpg\" alt=\"Ukrep 1\" width=\"600\" height=\"450\" \/>\n                                                                                                            <\/picture>\n\n                    <\/div>\n\n                            <\/div>\n        \n                                                    <div class=\"content__box content__box--2\"\n                     style=\"margin-top: -5em\">\n                                        \n                    \n                                                    <div class=\"prose\"><p>\u00a0<\/p>\n<p>\u00a0<\/p>\n<p>\u00a0<\/p>\n<p>\u00a0<\/p>\n<p class=\"paragraph-m\">Bodite oddaljeni vsaj 2 metra in se ne zdru\u017eujte v skupine.<\/p>\n<\/div>\n                        \n                                    <\/div>\n            \n            <\/div>\n<\/div>\n\n<\/section>\n\n<section id='lightpress__section--block_60f6cfa04fe37' class='lightpress__section--default-section-space lightpress__section lightpress__section--content'><div class=\"content__inner\"\n         x-init=\"initContentBlockAnim($el)\">\n        \n    <div class=\"content__grid content__grid--fifty-fifty\">\n                                            <div class=\"content__box content__box\"\n                 style=\"margin-top: -5em;\">\n                                \n                \n                                        <div class=\"content__media stickyTo\" x-init=\"imageSticky($el)\">\n\n                                                                                                <picture\n                                class=\"content__image sticky\">\n                            <source srcset=\"https:\/\/stiftadmont.at\/wp-content\/uploads\/Massnahme-2.jpg\"\n                                    type=\"image\/webp\">\n                            <source srcset=\"https:\/\/stiftadmont.at\/wp-content\/uploads\/Massnahme-2.jpg\"\n                                    type=\"image\/jpeg\">\n                            <img decoding=\"async\" loading=\"lazy\" src=\"https:\/\/stiftadmont.at\/wp-content\/uploads\/Massnahme-2.jpg\" alt=\"Ukrep 2\" width=\"600\" height=\"450\" \/>\n                                                                                                            <\/picture>\n\n                    <\/div>\n\n                            <\/div>\n        \n                                                    <div class=\"content__box content__box--2\"\n                     style=\"margin-top: -5em\">\n                                        \n                    \n                                                    <div class=\"prose\"><p>\u00a0<\/p>\n<p>\u00a0<\/p>\n<p>\u00a0<\/p>\n<p class=\"paragraph-m\">Maske (za\u0161\u010dita ust in nosu) so v muzeju obvezne! S seboj prinesite svojo masko ali jo kupite pri blagajni.<\/p>\n<\/div>\n                        \n                                    <\/div>\n            \n            <\/div>\n<\/div>\n\n<\/section>\n\n<section id='lightpress__section--block_60f6cff14fe39' class='lightpress__section--default-section-space lightpress__section lightpress__section--content'><div class=\"content__inner\"\n         x-init=\"initContentBlockAnim($el)\">\n        \n    <div class=\"content__grid content__grid--fifty-fifty\">\n                                            <div class=\"content__box content__box\"\n                 style=\"margin-top: -5em;\">\n                                \n                \n                                        <div class=\"content__media stickyTo\" x-init=\"imageSticky($el)\">\n\n                                                                                                <picture\n                                class=\"content__image sticky\">\n                            <source srcset=\"https:\/\/stiftadmont.at\/wp-content\/uploads\/Massnahme-3.jpg\"\n                                    type=\"image\/webp\">\n                            <source srcset=\"https:\/\/stiftadmont.at\/wp-content\/uploads\/Massnahme-3.jpg\"\n                                    type=\"image\/jpeg\">\n                            <img decoding=\"async\" loading=\"lazy\" src=\"https:\/\/stiftadmont.at\/wp-content\/uploads\/Massnahme-3.jpg\" alt=\"Ukrep 3\" width=\"600\" height=\"450\" \/>\n                                                                                                            <\/picture>\n\n                    <\/div>\n\n                            <\/div>\n        \n                                                    <div class=\"content__box content__box--2\"\n                     >\n                                        \n                    \n                                                    <div class=\"prose\"><p>\u00a0<\/p>\n<p>\u00a0<\/p>\n<p>\u00a0<\/p>\n<p>\u00a0<\/p>\n<p class=\"paragraph-m\">Umijte in razku\u017eite roke.<\/p>\n<\/div>\n                        \n                                    <\/div>\n            \n            <\/div>\n<\/div>\n\n<\/section>\n\n<section id='lightpress__section--block_60f6d0174fe3a' class='lightpress__section--default-section-space lightpress__section lightpress__section--content'><div class=\"content__inner\"\n         x-init=\"initContentBlockAnim($el)\">\n        \n    <div class=\"content__grid content__grid--fifty-fifty\">\n                                            <div class=\"content__box content__box\"\n                 style=\"margin-top: -5em;\">\n                                \n                \n                                        <div class=\"content__media stickyTo\" x-init=\"imageSticky($el)\">\n\n                                                                                                <picture\n                                class=\"content__image sticky\">\n                            <source srcset=\"https:\/\/stiftadmont.at\/wp-content\/uploads\/Massnahme-4.jpg\"\n                                    type=\"image\/webp\">\n                            <source srcset=\"https:\/\/stiftadmont.at\/wp-content\/uploads\/Massnahme-4.jpg\"\n                                    type=\"image\/jpeg\">\n                            <img decoding=\"async\" loading=\"lazy\" src=\"https:\/\/stiftadmont.at\/wp-content\/uploads\/Massnahme-4.jpg\" alt=\"Ukrep 4\" width=\"600\" height=\"450\" \/>\n                                                                                                            <\/picture>\n\n                    <\/div>\n\n                            <\/div>\n        \n                                                    <div class=\"content__box content__box--2\"\n                     style=\"margin-top: -5em\">\n                                        \n                    \n                                                    <div class=\"prose\"><p>\u00a0<\/p>\n<p>\u00a0<\/p>\n<p>\u00a0<\/p>\n<p>\u00a0<\/p>\n<p class=\"paragraph-m\">Prinesite svoje slu\u0161alke za uporabo na\u0161ih avdio vodnikov in svoj pametni telefon za cultour.digital<\/p>\n<\/div>\n                        \n                                    <\/div>\n            \n            <\/div>\n<\/div>\n\n<\/section>\n\n<section id='lightpress__section--block_60f6d0594fe3b' class='lightpress__section--default-section-space lightpress__section lightpress__section--content'><div class=\"content__inner\"\n         x-init=\"initContentBlockAnim($el)\">\n        \n    <div class=\"content__grid content__grid--fifty-fifty\">\n                                            <div class=\"content__box content__box\"\n                 style=\"margin-top: -5em;\">\n                                \n                \n                                        <div class=\"content__media stickyTo\" x-init=\"imageSticky($el)\">\n\n                                                                                                <picture\n                                class=\"content__image sticky\">\n                            <source srcset=\"https:\/\/stiftadmont.at\/wp-content\/uploads\/Massnahme-5.jpg\"\n                                    type=\"image\/webp\">\n                            <source srcset=\"https:\/\/stiftadmont.at\/wp-content\/uploads\/Massnahme-5.jpg\"\n                                    type=\"image\/jpeg\">\n                            <img decoding=\"async\" loading=\"lazy\" src=\"https:\/\/stiftadmont.at\/wp-content\/uploads\/Massnahme-5.jpg\" alt=\"Ukrep 5\" width=\"600\" height=\"450\" \/>\n                                                                                                            <\/picture>\n\n                    <\/div>\n\n                            <\/div>\n        \n                                                    <div class=\"content__box content__box--2\"\n                     style=\"margin-top: -5em\">\n                                        \n                    \n                                                    <div class=\"prose\"><p>\u00a0<\/p>\n<p>\u00a0<\/p>\n<p>\u00a0<\/p>\n<p>\u00a0<\/p>\n<p class=\"paragraph-m\">Brezgotovinsko pla\u010devanje vozovnic<\/p>\n<div class=\"info\">\n<p>\u00a0<\/p>\n<\/div>\n<\/div>\n                        \n                                    <\/div>\n            \n            <\/div>\n<\/div>\n\n<\/section>\n\n<section id='lightpress__section--block_60f6d0874fe3c' class='lightpress__section--default-section-space lightpress__section lightpress__section--content'><div class=\"content__inner\"\n         x-init=\"initContentBlockAnim($el)\">\n        \n    <div class=\"content__grid content__grid\">\n                                            <div class=\"content__box content__box--one-hundred\"\n                 style=\"margin-top: -5em;\">\n                                \n                \n                                            <div class=\"prose\"><div class=\"info info--info\">\n<p>Z nakupom vstopnice potrjujete na\u0161e za\u0161\u010ditne ukrepe. Ve\u010d informacij lahko dobite pri na\u0161em osebju na blagajni.<\/p>\n<p><a class=\"admont-button admont-button--secondary\" href=\"\/wp-content\/uploads\/STIFT_Tafel_Ma_nahmen_Museum_Covid-19-1.pdf\" target=\"_blank\" rel=\"noopener\">Prenesite za\u0161\u010ditne ukrepe Covid-19<\/a><\/p>\n<\/div>\n<\/div>\n                    \n                            <\/div>\n        \n            <\/div>\n<\/div>\n\n<\/section>","protected":false},"excerpt":{"rendered":"","protected":false},"author":7,"featured_media":0,"parent":448,"menu_order":2,"comment_status":"closed","ping_status":"closed","template":"","meta":{"_acf_changed":false,"footnotes":""},"categories":[],"class_list":["post-988","page","type-page","status-publish","hentry"],"acf":[],"yoast_head":"<!-- This site is optimized with the Yoast SEO Premium plugin v26.0 (Yoast SEO v26.8) - https:\/\/yoast.com\/product\/yoast-seo-premium-wordpress\/ -->\n<title>Covid-19 Schutzma\u00dfnahmen - Stift Admont<\/title>\n<meta name=\"robots\" content=\"index, follow, max-snippet:-1, max-image-preview:large, max-video-preview:-1\" \/>\n<link rel=\"canonical\" href=\"https:\/\/stiftadmont.at\/sl\/cene-vstopnic-2\/covid-19-zascitni-ukrepi\/\" \/>\n<meta property=\"og:locale\" content=\"sl_SI\" \/>\n<meta property=\"og:type\" content=\"article\" \/>\n<meta property=\"og:title\" content=\"Covid-19 Schutzma\u00dfnahmen\" \/>\n<meta property=\"og:url\" content=\"https:\/\/stiftadmont.at\/sl\/cene-vstopnic-2\/covid-19-zascitni-ukrepi\/\" \/>\n<meta property=\"og:site_name\" content=\"Stift Admont\" \/>\n<meta property=\"article:modified_time\" content=\"2022-03-29T09:10:00+00:00\" \/>\n<meta property=\"og:image\" content=\"https:\/\/stiftadmont.at\/wp-content\/uploads\/Klosteranlage-innen.jpg\" \/>\n\t<meta property=\"og:image:width\" content=\"1912\" \/>\n\t<meta property=\"og:image:height\" content=\"1188\" \/>\n\t<meta property=\"og:image:type\" content=\"image\/jpeg\" \/>\n<meta name=\"twitter:card\" content=\"summary_large_image\" \/>\n<script type=\"application\/ld+json\" class=\"yoast-schema-graph\">{\"@context\":\"https:\/\/schema.org\",\"@graph\":[{\"@type\":\"WebPage\",\"@id\":\"https:\/\/stiftadmont.at\/eintrittspreise-2\/covid-19-schutzmassnahmen\/\",\"url\":\"https:\/\/stiftadmont.at\/eintrittspreise-2\/covid-19-schutzmassnahmen\/\",\"name\":\"Covid-19 Schutzma\u00dfnahmen - Stift Admont\",\"isPartOf\":{\"@id\":\"https:\/\/stiftadmont.at\/#website\"},\"datePublished\":\"2021-07-20T13:09:17+00:00\",\"dateModified\":\"2022-03-29T09:10:00+00:00\",\"breadcrumb\":{\"@id\":\"https:\/\/stiftadmont.at\/eintrittspreise-2\/covid-19-schutzmassnahmen\/#breadcrumb\"},\"inLanguage\":\"sl-SI\",\"potentialAction\":[{\"@type\":\"ReadAction\",\"target\":[\"https:\/\/stiftadmont.at\/eintrittspreise-2\/covid-19-schutzmassnahmen\/\"]}]},{\"@type\":\"BreadcrumbList\",\"@id\":\"https:\/\/stiftadmont.at\/eintrittspreise-2\/covid-19-schutzmassnahmen\/#breadcrumb\",\"itemListElement\":[{\"@type\":\"ListItem\",\"position\":1,\"name\":\"Start\",\"item\":\"https:\/\/stiftadmont.at\/\"},{\"@type\":\"ListItem\",\"position\":2,\"name\":\"Eintrittspreise\",\"item\":\"https:\/\/stiftadmont.at\/eintrittspreise-2\/\"},{\"@type\":\"ListItem\",\"position\":3,\"name\":\"Covid-19 Schutzma\u00dfnahmen\"}]},{\"@type\":\"WebSite\",\"@id\":\"https:\/\/stiftadmont.at\/#website\",\"url\":\"https:\/\/stiftadmont.at\/\",\"name\":\"Stift Admont\",\"description\":\"Benediktinerkloster und Sehensw\u00fcrdigkeit im Ges\u00e4use\",\"potentialAction\":[{\"@type\":\"SearchAction\",\"target\":{\"@type\":\"EntryPoint\",\"urlTemplate\":\"https:\/\/stiftadmont.at\/?s={search_term_string}\"},\"query-input\":{\"@type\":\"PropertyValueSpecification\",\"valueRequired\":true,\"valueName\":\"search_term_string\"}}],\"inLanguage\":\"sl-SI\"}]}<\/script>\n<!-- \/ Yoast SEO Premium plugin. -->","yoast_head_json":{"title":"Covid-19 za\u0161\u010ditni ukrepi - Admont Abbey","robots":{"index":"index","follow":"follow","max-snippet":"max-snippet:-1","max-image-preview":"max-image-preview:large","max-video-preview":"max-video-preview:-1"},"canonical":"https:\/\/stiftadmont.at\/sl\/cene-vstopnic-2\/covid-19-zascitni-ukrepi\/","og_locale":"sl_SI","og_type":"article","og_title":"Covid-19 Schutzma\u00dfnahmen","og_url":"https:\/\/stiftadmont.at\/sl\/cene-vstopnic-2\/covid-19-zascitni-ukrepi\/","og_site_name":"Stift Admont","article_modified_time":"2022-03-29T09:10:00+00:00","og_image":[{"width":1912,"height":1188,"url":"https:\/\/stiftadmont.at\/wp-content\/uploads\/Klosteranlage-innen.jpg","type":"image\/jpeg"}],"twitter_card":"summary_large_image","schema":{"@context":"https:\/\/schema.org","@graph":[{"@type":"WebPage","@id":"https:\/\/stiftadmont.at\/eintrittspreise-2\/covid-19-schutzmassnahmen\/","url":"https:\/\/stiftadmont.at\/eintrittspreise-2\/covid-19-schutzmassnahmen\/","name":"Covid-19 za\u0161\u010ditni ukrepi - Admont Abbey","isPartOf":{"@id":"https:\/\/stiftadmont.at\/#website"},"datePublished":"2021-07-20T13:09:17+00:00","dateModified":"2022-03-29T09:10:00+00:00","breadcrumb":{"@id":"https:\/\/stiftadmont.at\/eintrittspreise-2\/covid-19-schutzmassnahmen\/#breadcrumb"},"inLanguage":"sl-SI","potentialAction":[{"@type":"ReadAction","target":["https:\/\/stiftadmont.at\/eintrittspreise-2\/covid-19-schutzmassnahmen\/"]}]},{"@type":"BreadcrumbList","@id":"https:\/\/stiftadmont.at\/eintrittspreise-2\/covid-19-schutzmassnahmen\/#breadcrumb","itemListElement":[{"@type":"ListItem","position":1,"name":"Start","item":"https:\/\/stiftadmont.at\/"},{"@type":"ListItem","position":2,"name":"Eintrittspreise","item":"https:\/\/stiftadmont.at\/eintrittspreise-2\/"},{"@type":"ListItem","position":3,"name":"Covid-19 Schutzma\u00dfnahmen"}]},{"@type":"WebSite","@id":"https:\/\/stiftadmont.at\/#website","url":"https:\/\/stiftadmont.at\/","name":"Opatija Admont","description":"Benediktinski samostan in turisti\u010dna znamenitost v Ges\u00e4use","potentialAction":[{"@type":"SearchAction","target":{"@type":"EntryPoint","urlTemplate":"https:\/\/stiftadmont.at\/?s={search_term_string}"},"query-input":{"@type":"PropertyValueSpecification","valueRequired":true,"valueName":"search_term_string"}}],"inLanguage":"sl-SI"}]}},"_links":{"self":[{"href":"https:\/\/stiftadmont.at\/sl\/wp-json\/wp\/v2\/pages\/988","targetHints":{"allow":["GET"]}}],"collection":[{"href":"https:\/\/stiftadmont.at\/sl\/wp-json\/wp\/v2\/pages"}],"about":[{"href":"https:\/\/stiftadmont.at\/sl\/wp-json\/wp\/v2\/types\/page"}],"author":[{"embeddable":true,"href":"https:\/\/stiftadmont.at\/sl\/wp-json\/wp\/v2\/users\/7"}],"replies":[{"embeddable":true,"href":"https:\/\/stiftadmont.at\/sl\/wp-json\/wp\/v2\/comments?post=988"}],"version-history":[{"count":55,"href":"https:\/\/stiftadmont.at\/sl\/wp-json\/wp\/v2\/pages\/988\/revisions"}],"predecessor-version":[{"id":6674,"href":"https:\/\/stiftadmont.at\/sl\/wp-json\/wp\/v2\/pages\/988\/revisions\/6674"}],"up":[{"embeddable":true,"href":"https:\/\/stiftadmont.at\/sl\/wp-json\/wp\/v2\/pages\/448"}],"wp:attachment":[{"href":"https:\/\/stiftadmont.at\/sl\/wp-json\/wp\/v2\/media?parent=988"}],"wp:term":[{"taxonomy":"category","embeddable":true,"href":"https:\/\/stiftadmont.at\/sl\/wp-json\/wp\/v2\/categories?post=988"}],"curies":[{"name":"wp","href":"https:\/\/api.w.org\/{rel}","templated":true}]}}