{"id":12827,"date":"2022-06-09T08:59:14","date_gmt":"2022-06-09T06:59:14","guid":{"rendered":"https:\/\/stiftadmont.at\/?page_id=12827"},"modified":"2026-03-17T12:18:01","modified_gmt":"2026-03-17T10:18:01","slug":"%e8%bf%90%e8%90%a5","status":"publish","type":"page","link":"https:\/\/stiftadmont.at\/zh\/wirtschaftsdirektion\/betriebe\/","title":{"rendered":"\u516c\u53f8"},"content":{"rendered":"<section id='lightpress__section--block_7ac6ab53e0a276a998a06938116df122' class='align-center lightpress__section--default-section-space lightpress__section lightpress__section--headline'><div class=\"headline__container\">\n            <h2 class=\"headline text--40 text-medium line line--gold line-above line-middle\">\u4f5c\u4e3a\u7ecf\u6d4e\u5f15\u64ce\u7684\u963f\u5fb7\u8499\u7279\u4fee\u9053\u9662<\/h2>\n        <p class=\"text-center text-gold text--20 text-medium text--uppercase\">\u6211\u4eec\u4ee5\u53ef\u6301\u7eed\u3001\u8d1f\u8d23\u4efb\u548c\u7740\u773c\u4e8e\u672a\u6765\u7684\u65b9\u5f0f\uff0c\u4e3a\u5c65\u884c\u6211\u4eec\u4fc3\u8fdb \"\u5b97\u6559\u3001\u6587\u5316\u548c\u7269\u8d28\u751f\u6d3b \"\u7684\u4f7f\u547d\u5960\u5b9a\u57fa\u7840\u3002<\/p>\n        <div class=\"spacer--40\"><\/div>\n<\/div>\n\n<\/section>\n\n<section id='lightpress__section--block_2d3641fad2a9c0a7b8632f54a3817a61' class='lightpress__section--more-links--950 lightpress__section--full-width lightpress__section--default-section-space lightpress__section lightpress__section--more-links'><div class=\"more\" x-init=\"initMoreLinksBlockAnim($el)\">\n            <style>\n            #lightpress__section--block_2d3641fad2a9c0a7b8632f54a3817a61 .more {\n                --entry-width: calc(100% \/ 4 - var(--grid-gap) * 4);\n                grid-template-columns: repeat(auto-fit, minmax(max(var(--entry-width),50rem), 1fr));\n            }\n        <\/style>\n    \n                    <a class=\"more__link\" href=\"https:\/\/stiftadmont.at\/zh\/admonter-holzindustrie-ag\/\">\n            <div class=\"more__media\">\n                                    <picture class=\"more__image\">\n                        <source srcset=\"https:\/\/stiftadmont.at\/wp-content\/uploads\/Admonter-STAIRs_Eiche-weiss-noblesse_Architektenhaus-Muenchen-Deutschland-\u00a9-Admonter-1024x767.webp\" type=\"image\/webp\">\n                        <source srcset=\"https:\/\/stiftadmont.at\/wp-content\/uploads\/Admonter-STAIRs_Eiche-weiss-noblesse_Architektenhaus-Muenchen-Deutschland-\u00a9-Admonter-1024x767.jpg\" type=\"image\/jpeg\">\n                        <img decoding=\"async\" loading=\"lazy\" src=\"https:\/\/stiftadmont.at\/wp-content\/uploads\/Admonter-STAIRs_Eiche-weiss-noblesse_Architektenhaus-Muenchen-Deutschland-\u00a9-Admonter-1024x767.jpg\" alt=\"Admonter STAIRs oak white noblesse architect&#039;s house Munich Germany \u00a9 Admonter\" \/>\n                    <\/picture>\n                            <\/div>\n            <div class=\"more__content\">\n                <div class=\"more__title--container\">\n                                            \n                                                                            \n                        <p class=\"text-bold text-white text--serif text--26\">Admonter AG<\/p>\n                                                            <\/div>\n                                    <div class=\"more__cta\">\n                        <i class=\"fa-thin fa-chevron-right\"><\/i>\n                    <\/div>\n                            <\/div>\n        <\/a>\n                    <a class=\"more__link\" href=\"https:\/\/stiftadmont.at\/zh\/envesta-gmbh\/\">\n            <div class=\"more__media\">\n                                    <picture class=\"more__image\">\n                        <source srcset=\"https:\/\/stiftadmont.at\/wp-content\/uploads\/15_Envesto\u00a9StefanLeitner-1024x768.webp\" type=\"image\/webp\">\n                        <source srcset=\"https:\/\/stiftadmont.at\/wp-content\/uploads\/15_Envesto\u00a9StefanLeitner-1024x768.jpg\" type=\"image\/jpeg\">\n                        <img decoding=\"async\" loading=\"lazy\" src=\"https:\/\/stiftadmont.at\/wp-content\/uploads\/15_Envesto\u00a9StefanLeitner-1024x768.jpg\"\n                             alt=\"15 Envesto\u00a9StefanLeitner \u6309\u6bd4\u4f8b\u7f29\u653e\" >\n                    <\/picture>\n                            <\/div>\n            <div class=\"more__content\">\n                <div class=\"more__title--container\">\n                                            \n                                                                            \n                        <p class=\"text-bold text-white text--serif text--26\">ENVESTA GmbH<\/p>\n                                                            <\/div>\n                                    <div class=\"more__cta\">\n                        <i class=\"fa-thin fa-chevron-right\"><\/i>\n                    <\/div>\n                            <\/div>\n        <\/a>\n                    <a class=\"more__link\" href=\"https:\/\/stiftadmont.at\/zh\/stia-immo-gmbh\/\">\n            <div class=\"more__media\">\n                                    <picture class=\"more__image\">\n                        <source srcset=\"https:\/\/stiftadmont.at\/wp-content\/uploads\/Stia_Immo_\u00a9Thomas-Sattler-e1634723358650-1024x683.webp\" type=\"image\/webp\">\n                        <source srcset=\"https:\/\/stiftadmont.at\/wp-content\/uploads\/Stia_Immo_\u00a9Thomas-Sattler-e1634723358650-1024x683.jpg\" type=\"image\/jpeg\">\n                        <img decoding=\"async\" loading=\"lazy\" src=\"https:\/\/stiftadmont.at\/wp-content\/uploads\/Stia_Immo_\u00a9Thomas-Sattler-e1634723358650-1024x683.jpg\" alt=\"Stia Immo \u00a9Thomas Sattler e1634723358650\" \/>\n                    <\/picture>\n                            <\/div>\n            <div class=\"more__content\">\n                <div class=\"more__title--container\">\n                                            \n                                                                            \n                        <p class=\"text-bold text-white text--serif text--26\">STIA Immo GmbH<\/p>\n                                                            <\/div>\n                                    <div class=\"more__cta\">\n                        <i class=\"fa-thin fa-chevron-right\"><\/i>\n                    <\/div>\n                            <\/div>\n        <\/a>\n                    <a class=\"more__link\" href=\"https:\/\/stiftadmont.at\/zh\/dveri-pax-%e9%85%92%e5%ba%84\/\">\n            <div class=\"more__media\">\n                                    <picture class=\"more__image\">\n                        <source srcset=\"https:\/\/stiftadmont.at\/wp-content\/uploads\/01_Dveri_Pax\u00a9StefanLeitner-1-e1648802368796-1024x624.webp\" type=\"image\/webp\">\n                        <source srcset=\"https:\/\/stiftadmont.at\/wp-content\/uploads\/01_Dveri_Pax\u00a9StefanLeitner-1-e1648802368796-1024x624.jpg\" type=\"image\/jpeg\">\n                        <img decoding=\"async\" loading=\"lazy\" src=\"https:\/\/stiftadmont.at\/wp-content\/uploads\/01_Dveri_Pax\u00a9StefanLeitner-1-e1648802368796-1024x624.jpg\" alt=\"01 Dveri Pax\u00a9StefanLeitner 1 e1648802368796\" \/>\n                    <\/picture>\n                            <\/div>\n            <div class=\"more__content\">\n                <div class=\"more__title--container\">\n                                            \n                                                                            \n                        <p class=\"text-bold text-white text--serif text--26\">DVERI PAX \u9152\u5e84<\/p>\n                                                            <\/div>\n                                    <div class=\"more__cta\">\n                        <i class=\"fa-thin fa-chevron-right\"><\/i>\n                    <\/div>\n                            <\/div>\n        <\/a>\n                    <a class=\"more__link\" href=\"https:\/\/stiftadmont.at\/zh\/%e6%9e%97%e4%b8%9a%e4%bd%9c%e4%b8%9a\/\">\n            <div class=\"more__media\">\n                                    <picture class=\"more__image\">\n                        <source srcset=\"https:\/\/stiftadmont.at\/wp-content\/uploads\/029_Forst_Jagd_Stift_Admont\u00a9StefanLeitner-e1648799754339-1024x683.webp\" type=\"image\/webp\">\n                        <source srcset=\"https:\/\/stiftadmont.at\/wp-content\/uploads\/029_Forst_Jagd_Stift_Admont\u00a9StefanLeitner-e1648799754339-1024x683.jpg\" type=\"image\/jpeg\">\n                        <img decoding=\"async\" loading=\"lazy\" src=\"https:\/\/stiftadmont.at\/wp-content\/uploads\/029_Forst_Jagd_Stift_Admont\u00a9StefanLeitner-e1648799754339-1024x683.jpg\" alt=\"\u963f\u5fb7\u8499\u7279\u4fee\u9053\u9662 - \u68ee\u6797\u72e9\u730e \u00a9 Stefan Leitner\" \/>\n                    <\/picture>\n                            <\/div>\n            <div class=\"more__content\">\n                <div class=\"more__title--container\">\n                                            \n                                                                            \n                        <p class=\"text-bold text-white text--serif text--26\">\u6797\u4e1a\u6d3b\u52a8<\/p>\n                                                            <\/div>\n                                    <div class=\"more__cta\">\n                        <i class=\"fa-thin fa-chevron-right\"><\/i>\n                    <\/div>\n                            <\/div>\n        <\/a>\n                    <a class=\"more__link\" href=\"https:\/\/stiftadmont.at\/zh\/%e8%8a%b1%e9%85%92%e4%bf%ae%e9%81%93%e9%99%a2\/\">\n            <div class=\"more__media\">\n                                    <picture class=\"more__image\">\n                        <source srcset=\"https:\/\/stiftadmont.at\/wp-content\/uploads\/150-20231110-Eroeffnung-Blumenhaus-196-1024x683.webp\" type=\"image\/webp\">\n                        <source srcset=\"https:\/\/stiftadmont.at\/wp-content\/uploads\/150-20231110-Eroeffnung-Blumenhaus-196-1024x683.jpg\" type=\"image\/jpeg\">\n                        <img decoding=\"async\" loading=\"lazy\" src=\"https:\/\/stiftadmont.at\/wp-content\/uploads\/150-20231110-Eroeffnung-Blumenhaus-196-1024x683.jpg\"\n                             alt=\"150 20231110 \u5f00\u529e\u82b1\u5e97 196\" >\n                    <\/picture>\n                            <\/div>\n            <div class=\"more__content\">\n                <div class=\"more__title--container\">\n                                            \n                                                                            \n                        <p class=\"text-bold text-white text--serif text--26\">\u4fee\u9053\u9662\u82d7\u5703\u7684\u9c9c\u82b1\u548c\u7f8e\u9152<\/p>\n                                                            <\/div>\n                                    <div class=\"more__cta\">\n                        <i class=\"fa-thin fa-chevron-right\"><\/i>\n                    <\/div>\n                            <\/div>\n        <\/a>\n                    <a class=\"more__link\" href=\"https:\/\/stiftadmont.at\/zh\/%e5%87%af%e6%b3%bd%e5%8a%b3%e5%ae%b6%e5%ba%ad%e4%b9%90%e5%9b%ad\/\">\n            <div class=\"more__media\">\n                                    <picture class=\"more__image\">\n                        <source srcset=\"https:\/\/stiftadmont.at\/wp-content\/uploads\/Kaiserau\u00a9StefanLeitner_015-1024x683.webp\" type=\"image\/webp\">\n                        <source srcset=\"https:\/\/stiftadmont.at\/wp-content\/uploads\/Kaiserau\u00a9StefanLeitner_015-1024x683.jpg\" type=\"image\/jpeg\">\n                        <img decoding=\"async\" loading=\"lazy\" src=\"https:\/\/stiftadmont.at\/wp-content\/uploads\/Kaiserau\u00a9StefanLeitner_015-1024x683.jpg\"\n                             alt=\"Kaiserau\u00a9StefanLeitner 015 \u6bd4\u4f8b\" >\n                    <\/picture>\n                            <\/div>\n            <div class=\"more__content\">\n                <div class=\"more__title--container\">\n                                            \n                                                                            \n                        <p class=\"text-bold text-white text--serif text--26\">\u51ef\u6cfd\u52b3\u65c5\u6e38\u6709\u9650\u516c\u53f8<\/p>\n                                                            <\/div>\n                                    <div class=\"more__cta\">\n                        <i class=\"fa-thin fa-chevron-right\"><\/i>\n                    <\/div>\n                            <\/div>\n        <\/a>\n                    <a class=\"more__link\" href=\"https:\/\/stiftadmont.at\/zh\/%e5%8d%9a%e7%89%a9%e9%a6%86\/\">\n            <div class=\"more__media\">\n                                    <picture class=\"more__image\">\n                        <source srcset=\"https:\/\/stiftadmont.at\/wp-content\/uploads\/Bibliothek.webp\" type=\"image\/webp\">\n                        <source srcset=\"https:\/\/stiftadmont.at\/wp-content\/uploads\/Bibliothek.jpg\" type=\"image\/jpeg\">\n                        <img decoding=\"async\" loading=\"lazy\" src=\"https:\/\/stiftadmont.at\/wp-content\/uploads\/Bibliothek.jpg\" alt=\"\u56fe\u4e66\u9986\" \/>\n                    <\/picture>\n                            <\/div>\n            <div class=\"more__content\">\n                <div class=\"more__title--container\">\n                                            \n                                                                            \n                        <p class=\"text-bold text-white text--serif text--26\">\u6587\u5316\u4e0e\u65c5\u6e38<\/p>\n                                                            <\/div>\n                                    <div class=\"more__cta\">\n                        <i class=\"fa-thin fa-chevron-right\"><\/i>\n                    <\/div>\n                            <\/div>\n        <\/a>\n    \n<\/div>\n\n<\/section>","protected":false},"excerpt":{"rendered":"","protected":false},"author":7,"featured_media":0,"parent":500,"menu_order":0,"comment_status":"closed","ping_status":"closed","template":"","meta":{"_acf_changed":false,"footnotes":""},"categories":[],"class_list":["post-12827","page","type-page","status-publish","hentry"],"acf":[],"yoast_head":"<!-- This site is optimized with the Yoast SEO Premium plugin v26.0 (Yoast SEO v26.8) - https:\/\/yoast.com\/product\/yoast-seo-premium-wordpress\/ -->\n<title>Betriebe - Stift Admont<\/title>\n<meta name=\"description\" content=\"Unsere Betriebe sind die Basis, damit wir alle Aufgaben erf\u00fcllen und das Leben in religi\u00f6ser und kultureller Dimension f\u00f6rdern k\u00f6nnen.\" \/>\n<meta name=\"robots\" content=\"index, follow, max-snippet:-1, max-image-preview:large, max-video-preview:-1\" \/>\n<link rel=\"canonical\" href=\"https:\/\/stiftadmont.at\/zh\/\u7ecf\u6d4e\u5c40\/\u8fd0\u8425\/\" \/>\n<meta property=\"og:locale\" content=\"zh_CN\" \/>\n<meta property=\"og:type\" content=\"article\" \/>\n<meta property=\"og:title\" content=\"Betriebe\" \/>\n<meta property=\"og:description\" content=\"Unsere Betriebe sind die Basis, damit wir alle Aufgaben erf\u00fcllen und das Leben in religi\u00f6ser und kultureller Dimension f\u00f6rdern k\u00f6nnen.\" \/>\n<meta property=\"og:url\" content=\"https:\/\/stiftadmont.at\/zh\/\u7ecf\u6d4e\u5c40\/\u8fd0\u8425\/\" \/>\n<meta property=\"og:site_name\" content=\"Stift Admont\" \/>\n<meta property=\"article:modified_time\" content=\"2026-03-17T10:18:01+00:00\" \/>\n<meta property=\"og:image\" content=\"https:\/\/stiftadmont.at\/wp-content\/uploads\/Klosteranlage-innen.jpg\" \/>\n\t<meta property=\"og:image:width\" content=\"1912\" \/>\n\t<meta property=\"og:image:height\" content=\"1188\" \/>\n\t<meta property=\"og:image:type\" content=\"image\/jpeg\" \/>\n<meta name=\"twitter:card\" content=\"summary_large_image\" \/>\n<script type=\"application\/ld+json\" class=\"yoast-schema-graph\">{\"@context\":\"https:\/\/schema.org\",\"@graph\":[{\"@type\":\"WebPage\",\"@id\":\"https:\/\/stiftadmont.at\/wirtschaftsdirektion\/betriebe\/\",\"url\":\"https:\/\/stiftadmont.at\/wirtschaftsdirektion\/betriebe\/\",\"name\":\"Betriebe - Stift Admont\",\"isPartOf\":{\"@id\":\"https:\/\/stiftadmont.at\/#website\"},\"datePublished\":\"2022-06-09T06:59:14+00:00\",\"dateModified\":\"2026-03-17T10:18:01+00:00\",\"description\":\"Unsere Betriebe sind die Basis, damit wir alle Aufgaben erf\u00fcllen und das Leben in religi\u00f6ser und kultureller Dimension f\u00f6rdern k\u00f6nnen.\",\"breadcrumb\":{\"@id\":\"https:\/\/stiftadmont.at\/wirtschaftsdirektion\/betriebe\/#breadcrumb\"},\"inLanguage\":\"zh-Hans\",\"potentialAction\":[{\"@type\":\"ReadAction\",\"target\":[\"https:\/\/stiftadmont.at\/wirtschaftsdirektion\/betriebe\/\"]}]},{\"@type\":\"BreadcrumbList\",\"@id\":\"https:\/\/stiftadmont.at\/wirtschaftsdirektion\/betriebe\/#breadcrumb\",\"itemListElement\":[{\"@type\":\"ListItem\",\"position\":1,\"name\":\"Start\",\"item\":\"https:\/\/stiftadmont.at\/\"},{\"@type\":\"ListItem\",\"position\":2,\"name\":\"Wirtschaftsdirektion\",\"item\":\"https:\/\/stiftadmont.at\/wirtschaftsdirektion\/\"},{\"@type\":\"ListItem\",\"position\":3,\"name\":\"Betriebe\"}]},{\"@type\":\"WebSite\",\"@id\":\"https:\/\/stiftadmont.at\/#website\",\"url\":\"https:\/\/stiftadmont.at\/\",\"name\":\"Stift Admont\",\"description\":\"Benediktinerkloster und Sehensw\u00fcrdigkeit im Ges\u00e4use\",\"potentialAction\":[{\"@type\":\"SearchAction\",\"target\":{\"@type\":\"EntryPoint\",\"urlTemplate\":\"https:\/\/stiftadmont.at\/?s={search_term_string}\"},\"query-input\":{\"@type\":\"PropertyValueSpecification\",\"valueRequired\":true,\"valueName\":\"search_term_string\"}}],\"inLanguage\":\"zh-Hans\"}]}<\/script>\n<!-- \/ Yoast SEO Premium plugin. -->","yoast_head_json":{"title":"\u516c\u53f8 - \u963f\u5fb7\u8499\u7279\u4fee\u9053\u9662","description":"\u6211\u4eec\u7684\u4f01\u4e1a\u662f\u6211\u4eec\u5b8c\u6210\u6240\u6709\u4efb\u52a1\u3001\u4fc3\u8fdb\u5b97\u6559\u548c\u6587\u5316\u751f\u6d3b\u7684\u57fa\u7840\u3002","robots":{"index":"index","follow":"follow","max-snippet":"max-snippet:-1","max-image-preview":"max-image-preview:large","max-video-preview":"max-video-preview:-1"},"canonical":"https:\/\/stiftadmont.at\/zh\/\u7ecf\u6d4e\u5c40\/\u8fd0\u8425\/","og_locale":"zh_CN","og_type":"article","og_title":"Betriebe","og_description":"Unsere Betriebe sind die Basis, damit wir alle Aufgaben erf\u00fcllen und das Leben in religi\u00f6ser und kultureller Dimension f\u00f6rdern k\u00f6nnen.","og_url":"https:\/\/stiftadmont.at\/zh\/\u7ecf\u6d4e\u5c40\/\u8fd0\u8425\/","og_site_name":"Stift Admont","article_modified_time":"2026-03-17T10:18:01+00:00","og_image":[{"width":1912,"height":1188,"url":"https:\/\/stiftadmont.at\/wp-content\/uploads\/Klosteranlage-innen.jpg","type":"image\/jpeg"}],"twitter_card":"summary_large_image","schema":{"@context":"https:\/\/schema.org","@graph":[{"@type":"WebPage","@id":"https:\/\/stiftadmont.at\/wirtschaftsdirektion\/betriebe\/","url":"https:\/\/stiftadmont.at\/wirtschaftsdirektion\/betriebe\/","name":"\u516c\u53f8 - \u963f\u5fb7\u8499\u7279\u4fee\u9053\u9662","isPartOf":{"@id":"https:\/\/stiftadmont.at\/#website"},"datePublished":"2022-06-09T06:59:14+00:00","dateModified":"2026-03-17T10:18:01+00:00","description":"\u6211\u4eec\u7684\u4f01\u4e1a\u662f\u6211\u4eec\u5b8c\u6210\u6240\u6709\u4efb\u52a1\u3001\u4fc3\u8fdb\u5b97\u6559\u548c\u6587\u5316\u751f\u6d3b\u7684\u57fa\u7840\u3002","breadcrumb":{"@id":"https:\/\/stiftadmont.at\/wirtschaftsdirektion\/betriebe\/#breadcrumb"},"inLanguage":"zh-Hans","potentialAction":[{"@type":"ReadAction","target":["https:\/\/stiftadmont.at\/wirtschaftsdirektion\/betriebe\/"]}]},{"@type":"BreadcrumbList","@id":"https:\/\/stiftadmont.at\/wirtschaftsdirektion\/betriebe\/#breadcrumb","itemListElement":[{"@type":"ListItem","position":1,"name":"Start","item":"https:\/\/stiftadmont.at\/"},{"@type":"ListItem","position":2,"name":"Wirtschaftsdirektion","item":"https:\/\/stiftadmont.at\/wirtschaftsdirektion\/"},{"@type":"ListItem","position":3,"name":"Betriebe"}]},{"@type":"WebSite","@id":"https:\/\/stiftadmont.at\/#website","url":"https:\/\/stiftadmont.at\/","name":"\u963f\u5fb7\u8499\u7279\u4fee\u9053\u9662","description":"\u683c\u8428\u5c14\u5730\u533a\u7684\u672c\u7b03\u4f1a\u4fee\u9053\u9662\u548c\u65c5\u6e38\u666f\u70b9","potentialAction":[{"@type":"SearchAction","target":{"@type":"EntryPoint","urlTemplate":"https:\/\/stiftadmont.at\/?s={search_term_string}"},"query-input":{"@type":"PropertyValueSpecification","valueRequired":true,"valueName":"search_term_string"}}],"inLanguage":"zh-Hans"}]}},"_links":{"self":[{"href":"https:\/\/stiftadmont.at\/zh\/wp-json\/wp\/v2\/pages\/12827","targetHints":{"allow":["GET"]}}],"collection":[{"href":"https:\/\/stiftadmont.at\/zh\/wp-json\/wp\/v2\/pages"}],"about":[{"href":"https:\/\/stiftadmont.at\/zh\/wp-json\/wp\/v2\/types\/page"}],"author":[{"embeddable":true,"href":"https:\/\/stiftadmont.at\/zh\/wp-json\/wp\/v2\/users\/7"}],"replies":[{"embeddable":true,"href":"https:\/\/stiftadmont.at\/zh\/wp-json\/wp\/v2\/comments?post=12827"}],"version-history":[{"count":60,"href":"https:\/\/stiftadmont.at\/zh\/wp-json\/wp\/v2\/pages\/12827\/revisions"}],"predecessor-version":[{"id":40490,"href":"https:\/\/stiftadmont.at\/zh\/wp-json\/wp\/v2\/pages\/12827\/revisions\/40490"}],"up":[{"embeddable":true,"href":"https:\/\/stiftadmont.at\/zh\/wp-json\/wp\/v2\/pages\/500"}],"wp:attachment":[{"href":"https:\/\/stiftadmont.at\/zh\/wp-json\/wp\/v2\/media?parent=12827"}],"wp:term":[{"taxonomy":"category","embeddable":true,"href":"https:\/\/stiftadmont.at\/zh\/wp-json\/wp\/v2\/categories?post=12827"}],"curies":[{"name":"wp","href":"https:\/\/api.w.org\/{rel}","templated":true}]}}