{"id":13092,"date":"2022-06-14T09:43:40","date_gmt":"2022-06-14T07:43:40","guid":{"rendered":"https:\/\/stiftadmont.at\/?page_id=13092"},"modified":"2026-03-10T15:36:02","modified_gmt":"2026-03-10T13:36:02","slug":"%e5%bd%93%e5%89%8d%e5%b1%95%e8%a7%88","status":"publish","type":"page","link":"https:\/\/stiftadmont.at\/zh\/aktuelle-ausstellungen\/","title":{"rendered":"\u5f53\u524d\u5c55\u89c8"},"content":{"rendered":"<section id='lightpress__section--block_ded0401a1dd5160cb65eae310be31688' class='align-center lightpress__section--default-section-space lightpress__section lightpress__section--headline'><div class=\"headline__container\">\n            <h2 class=\"headline text--40 text-medium line line--gold line-above line-middle\">\u963f\u5fb7\u8499\u7279\u4fee\u9053\u9662\u535a\u7269\u9986\u7684\u5404\u79cd\u5c55\u89c8<\/h2>\n        <p class=\"text-center text-gold text--20 text-medium text--uppercase\">\u4ee5\u4e0b\u662f\u5f53\u524d\uff08\u7279\u522b\uff09\u5c55\u89c8\u7684\u6982\u89c8<\/p>\n        <div class=\"spacer--40\"><\/div>\n<\/div>\n\n<\/section>\n\n<section id='lightpress__section--block_8e1bac86ee9a34c70ba97f204c7bc7a8' class='lightpress__section--more-links--950 lightpress__section--full-width lightpress__section--default-section-space lightpress__section lightpress__section--more-links'><div class=\"more\" x-init=\"initMoreLinksBlockAnim($el)\">\n            <style>\n            #lightpress__section--block_8e1bac86ee9a34c70ba97f204c7bc7a8 .more {\n                --entry-width: calc(100% \/ 4 - var(--grid-gap) * 4);\n                grid-template-columns: repeat(auto-fit, minmax(max(var(--entry-width),50rem), 1fr));\n            }\n        <\/style>\n    \n                    <a class=\"more__link\" href=\"https:\/\/stiftadmont.at\/zh\/%e5%bd%93%e5%89%8d%e5%b1%95%e8%a7%88\/%e6%9c%80%e6%96%b0%e6%8e%a8%e5%87%ba%e7%9a%84-admont-%e8%89%ba%e6%9c%af%e7%8f%8d%e5%93%81\/\">\n            <div class=\"more__media\">\n                                    <picture class=\"more__image\">\n                        <source srcset=\"https:\/\/stiftadmont.at\/wp-content\/uploads\/Stift-Admont-KHM-Gotik-GWK-\u00a9-Michael-Braunsteiner-5-1024x683.webp\" type=\"image\/webp\">\n                        <source srcset=\"https:\/\/stiftadmont.at\/wp-content\/uploads\/Stift-Admont-KHM-Gotik-GWK-\u00a9-Michael-Braunsteiner-5-1024x683.jpg\" type=\"image\/jpeg\">\n                        <img decoding=\"async\" loading=\"lazy\" src=\"https:\/\/stiftadmont.at\/wp-content\/uploads\/Stift-Admont-KHM-Gotik-GWK-\u00a9-Michael-Braunsteiner-5-1024x683.jpg\" alt=\"\u963f\u5fb7\u8499\u7279\u4fee\u9053\u9662 KHM \u54e5\u7279\u5f0f GWK \u00a9 Michael Braunsteiner 5\" \/>\n                    <\/picture>\n                            <\/div>\n            <div class=\"more__content\">\n                <div class=\"more__title--container\">\n                                                                        <p class=\"text-white\">\u4ece 2026 \u5e74 3 \u6708 19 \u65e5\u81f3 11 \u6708 1 \u65e5<\/p>\n                        \n                                                                            \n                        <p class=\"text-bold text-white text--serif text--26\">\u963f\u5fb7\u8499\u827a\u672f\u73cd\u54c1\u65b0\u5c55\u793a<\/p>\n                                                    <p class=\"text-white text--26\">\u827a\u672f\u5386\u53f2\u535a\u7269\u9986\uff08\u4e00\u697c\uff09<\/p>\n                                                            <\/div>\n                                    <div class=\"more__cta\">\n                        <i class=\"fa-thin fa-chevron-right\"><\/i>\n                    <\/div>\n                            <\/div>\n        <\/a>\n                    <a class=\"more__link\" href=\"https:\/\/stiftadmont.at\/zh\/%e9%98%bf%e8%82%af%e7%89%b9%e4%bf%ae%e9%81%93%e9%99%a2-950-%e5%b9%b4%e5%8e%86%e5%8f%b2\/2024-%e5%b9%b4%e5%8d%83%e7%a6%a7%e5%b9%b4%e5%b1%95%e8%a7%88\/\">\n            <div class=\"more__media\">\n                                    <picture class=\"more__image\">\n                        <source srcset=\"https:\/\/stiftadmont.at\/wp-content\/uploads\/Jubilaeumsausstellung-2024-1024x763.webp\" type=\"image\/webp\">\n                        <source srcset=\"https:\/\/stiftadmont.at\/wp-content\/uploads\/Jubilaeumsausstellung-2024-1024x763.jpg\" type=\"image\/jpeg\">\n                        <img decoding=\"async\" loading=\"lazy\" src=\"https:\/\/stiftadmont.at\/wp-content\/uploads\/Jubilaeumsausstellung-2024-1024x763.jpg\" alt=\"2024 \u5e74\u5468\u5e74\u5c55\u89c8\" \/>\n                    <\/picture>\n                            <\/div>\n            <div class=\"more__content\">\n                <div class=\"more__title--container\">\n                                                                        <p class=\"text-white\">\u4ece 2026 \u5e74 3 \u6708 19 \u65e5\u81f3 11 \u6708 1 \u65e5<\/p>\n                        \n                                                                            \n                        <p class=\"text-bold text-white text--serif text--26\">\u963f\u5fb7\u8499\u7279 1074 - \u4fee\u9053\u9662\u5386\u53f2\u4e4b\u65c5<\/p>\n                                                    <p class=\"text-white text--26\">\u7279\u522b\u5c55\u89c8\uff08\u4e00\u697c\uff09<\/p>\n                                                            <\/div>\n                                    <div class=\"more__cta\">\n                        <i class=\"fa-thin fa-chevron-right\"><\/i>\n                    <\/div>\n                            <\/div>\n        <\/a>\n                    <a class=\"more__link\" href=\"https:\/\/stiftadmont.at\/zh\/%e6%97%a7%e5%a2%99%e4%b8%ad%e7%9a%84%e5%bd%93%e4%bb%a3%e8%89%ba%e6%9c%af-2026\/\">\n            <div class=\"more__media\">\n                                    <picture class=\"more__image\">\n                        <source srcset=\"https:\/\/stiftadmont.at\/wp-content\/uploads\/Schwarz_verletzt-1024x687.webp\" type=\"image\/webp\">\n                        <source srcset=\"https:\/\/stiftadmont.at\/wp-content\/uploads\/Schwarz_verletzt-1024x687.jpg\" type=\"image\/jpeg\">\n                        <img decoding=\"async\" loading=\"lazy\" src=\"https:\/\/stiftadmont.at\/wp-content\/uploads\/Schwarz_verletzt-1024x687.png\" alt=\"\u9ed1\u8272\u53d7\u4f24\" \/>\n                    <\/picture>\n                            <\/div>\n            <div class=\"more__content\">\n                <div class=\"more__title--container\">\n                                                                        <p class=\"text-white\">\u4ece 2026 \u5e74 3 \u6708 19 \u65e5\u81f3 11 \u6708 1 \u65e5<\/p>\n                        \n                                                                            \n                        <p class=\"text-bold text-white text--serif text--26\">\u53d7\u4f24\u3002\u6c49\u5185\u65af-\u65bd\u74e6\u8328\u5728\u963f\u5fb7\u8499\u7279\u4fee\u9053\u9662\u7684\u6536\u85cf<\/p>\n                                                    <p class=\"text-white text--26\">\u5f53\u4ee3\u827a\u672f\u535a\u7269\u9986\uff08\u4e8c\u697c\uff09<\/p>\n                                                            <\/div>\n                                    <div class=\"more__cta\">\n                        <i class=\"fa-thin fa-chevron-right\"><\/i>\n                    <\/div>\n                            <\/div>\n        <\/a>\n                    <a class=\"more__link\" href=\"https:\/\/stiftadmont.at\/zh\/%e6%97%a7%e5%a2%99%e4%b8%ad%e7%9a%84%e5%bd%93%e4%bb%a3%e8%89%ba%e6%9c%af-2026\/\">\n            <div class=\"more__media\">\n                                    <picture class=\"more__image\">\n                        <source srcset=\"https:\/\/stiftadmont.at\/wp-content\/uploads\/Pillhofer_liegender-Mann-1024x810.webp\" type=\"image\/webp\">\n                        <source srcset=\"https:\/\/stiftadmont.at\/wp-content\/uploads\/Pillhofer_liegender-Mann-1024x810.jpg\" type=\"image\/jpeg\">\n                        <img decoding=\"async\" loading=\"lazy\" src=\"https:\/\/stiftadmont.at\/wp-content\/uploads\/Pillhofer_liegender-Mann-1024x810.png\" alt=\"\u6492\u8c0e\u7684\u76ae\u5c14\u970d\u592b\" \/>\n                    <\/picture>\n                            <\/div>\n            <div class=\"more__content\">\n                <div class=\"more__title--container\">\n                                                                        <p class=\"text-white\">\u4ece 2026 \u5e74 3 \u6708 19 \u65e5\u81f3 11 \u6708 1 \u65e5<\/p>\n                        \n                                                                            \n                        <p class=\"text-bold text-white text--serif text--26\">\u7ea6\u745f\u592b-\u76ae\u5c14\u970d\u592b\u62bd\u8c61\u4e0e\u5177\u8c61\u4e4b\u95f4<\/p>\n                                                    <p class=\"text-white text--26\">\u5f53\u4ee3\u827a\u672f\u535a\u7269\u9986\uff08\u4e8c\u697c\uff09<\/p>\n                                                            <\/div>\n                                    <div class=\"more__cta\">\n                        <i class=\"fa-thin fa-chevron-right\"><\/i>\n                    <\/div>\n                            <\/div>\n        <\/a>\n                    <a class=\"more__link\" href=\"https:\/\/stiftadmont.at\/zh\/2026-%e5%b9%b4%e5%b9%b4%e5%ba%a6%e8%ae%a1%e5%88%92\/\">\n            <div class=\"more__media\">\n                                    <picture class=\"more__image\">\n                        <source srcset=\"https:\/\/stiftadmont.at\/wp-content\/uploads\/Bibliothek-klein-1024x726.webp\" type=\"image\/webp\">\n                        <source srcset=\"https:\/\/stiftadmont.at\/wp-content\/uploads\/Bibliothek-klein-1024x726.jpg\" type=\"image\/jpeg\">\n                        <img decoding=\"async\" loading=\"lazy\" src=\"https:\/\/stiftadmont.at\/wp-content\/uploads\/Bibliothek-klein-1024x726.jpg\" alt=\"\u963f\u5fb7\u8499\u7279\u4fee\u9053\u9662--\u4e16\u754c\u4e0a\u6700\u5927\u7684\u4fee\u9053\u9662\u56fe\u4e66\u9986 \u00a9 Stefan Leitner\" \/>\n                    <\/picture>\n                            <\/div>\n            <div class=\"more__content\">\n                <div class=\"more__title--container\">\n                                            \n                                                                            \n                        <p class=\"text-bold text-white text--serif text--26\">2026 \u5e74\u5ea6\u8ba1\u5212<\/p>\n                                                            <\/div>\n                                    <div class=\"more__cta\">\n                        <i class=\"fa-thin fa-chevron-right\"><\/i>\n                    <\/div>\n                            <\/div>\n        <\/a>\n    \n<\/div>\n\n<\/section>\n\n<section id='lightpress__section--block_4a640f783b4773dba6804228c23c342a' class='align-center lightpress__section--default-section-space lightpress__section lightpress__section--headline'><div class=\"headline__container\">\n            <h2 class=\"headline text--40 text-medium line line--gold line-above line-middle\">\u963f\u5fb7\u8499\u7279\u4fee\u9053\u9662\u535a\u7269\u9986 23 \u5e74\u56de\u987e<\/h2>\n        <p class=\"text-center text-gold text--20 text-medium text--uppercase\">\u535a\u7269\u9986\u4e8e 2003 \u5e74\u5f00\u653e\u3002\u4ee5\u4e0b\u662f\u8fc7\u53bb 23 \u5e74\u7684\u5c55\u89c8\u56de\u987e<\/p>\n        <div class=\"spacer--40\"><\/div>\n<\/div>\n\n<\/section>\n\n<section id='lightpress__section--block_44cf135252f824596f51d1d5dd0da769' class='lightpress__section--default-section-space lightpress__section lightpress__section--content'><div class=\"content__inner\"\n         x-init=\"initContentBlockAnim($el)\">\n        \n    <div class=\"content__grid content__grid\">\n                                            <div class=\"content__box content__box--one-hundred\"\n                 style=\"\">\n                                \n                \n                                            <div class=\"prose\"><p class=\"text-center\"><a class=\"admont-button admont-button--secondary\" title=\"23 \u5e74\u535a\u7269\u9986\" href=\"https:\/\/stiftadmont.at\/zh\/%e9%98%bf%e8%82%af%e7%89%b9%e4%bf%ae%e9%81%93%e9%99%a2%e5%8d%9a%e7%89%a9%e9%a6%86-21-%e5%91%a8%e5%b9%b4\/\">23 \u5e74\u535a\u7269\u9986<\/a> <a class=\"admont-button admont-button--secondary\" href=\"https:\/\/stiftadmont.at\/zh\/%e5%8d%9a%e7%89%a9%e9%a6%86\/%e5%b1%95%e8%a7%88%e5%9b%9e%e9%a1%be\/\">\u5c55\u89c8\u56de\u987e<\/a><\/p>\n<\/div>\n                    \n                            <\/div>\n        \n            <\/div>\n<\/div>\n\n<\/section>","protected":false},"excerpt":{"rendered":"","protected":false},"author":7,"featured_media":39253,"parent":0,"menu_order":72,"comment_status":"closed","ping_status":"closed","template":"","meta":{"_acf_changed":false,"footnotes":""},"categories":[],"class_list":["post-13092","page","type-page","status-publish","has-post-thumbnail","hentry"],"acf":[],"yoast_head":"<!-- This site is optimized with the Yoast SEO Premium plugin v26.0 (Yoast SEO v26.8) - https:\/\/yoast.com\/product\/yoast-seo-premium-wordpress\/ -->\n<title>Aktuelle Ausstellungen - Stift Admont<\/title>\n<meta name=\"description\" content=\"Das Museum des 1074 gegr\u00fcndeten Stiftes Admont kann in seiner heutigen Form auf eine 20-j\u00e4hrige Erfolgsgeschichte zur\u00fcckblicken.\" \/>\n<meta name=\"robots\" content=\"index, follow, max-snippet:-1, max-image-preview:large, max-video-preview:-1\" \/>\n<link rel=\"canonical\" href=\"https:\/\/stiftadmont.at\/zh\/\u5f53\u524d\u5c55\u89c8\/\" \/>\n<meta property=\"og:locale\" content=\"zh_CN\" \/>\n<meta property=\"og:type\" content=\"article\" \/>\n<meta property=\"og:title\" content=\"Aktuelle Ausstellungen\" \/>\n<meta property=\"og:description\" content=\"Das Museum des 1074 gegr\u00fcndeten Stiftes Admont kann in seiner heutigen Form auf eine 20-j\u00e4hrige Erfolgsgeschichte zur\u00fcckblicken.\" \/>\n<meta property=\"og:url\" content=\"https:\/\/stiftadmont.at\/zh\/\u5f53\u524d\u5c55\u89c8\/\" \/>\n<meta property=\"og:site_name\" content=\"Stift Admont\" \/>\n<meta property=\"article:modified_time\" content=\"2026-03-10T13:36:02+00:00\" \/>\n<meta property=\"og:image\" content=\"https:\/\/stiftadmont.at\/wp-content\/uploads\/Schwarz_verletzt-1024x687.png\" \/>\n\t<meta property=\"og:image:width\" content=\"1024\" \/>\n\t<meta property=\"og:image:height\" content=\"687\" \/>\n\t<meta property=\"og:image:type\" content=\"image\/png\" \/>\n<meta name=\"twitter:card\" content=\"summary_large_image\" \/>\n<meta name=\"twitter:label1\" content=\"\u9884\u8ba1\u9605\u8bfb\u65f6\u95f4\" \/>\n\t<meta name=\"twitter:data1\" content=\"1 \u5206\" \/>\n<script type=\"application\/ld+json\" class=\"yoast-schema-graph\">{\"@context\":\"https:\/\/schema.org\",\"@graph\":[{\"@type\":\"WebPage\",\"@id\":\"https:\/\/stiftadmont.at\/aktuelle-ausstellungen\/\",\"url\":\"https:\/\/stiftadmont.at\/aktuelle-ausstellungen\/\",\"name\":\"Aktuelle Ausstellungen - Stift Admont\",\"isPartOf\":{\"@id\":\"https:\/\/stiftadmont.at\/#website\"},\"primaryImageOfPage\":{\"@id\":\"https:\/\/stiftadmont.at\/aktuelle-ausstellungen\/#primaryimage\"},\"image\":{\"@id\":\"https:\/\/stiftadmont.at\/aktuelle-ausstellungen\/#primaryimage\"},\"thumbnailUrl\":\"https:\/\/stiftadmont.at\/wp-content\/uploads\/Schwarz_verletzt.png\",\"datePublished\":\"2022-06-14T07:43:40+00:00\",\"dateModified\":\"2026-03-10T13:36:02+00:00\",\"description\":\"Das Museum des 1074 gegr\u00fcndeten Stiftes Admont kann in seiner heutigen Form auf eine 20-j\u00e4hrige Erfolgsgeschichte zur\u00fcckblicken.\",\"breadcrumb\":{\"@id\":\"https:\/\/stiftadmont.at\/aktuelle-ausstellungen\/#breadcrumb\"},\"inLanguage\":\"zh-Hans\",\"potentialAction\":[{\"@type\":\"ReadAction\",\"target\":[\"https:\/\/stiftadmont.at\/aktuelle-ausstellungen\/\"]}]},{\"@type\":\"ImageObject\",\"inLanguage\":\"zh-Hans\",\"@id\":\"https:\/\/stiftadmont.at\/aktuelle-ausstellungen\/#primaryimage\",\"url\":\"https:\/\/stiftadmont.at\/wp-content\/uploads\/Schwarz_verletzt.png\",\"contentUrl\":\"https:\/\/stiftadmont.at\/wp-content\/uploads\/Schwarz_verletzt.png\",\"width\":1894,\"height\":1271,\"caption\":\"Schwarz verletzt\"},{\"@type\":\"BreadcrumbList\",\"@id\":\"https:\/\/stiftadmont.at\/aktuelle-ausstellungen\/#breadcrumb\",\"itemListElement\":[{\"@type\":\"ListItem\",\"position\":1,\"name\":\"Start\",\"item\":\"https:\/\/stiftadmont.at\/\"},{\"@type\":\"ListItem\",\"position\":2,\"name\":\"Aktuelle Ausstellungen\"}]},{\"@type\":\"WebSite\",\"@id\":\"https:\/\/stiftadmont.at\/#website\",\"url\":\"https:\/\/stiftadmont.at\/\",\"name\":\"Stift Admont\",\"description\":\"Benediktinerkloster und Sehensw\u00fcrdigkeit im Ges\u00e4use\",\"potentialAction\":[{\"@type\":\"SearchAction\",\"target\":{\"@type\":\"EntryPoint\",\"urlTemplate\":\"https:\/\/stiftadmont.at\/?s={search_term_string}\"},\"query-input\":{\"@type\":\"PropertyValueSpecification\",\"valueRequired\":true,\"valueName\":\"search_term_string\"}}],\"inLanguage\":\"zh-Hans\"}]}<\/script>\n<!-- \/ Yoast SEO Premium plugin. -->","yoast_head_json":{"title":"\u5f53\u524d\u5c55\u89c8 - \u963f\u5fb7\u8499\u7279\u4fee\u9053\u9662","description":"\u963f\u5fb7\u8499\u7279\u4fee\u9053\u9662\u535a\u7269\u9986\u59cb\u5efa\u4e8e 1074 \u5e74\uff0c\u76ee\u524d\u7684\u5f62\u5f0f\u53ef\u4ee5\u56de\u987e\u5176 20 \u5e74\u6765\u6240\u53d6\u5f97\u7684\u6210\u529f\u3002","robots":{"index":"index","follow":"follow","max-snippet":"max-snippet:-1","max-image-preview":"max-image-preview:large","max-video-preview":"max-video-preview:-1"},"canonical":"https:\/\/stiftadmont.at\/zh\/\u5f53\u524d\u5c55\u89c8\/","og_locale":"zh_CN","og_type":"article","og_title":"Aktuelle Ausstellungen","og_description":"Das Museum des 1074 gegr\u00fcndeten Stiftes Admont kann in seiner heutigen Form auf eine 20-j\u00e4hrige Erfolgsgeschichte zur\u00fcckblicken.","og_url":"https:\/\/stiftadmont.at\/zh\/\u5f53\u524d\u5c55\u89c8\/","og_site_name":"Stift Admont","article_modified_time":"2026-03-10T13:36:02+00:00","og_image":[{"width":1024,"height":687,"url":"https:\/\/stiftadmont.at\/wp-content\/uploads\/Schwarz_verletzt-1024x687.png","type":"image\/png"}],"twitter_card":"summary_large_image","twitter_misc":{"\u9884\u8ba1\u9605\u8bfb\u65f6\u95f4":"1 \u5206"},"schema":{"@context":"https:\/\/schema.org","@graph":[{"@type":"WebPage","@id":"https:\/\/stiftadmont.at\/aktuelle-ausstellungen\/","url":"https:\/\/stiftadmont.at\/aktuelle-ausstellungen\/","name":"\u5f53\u524d\u5c55\u89c8 - \u963f\u5fb7\u8499\u7279\u4fee\u9053\u9662","isPartOf":{"@id":"https:\/\/stiftadmont.at\/#website"},"primaryImageOfPage":{"@id":"https:\/\/stiftadmont.at\/aktuelle-ausstellungen\/#primaryimage"},"image":{"@id":"https:\/\/stiftadmont.at\/aktuelle-ausstellungen\/#primaryimage"},"thumbnailUrl":"https:\/\/stiftadmont.at\/wp-content\/uploads\/Schwarz_verletzt.png","datePublished":"2022-06-14T07:43:40+00:00","dateModified":"2026-03-10T13:36:02+00:00","description":"\u963f\u5fb7\u8499\u7279\u4fee\u9053\u9662\u535a\u7269\u9986\u59cb\u5efa\u4e8e 1074 \u5e74\uff0c\u76ee\u524d\u7684\u5f62\u5f0f\u53ef\u4ee5\u56de\u987e\u5176 20 \u5e74\u6765\u6240\u53d6\u5f97\u7684\u6210\u529f\u3002","breadcrumb":{"@id":"https:\/\/stiftadmont.at\/aktuelle-ausstellungen\/#breadcrumb"},"inLanguage":"zh-Hans","potentialAction":[{"@type":"ReadAction","target":["https:\/\/stiftadmont.at\/aktuelle-ausstellungen\/"]}]},{"@type":"ImageObject","inLanguage":"zh-Hans","@id":"https:\/\/stiftadmont.at\/aktuelle-ausstellungen\/#primaryimage","url":"https:\/\/stiftadmont.at\/wp-content\/uploads\/Schwarz_verletzt.png","contentUrl":"https:\/\/stiftadmont.at\/wp-content\/uploads\/Schwarz_verletzt.png","width":1894,"height":1271,"caption":"Schwarz verletzt"},{"@type":"BreadcrumbList","@id":"https:\/\/stiftadmont.at\/aktuelle-ausstellungen\/#breadcrumb","itemListElement":[{"@type":"ListItem","position":1,"name":"Start","item":"https:\/\/stiftadmont.at\/"},{"@type":"ListItem","position":2,"name":"Aktuelle Ausstellungen"}]},{"@type":"WebSite","@id":"https:\/\/stiftadmont.at\/#website","url":"https:\/\/stiftadmont.at\/","name":"\u963f\u5fb7\u8499\u7279\u4fee\u9053\u9662","description":"\u683c\u8428\u5c14\u5730\u533a\u7684\u672c\u7b03\u4f1a\u4fee\u9053\u9662\u548c\u65c5\u6e38\u666f\u70b9","potentialAction":[{"@type":"SearchAction","target":{"@type":"EntryPoint","urlTemplate":"https:\/\/stiftadmont.at\/?s={search_term_string}"},"query-input":{"@type":"PropertyValueSpecification","valueRequired":true,"valueName":"search_term_string"}}],"inLanguage":"zh-Hans"}]}},"_links":{"self":[{"href":"https:\/\/stiftadmont.at\/zh\/wp-json\/wp\/v2\/pages\/13092","targetHints":{"allow":["GET"]}}],"collection":[{"href":"https:\/\/stiftadmont.at\/zh\/wp-json\/wp\/v2\/pages"}],"about":[{"href":"https:\/\/stiftadmont.at\/zh\/wp-json\/wp\/v2\/types\/page"}],"author":[{"embeddable":true,"href":"https:\/\/stiftadmont.at\/zh\/wp-json\/wp\/v2\/users\/7"}],"replies":[{"embeddable":true,"href":"https:\/\/stiftadmont.at\/zh\/wp-json\/wp\/v2\/comments?post=13092"}],"version-history":[{"count":172,"href":"https:\/\/stiftadmont.at\/zh\/wp-json\/wp\/v2\/pages\/13092\/revisions"}],"predecessor-version":[{"id":39754,"href":"https:\/\/stiftadmont.at\/zh\/wp-json\/wp\/v2\/pages\/13092\/revisions\/39754"}],"wp:featuredmedia":[{"embeddable":true,"href":"https:\/\/stiftadmont.at\/zh\/wp-json\/wp\/v2\/media\/39253"}],"wp:attachment":[{"href":"https:\/\/stiftadmont.at\/zh\/wp-json\/wp\/v2\/media?parent=13092"}],"wp:term":[{"taxonomy":"category","embeddable":true,"href":"https:\/\/stiftadmont.at\/zh\/wp-json\/wp\/v2\/categories?post=13092"}],"curies":[{"name":"wp","href":"https:\/\/api.w.org\/{rel}","templated":true}]}}