{"id":24615,"date":"2023-12-20T11:21:46","date_gmt":"2023-12-20T09:21:46","guid":{"rendered":"https:\/\/stiftadmont.at\/?page_id=24615"},"modified":"2025-03-07T11:45:37","modified_gmt":"2025-03-07T09:45:37","slug":"%e8%b5%9e%e5%85%8b%e5%b0%94%e4%b8%8e%e9%bb%91%e8%89%b2-2025","status":"publish","type":"page","link":"https:\/\/stiftadmont.at\/zh\/aktuelle-ausstellungen\/zankl-trifft-auf-schwarz-2025\/","title":{"rendered":"\u8d5e\u514b\u5c14\u4e0e\u65bd\u74e6\u8328 2025 \u5e74\u76f8\u9047"},"content":{"rendered":"<section id='lightpress__section--block_159dcbcc83f4e0adf1a433da007c1411' class='align-center lightpress__section--default-section-space lightpress__section lightpress__section--headline'><div class=\"headline__container\">\n            <h2 class=\"headline text--40 text-medium line line--gold line-above line-middle\">Zankl trifft auf Schwarz. <\/h2>\n        <p class=\"text-center text-gold text--20 text-medium text--uppercase\">Zwei Positionen der steirischen Nachkiegskunst<\/p>\n        <div class=\"spacer--40\"><\/div>\n<\/div>\n\n<\/section>\n\n<section id='lightpress__section--block_785a57ad5f77b7a007c5a9160116b688' class='lightpress__section--default-section-space lightpress__section lightpress__section--content'><div class=\"content__inner\"\n         x-init=\"initContentBlockAnim($el)\">\n        \n    <div class=\"content__grid content__grid\">\n                                            <div class=\"content__box content__box--one-hundred\"\n                 style=\"\">\n                                \n                \n                                            <div class=\"prose\"><p class=\"paragraph-m\"><em>Sie kannten und sch\u00e4tzten einander, waren Gr\u00fcndungsmitglieder jener Vereinigung steirischer bildender K\u00fcnstler mit dem Namen \u201eJunge Gruppe\u201c, die eine f\u00fcr Graz und die gesamte Steiermark bedeutende Kulturinstitution ins Leben rief, das Forum Stadtpark. Die Rede ist von Hannes Schwarz (1926-2014) und Gustav Zankl (*1929). Ihre Jugend war gepr\u00e4gt von der Ausgesetztheit gegen\u00fcber der NS-Ideologie. Was sie beide einte: sie konnten gut zeichnen. Hannes Schwarz wurde aufgrund seiner Talente ausgew\u00e4hlt, eine NS-Eliteschule zu besuchen. Seine Ausbildung zum K\u00fcnstler endete je mit der Einberufung in den brutalen Krieg, der ihn mit dem Tod und dem Sterben konfrontierte. Gustav Zankl wiederum wurde die Aufnahme in eine Ingenieursschule verwehrt, aufgrund von Aufm\u00fcpfigkeit. Die paar Jahre der sp\u00e4teren Geburt gew\u00e4hrten es ihm, dass er sich nicht aktiv am milit\u00e4rischen Krieg beteiligen musste. Doch die Indoktrination, die Strafen bei deviantem Verhalten, all die psychischen Belastungen hinterlie\u00dfen auch bei ihm tiefe Spuren.<\/em><\/p>\n<\/div>\n                    \n                            <\/div>\n        \n            <\/div>\n<\/div>\n\n<\/section>\n\n<section id='lightpress__section--block_bb4367aa647a00990edfa9fd0284f60c' class='bg--beige lightpress__section--colored-bg lightpress__section--default-section-space lightpress__section lightpress__section--content'><div class=\"content__inner\"\n         x-init=\"initContentBlockAnim($el)\">\n        \n    <div class=\"content__grid content__grid--fifty-fifty\">\n                                            <div class=\"content__box content__box\"\n                 style=\"\">\n                                \n                \n                                            <div class=\"prose\"><p class=\"paragraph-m\">In den Jahren nach dem Krieg entschieden sich beide, Lehrer, Kunsterzieher zu werden. Schwarz lehrte in Weiz, Zankl nach seiner Ingenieurst\u00e4tigkeit in Graz. Und sie bet\u00e4tigten sich k\u00fcnstlerisch. 1953 wurde in Weiz eine Ausstellung der \u201eJungen Gruppe\u201c organisiert, fernab von Graz, wo die Abk\u00f6mmlinge der Grazer Sezession vorerst keinen Platz fanden. In Weiz schlug ihnen mit den abstrakten Kompositionen durchaus Ablehnung entgegen. Es waren die Jahre nach der NS-Herrschaft und die propagierte Kunstauffassung wirkte nach.<\/p>\n<p>\u00a0<\/p>\n<p class=\"paragraph-m\">Nach diesen Anfangsjahren entwickelten sie ihre Kunst weiter. Hannes Schwarz wandte sich in den 1960er Jahren der menschlichen Figur zu, den Schrecken irdischer Existenz, dem Schmerz, den \u00c4ngsten, der Verletztheit und der Einsamkeit. Davon zeugen Bilder des leidenden, geschundenen Menschen im Krankenbett vor schwarzem, leerem Hintergrund. Oder aber er platziert menschliche Figuren sitzend an einem runden Tisch, in gro\u00dfer Distanz zueinander. Die Leiber sind \u00fcbers\u00e4ht mit Narben und Verletzungen. Die Serie \u201eFigur hinter Gitter\u201c zeigt deformierte, blutende K\u00f6rper hinter schwarzen Balken. Es ist dieses Ausgesetztsein der Menschen in der Welt, das der nachdenkliche Schwarz, der gepr\u00e4gt ist von philosophischen Gedanken des Existenzialismus, in seinen gro\u00dfformatigen Arbeiten zum Ausdruck bringt. Und er l\u00e4sst uns mitf\u00fchlen, teilhaben am Schmerz.<\/p>\n<\/div>\n                    \n                            <\/div>\n        \n                                                    <div class=\"content__box content__box--2\"\n                     >\n                                        \n                    \n                                                <div class=\"content__media stickyTo\" x-init=\"imageSticky($el)\">\n\n                                                                                    <picture\n                                    class=\"content__image sticky\">\n                                <source srcset=\"https:\/\/stiftadmont.at\/wp-content\/uploads\/Hannes-Schwarz-.-Ausstellung-2021-1024x683.webp\" type=\"image\/webp\">\n                                <source srcset=\"https:\/\/stiftadmont.at\/wp-content\/uploads\/Hannes-Schwarz-.-Ausstellung-2021-1024x683.jpg\" type=\"image\/jpeg\">\n                                <img decoding=\"async\" class=\"sticky\" loading=\"lazy\" src=\"https:\/\/stiftadmont.at\/wp-content\/uploads\/Hannes-Schwarz-.-Ausstellung-2021-1024x683.jpg\"\n                                     alt=\"Hannes Schwarz - Ausstellung\">\n\n                                                                                                                            <\/picture>\n\n                        <\/div>\n\n                                    <\/div>\n            \n            <\/div>\n<\/div>\n\n    <div class=\"background__container background__container--beige\">\n    <\/div>\n\n<\/section>\n\n<section id='lightpress__section--block_be4fe92830669e194004c05495582a4c' class='lightpress__section--default-section-space lightpress__section lightpress__section--content'><div class=\"content__inner\"\n         x-init=\"initContentBlockAnim($el)\">\n        \n    <div class=\"content__grid content__grid--fifty-fifty\">\n                                            <div class=\"content__box content__box\"\n                 style=\"\">\n                                \n                \n                                        <div class=\"content__media stickyTo\" x-init=\"imageSticky($el)\">\n\n                                                                                                <picture\n                                class=\"content__image sticky\">\n                            <source srcset=\"https:\/\/stiftadmont.at\/wp-content\/uploads\/Stift-Admont-GWK-Gustav-Zankl-\u00a9-Michael-Braunsteiner-1024x683.jpg\"\n                                    type=\"image\/webp\">\n                            <source srcset=\"https:\/\/stiftadmont.at\/wp-content\/uploads\/Stift-Admont-GWK-Gustav-Zankl-\u00a9-Michael-Braunsteiner-1024x683.jpg\"\n                                    type=\"image\/jpeg\">\n                            <img decoding=\"async\" loading=\"lazy\" src=\"https:\/\/stiftadmont.at\/wp-content\/uploads\/Stift-Admont-GWK-Gustav-Zankl-\u00a9-Michael-Braunsteiner-1024x683.jpg\" alt=\"Stift Admont   GWK Gustav Zankl \u00a9 Michael Braunsteiner\" width=\"600\" height=\"450\" \/>\n                                                                                                            <\/picture>\n\n                    <\/div>\n\n                            <\/div>\n        \n                                                    <div class=\"content__box content__box--2\"\n                     >\n                                        \n                    \n                                                    <div class=\"prose\"><p class=\"paragraph-m\">Gustav Zankl schlug formal einen anderen Weg ein. Kunst hei\u00dft f\u00fcr ihn naturwissenschaftliches Forschen. Seine Farbquantenuntersuchungen manifestieren sich ab den 1960er Jahren in Kunstobjekte, die beweglich sind, so auch Arbeiten des Werkzyklus \u201eCluster of Information\u201c (2007). Es sind meist bemalte Sperrholzplatten oder -k\u00f6rper, deren Farbzusammenstellungen auf genauen Berechnungen beruhen. Partizipation ist dabei Zankls oberste k\u00fcnstlerische Pr\u00e4misse. Seine Kunstobjekte sollen die Betrachtenden, wie er schreibt, zum \u201ehandelnden Umgang\u201c, zur \u201eErweiterung des Gef\u00fchls- und Gedankenpotentials\u201c anregen.<\/p>\n<p>\u00a0<\/p>\n<p class=\"paragraph-m\">Zankl stellte den \u201eCluster of Information\u201c im Jahr 2015 im Weizer Hannes-Schwarz-Zentrum aus. Diesen Werkzyklus kaufte das Stift im Jahr 2022 an und so ist heuer eine Gegen\u00fcberstellung der Werke und der unterschiedlichen k\u00fcnstlerischen Zug\u00e4nge der beiden steirischen K\u00fcnstler zu sehen, womit sich eine zentrale Idee in der Ausstellungsstrategie der vergangenen zwei Jahrzehnte wieder einmal zeigt: Das In-Dialog-Treten. Expressive Kunst trifft auf konkrete Kunst, beide mit dem Ziel, uns emotional zu bewegen.\u00a0<\/p>\n<p class=\"paragraph-m\">Im Jahr 2024 j\u00e4hrt sich der Tod von Hannes Schwarz zum 10. Mal. Dies ist der Anlass f\u00fcr eine Veranstaltungsreihe, die sein Wirken an wichtigen Stationen seines Lebens in den Blick nimmt.\u00a0<\/p>\n<p>\u00a0<\/p>\n<p>Mit zwei Ausstellungen und einem Gespr\u00e4chsabend beteiligt sich das Museum des Stiftes Admont in den Jahren 2025 und 2026 an einer Kooperationsreihe steirischer Kulturinstitutionen, die an das Wirken des steirischen Malers und Denkers Hannes Schwarz (1926-2014) erinnern sollen.\u00a0<\/p>\n<p>\u00a0<\/p>\n<p><a class=\"admont-button admont-button--secondary\" href=\"https:\/\/stiftadmont.at\/gedenkprojekt-gegenwelten\/\" target=\"_blank\" rel=\"noopener\">Das Programm zum Gedenkprojekt Gegenwelten finden Sie hier<\/a><\/p>\n<\/div>\n                        \n                                    <\/div>\n            \n            <\/div>\n<\/div>\n\n<\/section>\n\n<section id='lightpress__section--block_6911298ed096f20873f1c1b49aa43f7f' class='lightpress__section--default-section-space lightpress__section lightpress__section--image-slider'>\n<div class=\"image-slider\"\n     x-data=\"{ gallery: null, shown: false }\"\n     x-init=\"gallery = initSliderGallery([{&quot;href&quot;:&quot;https:\\\/\\\/stiftadmont.at\\\/wp-content\\\/uploads\\\/Gegenwartskunst_c-Thomas_Sattler_20.jpg&quot;,&quot;type&quot;:&quot;image&quot;},{&quot;href&quot;:&quot;https:\\\/\\\/stiftadmont.at\\\/wp-content\\\/uploads\\\/Gegenwartskunst_c-Thomas_Sattler_17.jpg&quot;,&quot;type&quot;:&quot;image&quot;},{&quot;href&quot;:&quot;https:\\\/\\\/stiftadmont.at\\\/wp-content\\\/uploads\\\/Gegenwartskunst_c-Thomas_Sattler_19.jpg&quot;,&quot;type&quot;:&quot;image&quot;},{&quot;href&quot;:&quot;https:\\\/\\\/stiftadmont.at\\\/wp-content\\\/uploads\\\/Gegenwartskunst_c-Thomas_Sattler_26.jpg&quot;,&quot;type&quot;:&quot;image&quot;},{&quot;href&quot;:&quot;https:\\\/\\\/stiftadmont.at\\\/wp-content\\\/uploads\\\/Gegenwartskunst_c-Thomas_Sattler_2.jpg&quot;,&quot;type&quot;:&quot;image&quot;},{&quot;href&quot;:&quot;https:\\\/\\\/stiftadmont.at\\\/wp-content\\\/uploads\\\/Gegenwartskunst_c-Thomas_Sattler_29.jpg&quot;,&quot;type&quot;:&quot;image&quot;},{&quot;href&quot;:&quot;https:\\\/\\\/stiftadmont.at\\\/wp-content\\\/uploads\\\/Gegenwartskunst_c-Thomas_Sattler_3.jpg&quot;,&quot;type&quot;:&quot;image&quot;},{&quot;href&quot;:&quot;https:\\\/\\\/stiftadmont.at\\\/wp-content\\\/uploads\\\/Gegenwartskunst_c-Thomas_Sattler_9.jpg&quot;,&quot;type&quot;:&quot;image&quot;}]); initImageSliderBlockAnim($el);\">\n    <div class=\"image-slider__inner\">\n\n        <div class=\"swiper-container\" x-init=\"initImageSliderBlock($el, $refs.btnPrev, $refs.btnNext)\">\n            <div class=\"swiper-wrapper\">\n                                    <div class=\"swiper-slide\">\n                        <div class=\"image-slider__media\">\n                            <img decoding=\"async\" class=\"image-slider__image\" src=\"https:\/\/stiftadmont.at\/wp-content\/uploads\/Gegenwartskunst_c-Thomas_Sattler_20.jpg\" alt=\"Gegenwartskunst c Thomas Sattler\" \/>\n                        <\/div>\n                    <\/div>\n                                    <div class=\"swiper-slide\">\n                        <div class=\"image-slider__media\">\n                            <img decoding=\"async\" class=\"image-slider__image\"\n                                 src=\"https:\/\/stiftadmont.at\/wp-content\/uploads\/Gegenwartskunst_c-Thomas_Sattler_17-768x576.jpg\"\n                                 alt=\"Gegenwartskunst c Thomas Sattler\">\n                        <\/div>\n                    <\/div>\n                                    <div class=\"swiper-slide\">\n                        <div class=\"image-slider__media\">\n                            <img decoding=\"async\" class=\"image-slider__image\"\n                                 src=\"https:\/\/stiftadmont.at\/wp-content\/uploads\/Gegenwartskunst_c-Thomas_Sattler_19-768x576.jpg\"\n                                 alt=\"Stift Admont - Museum f\u00fcr Gegenwartskunst 2024 \u00a9 Thomas Sattler\">\n                        <\/div>\n                    <\/div>\n                                    <div class=\"swiper-slide\">\n                        <div class=\"image-slider__media\">\n                            <img decoding=\"async\" class=\"image-slider__image\"\n                                 src=\"https:\/\/stiftadmont.at\/wp-content\/uploads\/Gegenwartskunst_c-Thomas_Sattler_26-768x576.jpg\"\n                                 alt=\"Gegenwartskunst c Thomas Sattler\">\n                        <\/div>\n                    <\/div>\n                                    <div class=\"swiper-slide\">\n                        <div class=\"image-slider__media\">\n                            <img decoding=\"async\" class=\"image-slider__image\"\n                                 src=\"https:\/\/stiftadmont.at\/wp-content\/uploads\/Gegenwartskunst_c-Thomas_Sattler_2-768x576.jpg\"\n                                 alt=\"Gegenwartskunst c Thomas Sattler\">\n                        <\/div>\n                    <\/div>\n                                    <div class=\"swiper-slide\">\n                        <div class=\"image-slider__media\">\n                            <img decoding=\"async\" class=\"image-slider__image\"\n                                 src=\"https:\/\/stiftadmont.at\/wp-content\/uploads\/Gegenwartskunst_c-Thomas_Sattler_29-768x576.jpg\"\n                                 alt=\"Gegenwartskunst c Thomas Sattler\">\n                        <\/div>\n                    <\/div>\n                                    <div class=\"swiper-slide\">\n                        <div class=\"image-slider__media\">\n                            <img decoding=\"async\" class=\"image-slider__image\"\n                                 src=\"https:\/\/stiftadmont.at\/wp-content\/uploads\/Gegenwartskunst_c-Thomas_Sattler_3-768x576.jpg\"\n                                 alt=\"Stift Admont - Museum f\u00fcr Gegenwartskunst 2024 \u00a9 Thomas Sattler\">\n                        <\/div>\n                    <\/div>\n                                    <div class=\"swiper-slide\">\n                        <div class=\"image-slider__media\">\n                            <img decoding=\"async\" class=\"image-slider__image\" src=\"https:\/\/stiftadmont.at\/wp-content\/uploads\/Gegenwartskunst_c-Thomas_Sattler_9.jpg\" alt=\"Gegenwartskunst c Thomas Sattler\" \/>\n                        <\/div>\n                    <\/div>\n                            <\/div>\n\n            <div class=\"swiper-nav-wrapper\">\n                <button class=\"swiper-button-prev slider-button--prev\" x-ref=\"btnPrev\"\n                        aria-label=\"Vorige Bilder anzeigen\">\n                    <img decoding=\"async\" src=\"\/wp-content\/themes\/stift-admont\/src\/assets\/img\/arrow-left-big-new.svg\" alt=\"Pfeil nach Links\">\n                <\/button>\n\n\n                <a class=\"image-slider__gallery\" @click=\"openGallery(gallery)\"><i class=\"fa-thin fa-plus\"><\/i><\/a>\n                <button class=\"swiper-button-next slider-button--next\"\n                        x-ref=\"btnNext\"\n                        aria-label=\"N\u00e4chste Bilder anzeigen\">\n                    <img decoding=\"async\" src=\"\/wp-content\/themes\/stift-admont\/src\/assets\/img\/arrow-right-big-new.svg\" alt=\"Pfeil nach Rechts\">\n                <\/button>\n            <\/div>\n        <\/div>\n    <\/div>\n\n\n<\/div><\/section>","protected":false},"excerpt":{"rendered":"","protected":false},"author":7,"featured_media":4741,"parent":13092,"menu_order":0,"comment_status":"closed","ping_status":"closed","template":"","meta":{"_acf_changed":false,"footnotes":""},"categories":[74],"class_list":["post-24615","page","type-page","status-publish","has-post-thumbnail","hentry","category-aktuelle-ausstellungen"],"acf":[],"yoast_head":"<!-- This site is optimized with the Yoast SEO Premium plugin v26.0 (Yoast SEO v26.8) - https:\/\/yoast.com\/product\/yoast-seo-premium-wordpress\/ -->\n<title>Zankl trifft auf Schwarz 2025 - Stift Admont<\/title>\n<meta name=\"robots\" content=\"index, follow, max-snippet:-1, max-image-preview:large, max-video-preview:-1\" \/>\n<link rel=\"canonical\" href=\"https:\/\/stiftadmont.at\/zh\/\u5f53\u524d\u5c55\u89c8\/\u8d5e\u514b\u5c14\u4e0e\u9ed1\u8272-2025\/\" \/>\n<meta property=\"og:locale\" content=\"zh_CN\" \/>\n<meta property=\"og:type\" content=\"article\" \/>\n<meta property=\"og:title\" content=\"Zankl trifft auf Schwarz 2025\" \/>\n<meta property=\"og:url\" content=\"https:\/\/stiftadmont.at\/zh\/\u5f53\u524d\u5c55\u89c8\/\u8d5e\u514b\u5c14\u4e0e\u9ed1\u8272-2025\/\" \/>\n<meta property=\"og:site_name\" content=\"Stift Admont\" \/>\n<meta property=\"article:modified_time\" content=\"2025-03-07T09:45:37+00:00\" \/>\n<meta property=\"og:image\" content=\"https:\/\/stiftadmont.at\/wp-content\/uploads\/Schwarz-Ausstellung-2020-DSC_9178-scaled.jpg\" \/>\n\t<meta property=\"og:image:width\" content=\"2560\" \/>\n\t<meta property=\"og:image:height\" content=\"1708\" \/>\n\t<meta property=\"og:image:type\" content=\"image\/jpeg\" \/>\n<meta name=\"twitter:card\" content=\"summary_large_image\" \/>\n<meta name=\"twitter:label1\" content=\"\u9884\u8ba1\u9605\u8bfb\u65f6\u95f4\" \/>\n\t<meta name=\"twitter:data1\" content=\"1 \u5206\" \/>\n<script type=\"application\/ld+json\" class=\"yoast-schema-graph\">{\"@context\":\"https:\/\/schema.org\",\"@graph\":[{\"@type\":\"WebPage\",\"@id\":\"https:\/\/stiftadmont.at\/aktuelle-ausstellungen\/zankl-trifft-auf-schwarz-2025\/\",\"url\":\"https:\/\/stiftadmont.at\/aktuelle-ausstellungen\/zankl-trifft-auf-schwarz-2025\/\",\"name\":\"Zankl trifft auf Schwarz 2025 - Stift Admont\",\"isPartOf\":{\"@id\":\"https:\/\/stiftadmont.at\/#website\"},\"primaryImageOfPage\":{\"@id\":\"https:\/\/stiftadmont.at\/aktuelle-ausstellungen\/zankl-trifft-auf-schwarz-2025\/#primaryimage\"},\"image\":{\"@id\":\"https:\/\/stiftadmont.at\/aktuelle-ausstellungen\/zankl-trifft-auf-schwarz-2025\/#primaryimage\"},\"thumbnailUrl\":\"https:\/\/stiftadmont.at\/wp-content\/uploads\/Schwarz-Ausstellung-2020-DSC_9178-scaled.jpg\",\"datePublished\":\"2023-12-20T09:21:46+00:00\",\"dateModified\":\"2025-03-07T09:45:37+00:00\",\"breadcrumb\":{\"@id\":\"https:\/\/stiftadmont.at\/aktuelle-ausstellungen\/zankl-trifft-auf-schwarz-2025\/#breadcrumb\"},\"inLanguage\":\"zh-Hans\",\"potentialAction\":[{\"@type\":\"ReadAction\",\"target\":[\"https:\/\/stiftadmont.at\/aktuelle-ausstellungen\/zankl-trifft-auf-schwarz-2025\/\"]}]},{\"@type\":\"ImageObject\",\"inLanguage\":\"zh-Hans\",\"@id\":\"https:\/\/stiftadmont.at\/aktuelle-ausstellungen\/zankl-trifft-auf-schwarz-2025\/#primaryimage\",\"url\":\"https:\/\/stiftadmont.at\/wp-content\/uploads\/Schwarz-Ausstellung-2020-DSC_9178-scaled.jpg\",\"contentUrl\":\"https:\/\/stiftadmont.at\/wp-content\/uploads\/Schwarz-Ausstellung-2020-DSC_9178-scaled.jpg\",\"width\":2560,\"height\":1708,\"caption\":\"Schwarz Ausstellung 2020 DSC 9178 scaled\"},{\"@type\":\"BreadcrumbList\",\"@id\":\"https:\/\/stiftadmont.at\/aktuelle-ausstellungen\/zankl-trifft-auf-schwarz-2025\/#breadcrumb\",\"itemListElement\":[{\"@type\":\"ListItem\",\"position\":1,\"name\":\"Start\",\"item\":\"https:\/\/stiftadmont.at\/\"},{\"@type\":\"ListItem\",\"position\":2,\"name\":\"Aktuelle Ausstellungen\",\"item\":\"https:\/\/stiftadmont.at\/aktuelle-ausstellungen\/\"},{\"@type\":\"ListItem\",\"position\":3,\"name\":\"Zankl trifft auf Schwarz 2025\"}]},{\"@type\":\"WebSite\",\"@id\":\"https:\/\/stiftadmont.at\/#website\",\"url\":\"https:\/\/stiftadmont.at\/\",\"name\":\"Stift Admont\",\"description\":\"Benediktinerkloster und Sehensw\u00fcrdigkeit im Ges\u00e4use\",\"potentialAction\":[{\"@type\":\"SearchAction\",\"target\":{\"@type\":\"EntryPoint\",\"urlTemplate\":\"https:\/\/stiftadmont.at\/?s={search_term_string}\"},\"query-input\":{\"@type\":\"PropertyValueSpecification\",\"valueRequired\":true,\"valueName\":\"search_term_string\"}}],\"inLanguage\":\"zh-Hans\"}]}<\/script>\n<!-- \/ Yoast SEO Premium plugin. -->","yoast_head_json":{"title":"\u8d5e\u514b\u5c14\u4e0e\u65bd\u74e6\u8328\u7684\u9082\u9005 2025 - \u963f\u5fb7\u8499\u7279\u4fee\u9053\u9662","robots":{"index":"index","follow":"follow","max-snippet":"max-snippet:-1","max-image-preview":"max-image-preview:large","max-video-preview":"max-video-preview:-1"},"canonical":"https:\/\/stiftadmont.at\/zh\/\u5f53\u524d\u5c55\u89c8\/\u8d5e\u514b\u5c14\u4e0e\u9ed1\u8272-2025\/","og_locale":"zh_CN","og_type":"article","og_title":"Zankl trifft auf Schwarz 2025","og_url":"https:\/\/stiftadmont.at\/zh\/\u5f53\u524d\u5c55\u89c8\/\u8d5e\u514b\u5c14\u4e0e\u9ed1\u8272-2025\/","og_site_name":"Stift Admont","article_modified_time":"2025-03-07T09:45:37+00:00","og_image":[{"width":2560,"height":1708,"url":"https:\/\/stiftadmont.at\/wp-content\/uploads\/Schwarz-Ausstellung-2020-DSC_9178-scaled.jpg","type":"image\/jpeg"}],"twitter_card":"summary_large_image","twitter_misc":{"\u9884\u8ba1\u9605\u8bfb\u65f6\u95f4":"1 \u5206"},"schema":{"@context":"https:\/\/schema.org","@graph":[{"@type":"WebPage","@id":"https:\/\/stiftadmont.at\/aktuelle-ausstellungen\/zankl-trifft-auf-schwarz-2025\/","url":"https:\/\/stiftadmont.at\/aktuelle-ausstellungen\/zankl-trifft-auf-schwarz-2025\/","name":"\u8d5e\u514b\u5c14\u4e0e\u65bd\u74e6\u8328\u7684\u9082\u9005 2025 - \u963f\u5fb7\u8499\u7279\u4fee\u9053\u9662","isPartOf":{"@id":"https:\/\/stiftadmont.at\/#website"},"primaryImageOfPage":{"@id":"https:\/\/stiftadmont.at\/aktuelle-ausstellungen\/zankl-trifft-auf-schwarz-2025\/#primaryimage"},"image":{"@id":"https:\/\/stiftadmont.at\/aktuelle-ausstellungen\/zankl-trifft-auf-schwarz-2025\/#primaryimage"},"thumbnailUrl":"https:\/\/stiftadmont.at\/wp-content\/uploads\/Schwarz-Ausstellung-2020-DSC_9178-scaled.jpg","datePublished":"2023-12-20T09:21:46+00:00","dateModified":"2025-03-07T09:45:37+00:00","breadcrumb":{"@id":"https:\/\/stiftadmont.at\/aktuelle-ausstellungen\/zankl-trifft-auf-schwarz-2025\/#breadcrumb"},"inLanguage":"zh-Hans","potentialAction":[{"@type":"ReadAction","target":["https:\/\/stiftadmont.at\/aktuelle-ausstellungen\/zankl-trifft-auf-schwarz-2025\/"]}]},{"@type":"ImageObject","inLanguage":"zh-Hans","@id":"https:\/\/stiftadmont.at\/aktuelle-ausstellungen\/zankl-trifft-auf-schwarz-2025\/#primaryimage","url":"https:\/\/stiftadmont.at\/wp-content\/uploads\/Schwarz-Ausstellung-2020-DSC_9178-scaled.jpg","contentUrl":"https:\/\/stiftadmont.at\/wp-content\/uploads\/Schwarz-Ausstellung-2020-DSC_9178-scaled.jpg","width":2560,"height":1708,"caption":"Schwarz Ausstellung 2020 DSC 9178 scaled"},{"@type":"BreadcrumbList","@id":"https:\/\/stiftadmont.at\/aktuelle-ausstellungen\/zankl-trifft-auf-schwarz-2025\/#breadcrumb","itemListElement":[{"@type":"ListItem","position":1,"name":"Start","item":"https:\/\/stiftadmont.at\/"},{"@type":"ListItem","position":2,"name":"Aktuelle Ausstellungen","item":"https:\/\/stiftadmont.at\/aktuelle-ausstellungen\/"},{"@type":"ListItem","position":3,"name":"Zankl trifft auf Schwarz 2025"}]},{"@type":"WebSite","@id":"https:\/\/stiftadmont.at\/#website","url":"https:\/\/stiftadmont.at\/","name":"\u963f\u5fb7\u8499\u7279\u4fee\u9053\u9662","description":"\u683c\u8428\u5c14\u5730\u533a\u7684\u672c\u7b03\u4f1a\u4fee\u9053\u9662\u548c\u65c5\u6e38\u666f\u70b9","potentialAction":[{"@type":"SearchAction","target":{"@type":"EntryPoint","urlTemplate":"https:\/\/stiftadmont.at\/?s={search_term_string}"},"query-input":{"@type":"PropertyValueSpecification","valueRequired":true,"valueName":"search_term_string"}}],"inLanguage":"zh-Hans"}]}},"_links":{"self":[{"href":"https:\/\/stiftadmont.at\/zh\/wp-json\/wp\/v2\/pages\/24615","targetHints":{"allow":["GET"]}}],"collection":[{"href":"https:\/\/stiftadmont.at\/zh\/wp-json\/wp\/v2\/pages"}],"about":[{"href":"https:\/\/stiftadmont.at\/zh\/wp-json\/wp\/v2\/types\/page"}],"author":[{"embeddable":true,"href":"https:\/\/stiftadmont.at\/zh\/wp-json\/wp\/v2\/users\/7"}],"replies":[{"embeddable":true,"href":"https:\/\/stiftadmont.at\/zh\/wp-json\/wp\/v2\/comments?post=24615"}],"version-history":[{"count":33,"href":"https:\/\/stiftadmont.at\/zh\/wp-json\/wp\/v2\/pages\/24615\/revisions"}],"predecessor-version":[{"id":33252,"href":"https:\/\/stiftadmont.at\/zh\/wp-json\/wp\/v2\/pages\/24615\/revisions\/33252"}],"up":[{"embeddable":true,"href":"https:\/\/stiftadmont.at\/zh\/wp-json\/wp\/v2\/pages\/13092"}],"wp:featuredmedia":[{"embeddable":true,"href":"https:\/\/stiftadmont.at\/zh\/wp-json\/wp\/v2\/media\/4741"}],"wp:attachment":[{"href":"https:\/\/stiftadmont.at\/zh\/wp-json\/wp\/v2\/media?parent=24615"}],"wp:term":[{"taxonomy":"category","embeddable":true,"href":"https:\/\/stiftadmont.at\/zh\/wp-json\/wp\/v2\/categories?post=24615"}],"curies":[{"name":"wp","href":"https:\/\/api.w.org\/{rel}","templated":true}]}}