{"id":25139,"date":"2024-01-06T19:51:12","date_gmt":"2024-01-06T17:51:12","guid":{"rendered":"https:\/\/stiftadmont.at\/?page_id=25139"},"modified":"2025-06-05T08:08:42","modified_gmt":"2025-06-05T06:08:42","slug":"%e8%8a%b1%e6%88%bf%e6%9c%8d%e5%8a%a1","status":"publish","type":"page","link":"https:\/\/stiftadmont.at\/zh\/services-blumenhaus\/","title":{"rendered":"\u670d\u52a1"},"content":{"rendered":"<section id='lightpress__section--block_8f17fd8c78b7fa4fe688f4f64a8f7424' class='lightpress__section--default-section-space lightpress__section lightpress__section--content'><div class=\"content__inner\"\n         x-init=\"initContentBlockAnim($el)\">\n        \n    <div class=\"content__grid content__grid--fifty-fifty\">\n                                            <div class=\"content__box content__box\"\n                 style=\"\">\n                                \n                \n                                            <div class=\"prose\"><h5 class=\"heading-m line line-above line--gold\">Bl\u00fchende Vielfalt aus der Stiftsg\u00e4rtnerei Admont<\/h5>\n<p class=\"paragraph-m\">\u00a0<\/p>\n<p class=\"paragraph-m\">Jedes Jahr gedeihen in den Glash\u00e4usern der Stiftsg\u00e4rtnerei Admont bis zu 50 verschiedene Sorten an Balkonblumen \u2013 liebevoll aufgezogen, sorgf\u00e4ltig gepflegt und voller Lebenskraft.<\/p>\n<p class=\"paragraph-m\">\u00a0<\/p>\n<p class=\"paragraph-m\">Unsere Blumen bedanken sich mit einem farbenpr\u00e4chtigen Schauspiel und gesunder Bl\u00fctenpracht, das Herzen h\u00f6herschlagen l\u00e4sst. Schon bevor der Fr\u00fchling ganz Einzug h\u00e4lt, k\u00f6nnen Sie aus unserem vielf\u00e4ltigen Sortiment w\u00e4hlen \u2013 und Ihre Pflanzen gerne noch eine Weile in unserer f\u00fcrsorglichen Obhut lassen, bis sie bereit sind, Ihren Balkon in ein Bl\u00fctenmeer zu verwandeln.<\/p>\n<p>\u00a0<\/p>\n<p>\u00a0<\/p>\n<h5 class=\"heading-m line line-above line--gold\">Floristik Service<\/h5>\n<p>\u00a0<\/p>\n<ul>\n<li>\n<p class=\"paragraph-m\">Wahlweise stellen wir einzelne\u00a0<span style=\"box-sizing: border-box; margin: 0px; padding: 0px; font-weight: bolder;\">Dekorationselemente\u00a0<\/span>f\u00fcr Ihren Anlass\u00a0<span style=\"box-sizing: border-box; margin: 0px; padding: 0px; font-weight: bolder;\">zum Verleih<\/span>.<\/p>\n<\/li>\n<li>\n<p class=\"paragraph-m\">Unsere Floristinnen erstellen vor Ihrer Veranstaltung einen\u00a0<span style=\"box-sizing: border-box; margin: 0px; padding: 0px; font-weight: bolder;\">Musterstrau\u00df\u00a0<\/span>\u2013 so k\u00f6nnen wir am Besten auf Ihre\u00a0<span style=\"box-sizing: border-box; margin: 0px; padding: 0px; font-weight: bolder;\">individuellen Fertigungsw\u00fcnsche<\/span> eingehen.<\/p>\n<\/li>\n<\/ul>\n<\/div>\n                    \n                            <\/div>\n        \n                                                    <div class=\"content__box content__box--2\"\n                     >\n                                        \n                    \n                                                <div class=\"content__media stickyTo\" x-init=\"imageSticky($el)\">\n\n                                                                                    <picture\n                                    class=\"content__image sticky\">\n                                <source srcset=\"https:\/\/stiftadmont.at\/wp-content\/uploads\/Gaertnerei-11-1024x683.webp\" type=\"image\/webp\">\n                                <source srcset=\"https:\/\/stiftadmont.at\/wp-content\/uploads\/Gaertnerei-11-1024x683.jpg\" type=\"image\/jpeg\">\n                                <img decoding=\"async\" class=\"sticky\" loading=\"lazy\" src=\"https:\/\/stiftadmont.at\/wp-content\/uploads\/Gaertnerei-11-1024x683.jpg\"\n                                     alt=\"G\u00e4rtnerei 2022\">\n\n                                                                                                                            <\/picture>\n\n                        <\/div>\n\n                                    <\/div>\n            \n            <\/div>\n<\/div>\n\n<\/section>\n\n<section id='lightpress__section--block_dda39daa87902f8a404eeda465579b9d' class='bg--beige lightpress__section--colored-bg lightpress__section--default-section-space lightpress__section lightpress__section--content'><div class=\"content__inner\"\n         x-init=\"initContentBlockAnim($el)\">\n        \n    <div class=\"content__grid content__grid--fifty-fifty\">\n                                            <div class=\"content__box content__box\"\n                 style=\"\">\n                                \n                \n                                        <div class=\"content__media stickyTo\" x-init=\"imageSticky($el)\">\n\n                                                                                                <picture\n                                class=\"content__image sticky\">\n                            <source srcset=\"https:\/\/stiftadmont.at\/wp-content\/uploads\/151-20231110-Eroeffnung-Blumenhaus-197-1024x683.jpg\"\n                                    type=\"image\/webp\">\n                            <source srcset=\"https:\/\/stiftadmont.at\/wp-content\/uploads\/151-20231110-Eroeffnung-Blumenhaus-197-1024x683.jpg\"\n                                    type=\"image\/jpeg\">\n                            <img decoding=\"async\" loading=\"lazy\"\n                                 src=\"https:\/\/stiftadmont.at\/wp-content\/uploads\/151-20231110-Eroeffnung-Blumenhaus-197-1024x683.jpg\"\n                                 alt=\"151   20231110 Eroeffnung Blumenhaus 197\" width=\"600\" height=\"450\">\n                                                                                                            <\/picture>\n\n                    <\/div>\n\n                            <\/div>\n        \n                                                    <div class=\"content__box content__box--2\"\n                     >\n                                        \n                    \n                                                    <div class=\"prose\"><h5 class=\"heading-m line line-above line--gold\">Unser Rundum-Service f\u00fcr Privatkunden, Hotellerie und Gastronomie\u00a0<\/h5>\n<p>\u00a0<\/p>\n<p class=\"paragraph-m\">Von Ihnen ausgesucht und von uns in Ihre Balkonblumenk\u00e4sten gepflanzt lagert Ihr bl\u00fchender Balkonschmuck gut gesch\u00fctzt vor sp\u00e4ten Fr\u00f6sten in den Glash\u00e4usern der Stiftsg\u00e4rtnerei Admont. Um Ihnen die M\u00fchen der Abholung zu ersparen, liefern wir Ihre Balkonblumenk\u00e4sten gleich nach den Eisheiligen direkt zu Ihnen nach Hause.<\/p>\n<p>\u00a0<\/p>\n<p class=\"paragraph-m\"><strong>Diesen Rundum-Service bieten wir gleicherma\u00dfen Privatkunden wie Hotellerie und Gastronomie an.<\/strong><\/p>\n<\/div>\n                        \n                                    <\/div>\n            \n            <\/div>\n<\/div>\n\n    <div class=\"background__container background__container--beige\">\n    <\/div>\n\n<\/section>\n\n<section id='lightpress__section--block_0615b4e4b00bda24be673e1a3bae5e68' class='lightpress__section--default-section-space lightpress__section lightpress__section--image-slider'>\n<div class=\"image-slider\"\n     x-data=\"{ gallery: null, shown: false }\"\n     x-init=\"gallery = initSliderGallery([{&quot;href&quot;:&quot;https:\\\/\\\/stiftadmont.at\\\/wp-content\\\/uploads\\\/126-20231110-Eroeffnung-Blumenhaus-167-1920x2880.jpg&quot;,&quot;type&quot;:&quot;image&quot;},{&quot;href&quot;:&quot;https:\\\/\\\/stiftadmont.at\\\/wp-content\\\/uploads\\\/Blumenhaus_team_banner.jpg&quot;,&quot;type&quot;:&quot;image&quot;},{&quot;href&quot;:&quot;https:\\\/\\\/stiftadmont.at\\\/wp-content\\\/uploads\\\/134-20231110-Eroeffnung-Blumenhaus-175-1920x2880.jpg&quot;,&quot;type&quot;:&quot;image&quot;},{&quot;href&quot;:&quot;https:\\\/\\\/stiftadmont.at\\\/wp-content\\\/uploads\\\/Balkonblumen_Gaertnerei.jpg&quot;,&quot;type&quot;:&quot;image&quot;}]); initImageSliderBlockAnim($el);\">\n    <div class=\"image-slider__inner\">\n\n        <div class=\"swiper-container\" x-init=\"initImageSliderBlock($el, $refs.btnPrev, $refs.btnNext)\">\n            <div class=\"swiper-wrapper\">\n                                    <div class=\"swiper-slide\">\n                        <div class=\"image-slider__media\">\n                            <img decoding=\"async\" class=\"image-slider__image\"\n                                 src=\"https:\/\/stiftadmont.at\/wp-content\/uploads\/126-20231110-Eroeffnung-Blumenhaus-167-768x1152.jpg\"\n                                 alt=\"126   20231110 Eroeffnung Blumenhaus 167\">\n                        <\/div>\n                    <\/div>\n                                    <div class=\"swiper-slide\">\n                        <div class=\"image-slider__media\">\n                            <img decoding=\"async\" class=\"image-slider__image\"\n                                 src=\"https:\/\/stiftadmont.at\/wp-content\/uploads\/Blumenhaus_team_banner-768x512.jpg\"\n                                 alt=\"Blumenhaus team banner\">\n                        <\/div>\n                    <\/div>\n                                    <div class=\"swiper-slide\">\n                        <div class=\"image-slider__media\">\n                            <img decoding=\"async\" class=\"image-slider__image\"\n                                 src=\"https:\/\/stiftadmont.at\/wp-content\/uploads\/134-20231110-Eroeffnung-Blumenhaus-175-768x1152.jpg\"\n                                 alt=\"134   20231110 Eroeffnung Blumenhaus 175\">\n                        <\/div>\n                    <\/div>\n                                    <div class=\"swiper-slide\">\n                        <div class=\"image-slider__media\">\n                            <img decoding=\"async\" class=\"image-slider__image\"\n                                 src=\"https:\/\/stiftadmont.at\/wp-content\/uploads\/Balkonblumen_Gaertnerei-768x399.jpg\"\n                                 alt=\"Balkonblumen G\u00e4rtnerei\">\n                        <\/div>\n                    <\/div>\n                            <\/div>\n\n            <div class=\"swiper-nav-wrapper\">\n                <button class=\"swiper-button-prev slider-button--prev\" x-ref=\"btnPrev\"\n                        aria-label=\"Vorige Bilder anzeigen\">\n                    <img decoding=\"async\" src=\"\/wp-content\/themes\/stift-admont\/src\/assets\/img\/arrow-left-big-new.svg\" alt=\"Pfeil nach Links\">\n                <\/button>\n\n\n                <a class=\"image-slider__gallery\" @click=\"openGallery(gallery)\"><i class=\"fa-thin fa-plus\"><\/i><\/a>\n                <button class=\"swiper-button-next slider-button--next\"\n                        x-ref=\"btnNext\"\n                        aria-label=\"N\u00e4chste Bilder anzeigen\">\n                    <img decoding=\"async\" src=\"\/wp-content\/themes\/stift-admont\/src\/assets\/img\/arrow-right-big-new.svg\" alt=\"Pfeil nach Rechts\">\n                <\/button>\n            <\/div>\n        <\/div>\n    <\/div>\n\n\n<\/div><\/section>","protected":false},"excerpt":{"rendered":"","protected":false},"author":19,"featured_media":23202,"parent":0,"menu_order":27,"comment_status":"closed","ping_status":"closed","template":"","meta":{"_acf_changed":false,"footnotes":""},"categories":[],"class_list":["post-25139","page","type-page","status-publish","has-post-thumbnail","hentry"],"acf":[],"yoast_head":"<!-- This site is optimized with the Yoast SEO Premium plugin v26.0 (Yoast SEO v26.8) - https:\/\/yoast.com\/product\/yoast-seo-premium-wordpress\/ -->\n<title>Services - Stift Admont<\/title>\n<meta name=\"robots\" content=\"index, follow, max-snippet:-1, max-image-preview:large, max-video-preview:-1\" \/>\n<link rel=\"canonical\" href=\"https:\/\/stiftadmont.at\/zh\/\u82b1\u623f\u670d\u52a1\/\" \/>\n<meta property=\"og:locale\" content=\"zh_CN\" \/>\n<meta property=\"og:type\" content=\"article\" \/>\n<meta property=\"og:title\" content=\"Services\" \/>\n<meta property=\"og:url\" content=\"https:\/\/stiftadmont.at\/zh\/\u82b1\u623f\u670d\u52a1\/\" \/>\n<meta property=\"og:site_name\" content=\"Stift Admont\" \/>\n<meta property=\"article:modified_time\" content=\"2025-06-05T06:08:42+00:00\" \/>\n<meta property=\"og:image\" content=\"https:\/\/stiftadmont.at\/wp-content\/uploads\/150-20231110-Eroeffnung-Blumenhaus-196-scaled.jpg\" \/>\n\t<meta property=\"og:image:width\" content=\"2560\" \/>\n\t<meta property=\"og:image:height\" content=\"1707\" \/>\n\t<meta property=\"og:image:type\" content=\"image\/jpeg\" \/>\n<meta name=\"twitter:card\" content=\"summary_large_image\" \/>\n<meta name=\"twitter:label1\" content=\"\u9884\u8ba1\u9605\u8bfb\u65f6\u95f4\" \/>\n\t<meta name=\"twitter:data1\" content=\"1 \u5206\" \/>\n<script type=\"application\/ld+json\" class=\"yoast-schema-graph\">{\"@context\":\"https:\/\/schema.org\",\"@graph\":[{\"@type\":\"WebPage\",\"@id\":\"https:\/\/stiftadmont.at\/services-blumenhaus\/\",\"url\":\"https:\/\/stiftadmont.at\/services-blumenhaus\/\",\"name\":\"Services - Stift Admont\",\"isPartOf\":{\"@id\":\"https:\/\/stiftadmont.at\/#website\"},\"primaryImageOfPage\":{\"@id\":\"https:\/\/stiftadmont.at\/services-blumenhaus\/#primaryimage\"},\"image\":{\"@id\":\"https:\/\/stiftadmont.at\/services-blumenhaus\/#primaryimage\"},\"thumbnailUrl\":\"https:\/\/stiftadmont.at\/wp-content\/uploads\/150-20231110-Eroeffnung-Blumenhaus-196-scaled.jpg\",\"datePublished\":\"2024-01-06T17:51:12+00:00\",\"dateModified\":\"2025-06-05T06:08:42+00:00\",\"breadcrumb\":{\"@id\":\"https:\/\/stiftadmont.at\/services-blumenhaus\/#breadcrumb\"},\"inLanguage\":\"zh-Hans\",\"potentialAction\":[{\"@type\":\"ReadAction\",\"target\":[\"https:\/\/stiftadmont.at\/services-blumenhaus\/\"]}]},{\"@type\":\"ImageObject\",\"inLanguage\":\"zh-Hans\",\"@id\":\"https:\/\/stiftadmont.at\/services-blumenhaus\/#primaryimage\",\"url\":\"https:\/\/stiftadmont.at\/wp-content\/uploads\/150-20231110-Eroeffnung-Blumenhaus-196-scaled.jpg\",\"contentUrl\":\"https:\/\/stiftadmont.at\/wp-content\/uploads\/150-20231110-Eroeffnung-Blumenhaus-196-scaled.jpg\",\"width\":2560,\"height\":1707,\"caption\":\"150 20231110 Eroeffnung Blumenhaus 196\"},{\"@type\":\"BreadcrumbList\",\"@id\":\"https:\/\/stiftadmont.at\/services-blumenhaus\/#breadcrumb\",\"itemListElement\":[{\"@type\":\"ListItem\",\"position\":1,\"name\":\"Start\",\"item\":\"https:\/\/stiftadmont.at\/\"},{\"@type\":\"ListItem\",\"position\":2,\"name\":\"Services\"}]},{\"@type\":\"WebSite\",\"@id\":\"https:\/\/stiftadmont.at\/#website\",\"url\":\"https:\/\/stiftadmont.at\/\",\"name\":\"Stift Admont\",\"description\":\"Benediktinerkloster und Sehensw\u00fcrdigkeit im Ges\u00e4use\",\"potentialAction\":[{\"@type\":\"SearchAction\",\"target\":{\"@type\":\"EntryPoint\",\"urlTemplate\":\"https:\/\/stiftadmont.at\/?s={search_term_string}\"},\"query-input\":{\"@type\":\"PropertyValueSpecification\",\"valueRequired\":true,\"valueName\":\"search_term_string\"}}],\"inLanguage\":\"zh-Hans\"}]}<\/script>\n<!-- \/ Yoast SEO Premium plugin. -->","yoast_head_json":{"title":"\u670d\u52a1 - \u963f\u5fb7\u8499\u7279\u4fee\u9053\u9662","robots":{"index":"index","follow":"follow","max-snippet":"max-snippet:-1","max-image-preview":"max-image-preview:large","max-video-preview":"max-video-preview:-1"},"canonical":"https:\/\/stiftadmont.at\/zh\/\u82b1\u623f\u670d\u52a1\/","og_locale":"zh_CN","og_type":"article","og_title":"Services","og_url":"https:\/\/stiftadmont.at\/zh\/\u82b1\u623f\u670d\u52a1\/","og_site_name":"Stift Admont","article_modified_time":"2025-06-05T06:08:42+00:00","og_image":[{"width":2560,"height":1707,"url":"https:\/\/stiftadmont.at\/wp-content\/uploads\/150-20231110-Eroeffnung-Blumenhaus-196-scaled.jpg","type":"image\/jpeg"}],"twitter_card":"summary_large_image","twitter_misc":{"\u9884\u8ba1\u9605\u8bfb\u65f6\u95f4":"1 \u5206"},"schema":{"@context":"https:\/\/schema.org","@graph":[{"@type":"WebPage","@id":"https:\/\/stiftadmont.at\/services-blumenhaus\/","url":"https:\/\/stiftadmont.at\/services-blumenhaus\/","name":"\u670d\u52a1 - \u963f\u5fb7\u8499\u7279\u4fee\u9053\u9662","isPartOf":{"@id":"https:\/\/stiftadmont.at\/#website"},"primaryImageOfPage":{"@id":"https:\/\/stiftadmont.at\/services-blumenhaus\/#primaryimage"},"image":{"@id":"https:\/\/stiftadmont.at\/services-blumenhaus\/#primaryimage"},"thumbnailUrl":"https:\/\/stiftadmont.at\/wp-content\/uploads\/150-20231110-Eroeffnung-Blumenhaus-196-scaled.jpg","datePublished":"2024-01-06T17:51:12+00:00","dateModified":"2025-06-05T06:08:42+00:00","breadcrumb":{"@id":"https:\/\/stiftadmont.at\/services-blumenhaus\/#breadcrumb"},"inLanguage":"zh-Hans","potentialAction":[{"@type":"ReadAction","target":["https:\/\/stiftadmont.at\/services-blumenhaus\/"]}]},{"@type":"ImageObject","inLanguage":"zh-Hans","@id":"https:\/\/stiftadmont.at\/services-blumenhaus\/#primaryimage","url":"https:\/\/stiftadmont.at\/wp-content\/uploads\/150-20231110-Eroeffnung-Blumenhaus-196-scaled.jpg","contentUrl":"https:\/\/stiftadmont.at\/wp-content\/uploads\/150-20231110-Eroeffnung-Blumenhaus-196-scaled.jpg","width":2560,"height":1707,"caption":"150 20231110 Eroeffnung Blumenhaus 196"},{"@type":"BreadcrumbList","@id":"https:\/\/stiftadmont.at\/services-blumenhaus\/#breadcrumb","itemListElement":[{"@type":"ListItem","position":1,"name":"Start","item":"https:\/\/stiftadmont.at\/"},{"@type":"ListItem","position":2,"name":"Services"}]},{"@type":"WebSite","@id":"https:\/\/stiftadmont.at\/#website","url":"https:\/\/stiftadmont.at\/","name":"\u963f\u5fb7\u8499\u7279\u4fee\u9053\u9662","description":"\u683c\u8428\u5c14\u5730\u533a\u7684\u672c\u7b03\u4f1a\u4fee\u9053\u9662\u548c\u65c5\u6e38\u666f\u70b9","potentialAction":[{"@type":"SearchAction","target":{"@type":"EntryPoint","urlTemplate":"https:\/\/stiftadmont.at\/?s={search_term_string}"},"query-input":{"@type":"PropertyValueSpecification","valueRequired":true,"valueName":"search_term_string"}}],"inLanguage":"zh-Hans"}]}},"_links":{"self":[{"href":"https:\/\/stiftadmont.at\/zh\/wp-json\/wp\/v2\/pages\/25139","targetHints":{"allow":["GET"]}}],"collection":[{"href":"https:\/\/stiftadmont.at\/zh\/wp-json\/wp\/v2\/pages"}],"about":[{"href":"https:\/\/stiftadmont.at\/zh\/wp-json\/wp\/v2\/types\/page"}],"author":[{"embeddable":true,"href":"https:\/\/stiftadmont.at\/zh\/wp-json\/wp\/v2\/users\/19"}],"replies":[{"embeddable":true,"href":"https:\/\/stiftadmont.at\/zh\/wp-json\/wp\/v2\/comments?post=25139"}],"version-history":[{"count":21,"href":"https:\/\/stiftadmont.at\/zh\/wp-json\/wp\/v2\/pages\/25139\/revisions"}],"predecessor-version":[{"id":35247,"href":"https:\/\/stiftadmont.at\/zh\/wp-json\/wp\/v2\/pages\/25139\/revisions\/35247"}],"wp:featuredmedia":[{"embeddable":true,"href":"https:\/\/stiftadmont.at\/zh\/wp-json\/wp\/v2\/media\/23202"}],"wp:attachment":[{"href":"https:\/\/stiftadmont.at\/zh\/wp-json\/wp\/v2\/media?parent=25139"}],"wp:term":[{"taxonomy":"category","embeddable":true,"href":"https:\/\/stiftadmont.at\/zh\/wp-json\/wp\/v2\/categories?post=25139"}],"curies":[{"name":"wp","href":"https:\/\/api.w.org\/{rel}","templated":true}]}}