{"id":29267,"date":"2024-07-15T08:17:11","date_gmt":"2024-07-15T06:17:11","guid":{"rendered":"https:\/\/stiftadmont.at\/?page_id=29267"},"modified":"2025-06-12T11:37:25","modified_gmt":"2025-06-12T09:37:25","slug":"%e5%a5%87%e9%81%87%e8%ae%b0-2","status":"publish","type":"page","link":"https:\/\/stiftadmont.at\/zh\/haus-der-begegnung-2\/","title":{"rendered":"\u9082\u9005\u4e4b\u5bb6"},"content":{"rendered":"<section id='lightpress__section--block_d7807027b64971b560812f0655351eec' class='align-center lightpress__section--default-section-space lightpress__section lightpress__section--headline'><div class=\"headline__container\">\n            <h2 class=\"headline text--40 text-medium line line--gold line-above line-middle\">\u70ed\u70c8\u6b22\u8fce <\/h2>\n        <p class=\"text-center text-gold text--20 text-medium text--uppercase\">\u683c\u62c9\u8328\u76f8\u9047\u4e4b\u5bb6<\/p>\n        <div class=\"spacer--40\"><\/div>\n<\/div>\n\n<\/section>\n\n<section id='lightpress__section--block_e5e7c2dd7430c419d58b68776d24aa61' class='lightpress__section--default-section-space lightpress__section lightpress__section--content'><div class=\"content__inner\"\n         x-init=\"initContentBlockAnim($el)\">\n        \n    <div class=\"content__grid content__grid\">\n                                            <div class=\"content__box content__box--one-hundred\"\n                 style=\"\">\n                                \n                \n                                            <div class=\"prose\"><p class=\"paragraph-m text-center\">\u5f88\u9ad8\u5174\u60a8\u80fd\u8bbf\u95ee\u6211\u4eec\u683c\u62c9\u8328\u4e4b\u5bb6\u7684\u4e3b\u9875\uff0c\u5e76\u5411\u60a8\u81f4\u4ee5\u6700\u8bda\u631a\u7684\u95ee\u5019\u3002\u73b0\u5728\uff0c\u6211\u60f3\u9080\u8bf7\u60a8\u53c2\u89c2\u4e00\u4e0b\u6211\u4eec\u7684\u672c\u7b03\u4f1a\u7075\u4fee\u4e2d\u5fc3\uff0c\u5b83\u7684\u7279\u70b9\u662f\u4f20\u7edf\u7684 \"\u7948\u7977\u4e0e\u5de5\u4f5c\"\u3002\u672c\u7b03\u4f1a\u4fee\u9053\u9662\u7531\u963f\u5fb7\u8499\u7279\u7684\u672c\u7b03\u4f1a\u4fee\u9053\u9662\u521b\u5efa\uff0c\u76ee\u7684\u662f\u4e3a\u6211\u4eec\u5728\u7701\u4f1a\u7684\u56e2\u4f53\u63d0\u4f9b\u4e00\u4e2a\u805a\u4f1a\u573a\u6240\u3002<\/p>\n<p class=\"paragraph-m text-center\">\u671f\u5f85\u8fd9\u6b21\u76f8\u9047<\/p>\n<p class=\"paragraph-m text-center\">\u00a0<\/p>\n<p class=\"paragraph-m text-center\"><strong>\u683c\u54c8\u5fb7-\u54c8\u592b\u7eb3\u65b9\u4e08\uff08O.S.B.<\/strong><\/p>\n<p class=\"paragraph-m text-center\"><strong>\u548c\u963f\u5fb7\u8499\u7279\u7684\u672c\u7b03\u4f1a\u6559\u5f92<\/strong><\/p>\n<\/div>\n                    \n                            <\/div>\n        \n            <\/div>\n<\/div>\n\n<\/section>\n\n<section id='lightpress__section--block_4de1dc34ca79bec800d41d3b5924b4a1' class='lightpress__section--more-links--950 lightpress__section--full-width lightpress__section--default-section-space lightpress__section lightpress__section--more-links'><div class=\"more\" x-init=\"initMoreLinksBlockAnim($el)\">\n            <style>\n            #lightpress__section--block_4de1dc34ca79bec800d41d3b5924b4a1 .more {\n                --entry-width: calc(100% \/ 4 - var(--grid-gap) * 4);\n                grid-template-columns: repeat(auto-fit, minmax(max(var(--entry-width),50rem), 1fr));\n            }\n        <\/style>\n    \n                    <a class=\"more__link\" href=\"https:\/\/stiftadmont.at\/zh\/%e5%a5%87%e9%81%87%e8%ae%b0-2\/%e5%a5%87%e9%81%87%e8%ae%b0-2\/\">\n            <div class=\"more__media\">\n                                    <picture class=\"more__image\">\n                        <source srcset=\"https:\/\/stiftadmont.at\/wp-content\/uploads\/HdB6-1024x768.webp\" type=\"image\/webp\">\n                        <source srcset=\"https:\/\/stiftadmont.at\/wp-content\/uploads\/HdB6-1024x768.jpg\" type=\"image\/jpeg\">\n                        <img decoding=\"async\" loading=\"lazy\" src=\"https:\/\/stiftadmont.at\/wp-content\/uploads\/HdB6-1024x768.jpg\" alt=\"\u5965\u6797\u5df4\u65af\u6570\u7801\u76f8\u673a\" \/>\n                    <\/picture>\n                            <\/div>\n            <div class=\"more__content\">\n                <div class=\"more__title--container\">\n                                            \n                                                                            \n                        <p class=\"text-bold text-white text--serif text--26\">\u9082\u9005\u4e4b\u5bb6<\/p>\n                                                            <\/div>\n                                    <div class=\"more__cta\">\n                        <i class=\"fa-thin fa-chevron-right\"><\/i>\n                    <\/div>\n                            <\/div>\n        <\/a>\n                    <a class=\"more__link\" href=\"https:\/\/stiftadmont.at\/zh\/%e5%a5%87%e9%81%87%e8%ae%b0-2\/%e7%a1%ac%e5%b8%81\/\">\n            <div class=\"more__media\">\n                                    <picture class=\"more__image\">\n                        <source srcset=\"https:\/\/stiftadmont.at\/wp-content\/uploads\/HdB-1024x768.webp\" type=\"image\/webp\">\n                        <source srcset=\"https:\/\/stiftadmont.at\/wp-content\/uploads\/HdB-1024x768.jpg\" type=\"image\/jpeg\">\n                        <img decoding=\"async\" loading=\"lazy\" src=\"https:\/\/stiftadmont.at\/wp-content\/uploads\/HdB-1024x768.jpg\" alt=\"\u5965\u6797\u5df4\u65af\u6570\u7801\u76f8\u673a\" \/>\n                    <\/picture>\n                            <\/div>\n            <div class=\"more__content\">\n                <div class=\"more__title--container\">\n                                            \n                                                                            \n                        <p class=\"text-bold text-white text--serif text--26\">\u786c\u5e01<\/p>\n                                                            <\/div>\n                                    <div class=\"more__cta\">\n                        <i class=\"fa-thin fa-chevron-right\"><\/i>\n                    <\/div>\n                            <\/div>\n        <\/a>\n                    <a class=\"more__link\" href=\"https:\/\/stiftadmont.at\/zh\/dveri-pax-%e9%85%92%e5%ba%84\/\">\n            <div class=\"more__media\">\n                                    <picture class=\"more__image\">\n                        <source srcset=\"https:\/\/stiftadmont.at\/wp-content\/uploads\/17-Stimmungsbilder-DVERI-PAX-30-1024x682.webp\" type=\"image\/webp\">\n                        <source srcset=\"https:\/\/stiftadmont.at\/wp-content\/uploads\/17-Stimmungsbilder-DVERI-PAX-30-1024x682.jpg\" type=\"image\/jpeg\">\n                        <img decoding=\"async\" loading=\"lazy\" src=\"https:\/\/stiftadmont.at\/wp-content\/uploads\/17-Stimmungsbilder-DVERI-PAX-30-1024x682.jpg\" alt=\"17 \u5e45\u5fc3\u60c5\u56fe\u7247 DVERI PAX 30\" \/>\n                    <\/picture>\n                            <\/div>\n            <div class=\"more__content\">\n                <div class=\"more__title--container\">\n                                            \n                                                                            \n                        <p class=\"text-bold text-white text--serif text--26\">DVERI PAX \u8461\u8404\u9152\u9500\u552e<\/p>\n                                                            <\/div>\n                                    <div class=\"more__cta\">\n                        <i class=\"fa-thin fa-chevron-right\"><\/i>\n                    <\/div>\n                            <\/div>\n        <\/a>\n    \n<\/div>\n\n<\/section>\n\n<section id='lightpress__section--block_6da4ffc3d611911e5b3df463e9307bb2' class='lightpress__section--default-section-space lightpress__section lightpress__section--content'><div class=\"content__inner\"\n         x-init=\"initContentBlockAnim($el)\">\n        \n    <div class=\"content__grid content__grid\">\n                                            <div class=\"content__box content__box--one-hundred\"\n                 style=\"margin-top: -7em;\">\n                                \n                \n                                            <div class=\"prose\"><h5 class=\"heading-m line line-above line--gold\">\u8054\u7cfb<\/h5>\n<p>\u00a0<\/p>\n<p><strong>\u5730\u5740<\/strong>\u4f1a\u8bae\u4e2d\u5fc3 Benediktinerstift Admont<\/p>\n<p>\u9752\u5e74\u5b66\u751f\u4fc3\u8fdb\u534f\u4f1a<\/p>\n<p>\u7ea6\u7ff0-\u798f\u514b\u65af\u5927\u8857 16 \u53f7<\/p>\n<p>A-8010 \u683c\u62c9\u8328<\/p>\n<p>\u00a0<\/p>\n<p><strong>ZVR<\/strong>: 976339186<\/p>\n<p><strong>\u7535\u8bdd<\/strong>.: +43 (0) 316\/325431-0<\/p>\n<p><strong>\u7535\u5b50\u90ae\u4ef6\uff1a <\/strong>office@hausderbegegnung.or.at<\/p>\n<p><strong>\u5f00\u653e\u65f6\u95f4 <\/strong>\u5468\u4e00\u81f3\u5468\u4e94\uff1a10:00 - 18:30<\/p>\n<\/div>\n                    \n                            <\/div>\n        \n            <\/div>\n<\/div>\n\n<\/section>","protected":false},"excerpt":{"rendered":"","protected":false},"author":19,"featured_media":0,"parent":0,"menu_order":13,"comment_status":"closed","ping_status":"closed","template":"","meta":{"_acf_changed":false,"footnotes":""},"categories":[],"class_list":["post-29267","page","type-page","status-publish","hentry"],"acf":[],"yoast_head":"<!-- This site is optimized with the Yoast SEO Premium plugin v26.0 (Yoast SEO v26.8) - https:\/\/yoast.com\/product\/yoast-seo-premium-wordpress\/ -->\n<title>Haus der Begegnung - Stift Admont<\/title>\n<meta name=\"description\" content=\"Dieses Haus ist von unserem Benediktinerstift Admont begr\u00fcndet worden, um eine St\u00e4tte der Begegnung in der Landeshauptstadt zu erm\u00f6glichen.\" \/>\n<meta name=\"robots\" content=\"index, follow, max-snippet:-1, max-image-preview:large, max-video-preview:-1\" \/>\n<link rel=\"canonical\" href=\"https:\/\/stiftadmont.at\/zh\/\u5947\u9047\u8bb0-2\/\" \/>\n<meta property=\"og:locale\" content=\"zh_CN\" \/>\n<meta property=\"og:type\" content=\"article\" \/>\n<meta property=\"og:title\" content=\"Haus der Begegnung\" \/>\n<meta property=\"og:description\" content=\"Dieses Haus ist von unserem Benediktinerstift Admont begr\u00fcndet worden, um eine St\u00e4tte der Begegnung in der Landeshauptstadt zu erm\u00f6glichen.\" \/>\n<meta property=\"og:url\" content=\"https:\/\/stiftadmont.at\/zh\/\u5947\u9047\u8bb0-2\/\" \/>\n<meta property=\"og:site_name\" content=\"Stift Admont\" \/>\n<meta property=\"article:modified_time\" content=\"2025-06-12T09:37:25+00:00\" \/>\n<meta property=\"og:image\" content=\"https:\/\/stiftadmont.at\/wp-content\/uploads\/Klosteranlage-innen.jpg\" \/>\n\t<meta property=\"og:image:width\" content=\"1912\" \/>\n\t<meta property=\"og:image:height\" content=\"1188\" \/>\n\t<meta property=\"og:image:type\" content=\"image\/jpeg\" \/>\n<meta name=\"twitter:card\" content=\"summary_large_image\" \/>\n<script type=\"application\/ld+json\" class=\"yoast-schema-graph\">{\"@context\":\"https:\/\/schema.org\",\"@graph\":[{\"@type\":\"WebPage\",\"@id\":\"https:\/\/stiftadmont.at\/haus-der-begegnung-2\/\",\"url\":\"https:\/\/stiftadmont.at\/haus-der-begegnung-2\/\",\"name\":\"Haus der Begegnung - Stift Admont\",\"isPartOf\":{\"@id\":\"https:\/\/stiftadmont.at\/#website\"},\"datePublished\":\"2024-07-15T06:17:11+00:00\",\"dateModified\":\"2025-06-12T09:37:25+00:00\",\"description\":\"Dieses Haus ist von unserem Benediktinerstift Admont begr\u00fcndet worden, um eine St\u00e4tte der Begegnung in der Landeshauptstadt zu erm\u00f6glichen.\",\"breadcrumb\":{\"@id\":\"https:\/\/stiftadmont.at\/haus-der-begegnung-2\/#breadcrumb\"},\"inLanguage\":\"zh-Hans\",\"potentialAction\":[{\"@type\":\"ReadAction\",\"target\":[\"https:\/\/stiftadmont.at\/haus-der-begegnung-2\/\"]}]},{\"@type\":\"BreadcrumbList\",\"@id\":\"https:\/\/stiftadmont.at\/haus-der-begegnung-2\/#breadcrumb\",\"itemListElement\":[{\"@type\":\"ListItem\",\"position\":1,\"name\":\"Start\",\"item\":\"https:\/\/stiftadmont.at\/\"},{\"@type\":\"ListItem\",\"position\":2,\"name\":\"Haus der Begegnung\"}]},{\"@type\":\"WebSite\",\"@id\":\"https:\/\/stiftadmont.at\/#website\",\"url\":\"https:\/\/stiftadmont.at\/\",\"name\":\"Stift Admont\",\"description\":\"Benediktinerkloster und Sehensw\u00fcrdigkeit im Ges\u00e4use\",\"potentialAction\":[{\"@type\":\"SearchAction\",\"target\":{\"@type\":\"EntryPoint\",\"urlTemplate\":\"https:\/\/stiftadmont.at\/?s={search_term_string}\"},\"query-input\":{\"@type\":\"PropertyValueSpecification\",\"valueRequired\":true,\"valueName\":\"search_term_string\"}}],\"inLanguage\":\"zh-Hans\"}]}<\/script>\n<!-- \/ Yoast SEO Premium plugin. -->","yoast_head_json":{"title":"\u9082\u9005\u4e4b\u5c4b - \u963f\u5fb7\u8499\u7279\u4fee\u9053\u9662","description":"\u8fd9\u5ea7\u4fee\u9053\u9662\u7531\u963f\u5fb7\u8499\u7684\u672c\u7b03\u4f1a\u4fee\u9053\u9662\u521b\u5efa\uff0c\u65e8\u5728\u4e3a\u7701\u4f1a\u63d0\u4f9b\u4e00\u4e2a\u805a\u4f1a\u573a\u6240\u3002","robots":{"index":"index","follow":"follow","max-snippet":"max-snippet:-1","max-image-preview":"max-image-preview:large","max-video-preview":"max-video-preview:-1"},"canonical":"https:\/\/stiftadmont.at\/zh\/\u5947\u9047\u8bb0-2\/","og_locale":"zh_CN","og_type":"article","og_title":"Haus der Begegnung","og_description":"Dieses Haus ist von unserem Benediktinerstift Admont begr\u00fcndet worden, um eine St\u00e4tte der Begegnung in der Landeshauptstadt zu erm\u00f6glichen.","og_url":"https:\/\/stiftadmont.at\/zh\/\u5947\u9047\u8bb0-2\/","og_site_name":"Stift Admont","article_modified_time":"2025-06-12T09:37:25+00:00","og_image":[{"width":1912,"height":1188,"url":"https:\/\/stiftadmont.at\/wp-content\/uploads\/Klosteranlage-innen.jpg","type":"image\/jpeg"}],"twitter_card":"summary_large_image","schema":{"@context":"https:\/\/schema.org","@graph":[{"@type":"WebPage","@id":"https:\/\/stiftadmont.at\/haus-der-begegnung-2\/","url":"https:\/\/stiftadmont.at\/haus-der-begegnung-2\/","name":"\u9082\u9005\u4e4b\u5c4b - \u963f\u5fb7\u8499\u7279\u4fee\u9053\u9662","isPartOf":{"@id":"https:\/\/stiftadmont.at\/#website"},"datePublished":"2024-07-15T06:17:11+00:00","dateModified":"2025-06-12T09:37:25+00:00","description":"\u8fd9\u5ea7\u4fee\u9053\u9662\u7531\u963f\u5fb7\u8499\u7684\u672c\u7b03\u4f1a\u4fee\u9053\u9662\u521b\u5efa\uff0c\u65e8\u5728\u4e3a\u7701\u4f1a\u63d0\u4f9b\u4e00\u4e2a\u805a\u4f1a\u573a\u6240\u3002","breadcrumb":{"@id":"https:\/\/stiftadmont.at\/haus-der-begegnung-2\/#breadcrumb"},"inLanguage":"zh-Hans","potentialAction":[{"@type":"ReadAction","target":["https:\/\/stiftadmont.at\/haus-der-begegnung-2\/"]}]},{"@type":"BreadcrumbList","@id":"https:\/\/stiftadmont.at\/haus-der-begegnung-2\/#breadcrumb","itemListElement":[{"@type":"ListItem","position":1,"name":"Start","item":"https:\/\/stiftadmont.at\/"},{"@type":"ListItem","position":2,"name":"Haus der Begegnung"}]},{"@type":"WebSite","@id":"https:\/\/stiftadmont.at\/#website","url":"https:\/\/stiftadmont.at\/","name":"\u963f\u5fb7\u8499\u7279\u4fee\u9053\u9662","description":"\u683c\u8428\u5c14\u5730\u533a\u7684\u672c\u7b03\u4f1a\u4fee\u9053\u9662\u548c\u65c5\u6e38\u666f\u70b9","potentialAction":[{"@type":"SearchAction","target":{"@type":"EntryPoint","urlTemplate":"https:\/\/stiftadmont.at\/?s={search_term_string}"},"query-input":{"@type":"PropertyValueSpecification","valueRequired":true,"valueName":"search_term_string"}}],"inLanguage":"zh-Hans"}]}},"_links":{"self":[{"href":"https:\/\/stiftadmont.at\/zh\/wp-json\/wp\/v2\/pages\/29267","targetHints":{"allow":["GET"]}}],"collection":[{"href":"https:\/\/stiftadmont.at\/zh\/wp-json\/wp\/v2\/pages"}],"about":[{"href":"https:\/\/stiftadmont.at\/zh\/wp-json\/wp\/v2\/types\/page"}],"author":[{"embeddable":true,"href":"https:\/\/stiftadmont.at\/zh\/wp-json\/wp\/v2\/users\/19"}],"replies":[{"embeddable":true,"href":"https:\/\/stiftadmont.at\/zh\/wp-json\/wp\/v2\/comments?post=29267"}],"version-history":[{"count":29,"href":"https:\/\/stiftadmont.at\/zh\/wp-json\/wp\/v2\/pages\/29267\/revisions"}],"predecessor-version":[{"id":32652,"href":"https:\/\/stiftadmont.at\/zh\/wp-json\/wp\/v2\/pages\/29267\/revisions\/32652"}],"wp:attachment":[{"href":"https:\/\/stiftadmont.at\/zh\/wp-json\/wp\/v2\/media?parent=29267"}],"wp:term":[{"taxonomy":"category","embeddable":true,"href":"https:\/\/stiftadmont.at\/zh\/wp-json\/wp\/v2\/categories?post=29267"}],"curies":[{"name":"wp","href":"https:\/\/api.w.org\/{rel}","templated":true}]}}