{"id":33988,"date":"2025-03-25T14:13:19","date_gmt":"2025-03-25T12:13:19","guid":{"rendered":"https:\/\/stiftadmont.at\/?page_id=33988"},"modified":"2025-03-25T14:13:23","modified_gmt":"2025-03-25T12:13:23","slug":"%e6%95%99%e5%8c%ba%e9%95%bf","status":"publish","type":"page","link":"https:\/\/stiftadmont.at\/zh\/pfarren\/pfarre-oblarn\/","title":{"rendered":"\u5384\u5e03\u62c9\u6069\u6559\u533a"},"content":{"rendered":"<section id='lightpress__section--block_3e456dd93b3749f51bb76628ebf0ca78' class='align-center lightpress__section--default-section-space lightpress__section lightpress__section--headline'><div class=\"headline__container\">\n            <h2 class=\"headline text--40 text-medium line line--gold line-above line-middle\">Die Pfarre \u00d6blarn<\/h2>\n        <p class=\"text-center text-gold text--20 text-medium text--uppercase\">Hier finden Sie alle Informationen zu unserer Pfarre <\/p>\n        <div class=\"spacer--40\"><\/div>\n<\/div>\n\n<\/section>\n\n<section id='lightpress__section--block_ef92dd4210866fbcec71b66373de72f1' class='lightpress__section--default-section-space lightpress__section lightpress__section--content'><div class=\"content__inner\"\n         x-init=\"initContentBlockAnim($el)\">\n        \n    <div class=\"content__grid content__grid--fifty-fifty\">\n                                            <div class=\"content__box content__box\"\n                 style=\"\">\n                                \n                \n                                        <div class=\"content__media stickyTo\" x-init=\"imageSticky($el)\">\n\n                                                                                                <picture\n                                class=\"content__image sticky\">\n                            <source srcset=\"https:\/\/stiftadmont.at\/wp-content\/uploads\/Pfarre-Oeblarn_c-Thomas-Sattler_Stift-Admont_10.jpg\"\n                                    type=\"image\/webp\">\n                            <source srcset=\"https:\/\/stiftadmont.at\/wp-content\/uploads\/Pfarre-Oeblarn_c-Thomas-Sattler_Stift-Admont_10.jpg\"\n                                    type=\"image\/jpeg\">\n                            <img decoding=\"async\" loading=\"lazy\" src=\"https:\/\/stiftadmont.at\/wp-content\/uploads\/Pfarre-Oeblarn_c-Thomas-Sattler_Stift-Admont_10.jpg\" alt=\"Pfarre \u00d6blarn c Thomas Sattler Stift Admont\" width=\"600\" height=\"450\" \/>\n                                                                                                            <\/picture>\n\n                    <\/div>\n\n                            <\/div>\n        \n                                                    <div class=\"content__box content__box--2\"\n                     >\n                                        \n                    \n                                                    <div class=\"prose\"><h5 class=\"heading-m line line-above line--gold\"><strong>\u00dcber die Pfarre \u00d6blarn<\/strong><\/h5>\n<p>\u00a0<\/p>\n<p>Zum Seelsorgeraum Oberes Ennstal z\u00e4hlen die Pfarren Schladming, Haus, Pichl an der Enns, Kulm in der Ramsau, Assach, Gr\u00f6bming, Gro\u00dfs\u00f6lk, Kleins\u00f6lk, \u00d6blarn, St. Martin am Grimming und St. Nikolai in der S\u00f6lk.<\/p>\n<p>\u00a0<\/p>\n<p><strong>Pfarre err.<\/strong>: 1786<\/p>\n<p><strong>Pfarrkirche erb.:<\/strong> M. 15. Jh. (1727\u20131729)<\/p>\n<p><strong>Matriken: <\/strong>1786<\/p>\n<p><strong>Messkapelle:<\/strong> Bergkreuzkapelle zur Hl. Anna<\/p>\n<p><strong>Messkapelle<\/strong>: Herz-Jesu-Kapelle in Nieder\u00f6blarn<\/p>\n<p><strong>Pfarrkirche:<\/strong> Pfarrkirche Allerheiligen<\/p>\n<p>\u00a0<\/p>\n<p>Die Pfarrkirche wurde in den Jahren 1423 bis 1466 errichtet. Sie ist dem Hl. Andreas (30. November) geweiht. Um 1800 wurden die beiden Seitenkapellen angebaut, 1812 erfolgte die Erh\u00f6hung des Glockenturmes auf 36 Meter. Der Hochaltar wurde 1755 errichtet. Die Altarplastiken stammen vom Admonter Bildhauer Josef Stammel. Die Kanzel ist das Werk des Mitterndorfer Bildhauers Johann Fortscheggers.<\/p>\n<p>\u00a0<\/p>\n<p>In Nieder\u00f6blarn gibt es die Herz-Jesu-Kapelle. Ebenso wird die Bergkreuzkapelle zur Hl. Anna von der Pfarre \u00d6blarn mitbetreut.<\/p>\n<p>\u00a0<\/p>\n<\/div>\n                        \n                                    <\/div>\n            \n            <\/div>\n<\/div>\n\n<\/section>\n\n<section id='lightpress__section--block_ba1e38c1015a4e0529fd982dac8f3576' class='align-center lightpress__section--default-section-space lightpress__section lightpress__section--headline'><div class=\"headline__container\">\n            <h2 class=\"headline text--40 text-medium line line--gold line-above line-middle\">Gottesdienste in unserer Pfarre<\/h2>\n        <p class=\"text-center text-gold text--20 text-medium text--uppercase\">Feiern Sie mit uns die Gottesdienste&#8230;<\/p>\n        <div class=\"spacer--40\"><\/div>\n<\/div>\n\n<\/section>\n\n<section id='lightpress__section--block_61db975c7bddae5f786b1849bdb31c08' class='bg--black lightpress__section--colored-bg lightpress__section--default-section-space lightpress__section lightpress__section--additional-content'><div class=\"additional-content__container additional-content__container--horizontal\">\n\n    \n    <div class=\"additional-content__entries\">\n                    <div class=\"additional-content__item text-gold\">\n\n                                    <p class=\"additional-content__title text--26 auto-hyphen\">MITTWOCH<\/p>\n                \n                                                            <div class=\"spacer--30\"><\/div>\n                                    \n                                    <p class=\"additional-content__subtitle text--uppercase text--26\">08:00 Uhr<\/p>\n\n                                \n                    <p class=\"additional-content__text text--20\">Gottesdienst<\/p>\n\n                            <\/div>\n            <\/div>\n<\/div>\n\n    <div class=\"background__container background__container--black\">\n    <\/div>\n\n<\/section>\n\n<section id='lightpress__section--block_c2a91d7e9a5ee2eccc87d9b610f360c5' class='align-center lightpress__section--default-section-space lightpress__section lightpress__section--headline'><div class=\"headline__container\">\n            <h2 class=\"headline text--40 text-medium line line--gold line-above line-middle\">Kontakt und Kanzleizeiten<\/h2>\n        <p class=\"text-center text-gold text--20 text-medium text--uppercase\">Hier finden Sie alle Informationen wann und wie Sie uns erreichen k\u00f6nnen<\/p>\n        <div class=\"spacer--40\"><\/div>\n<\/div>\n\n<\/section>\n\n<section id='lightpress__section--block_3e3759233c06dbb232d1a6c4ec398fa6' class='lightpress__section--default-section-space lightpress__section lightpress__section--content'><div class=\"content__inner\"\n         x-init=\"initContentBlockAnim($el)\">\n        \n    <div class=\"content__grid content__grid--fifty-fifty\">\n                                            <div class=\"content__box content__box\"\n                 style=\"\">\n                                \n                \n                                        <div class=\"content__media stickyTo\" x-init=\"imageSticky($el)\">\n\n                                                                                                <picture\n                                class=\"content__image sticky\">\n                            <source srcset=\"https:\/\/stiftadmont.at\/wp-content\/uploads\/Pfarre-Oeblarn_c-Thomas-Sattler_Stift-Admont_6-1.jpg\"\n                                    type=\"image\/webp\">\n                            <source srcset=\"https:\/\/stiftadmont.at\/wp-content\/uploads\/Pfarre-Oeblarn_c-Thomas-Sattler_Stift-Admont_6-1.jpg\"\n                                    type=\"image\/jpeg\">\n                            <img decoding=\"async\" loading=\"lazy\" src=\"https:\/\/stiftadmont.at\/wp-content\/uploads\/Pfarre-Oeblarn_c-Thomas-Sattler_Stift-Admont_6-1.jpg\" alt=\"Pfarre \u00d6blarn c Thomas Sattler Stift Admont\" width=\"600\" height=\"450\" \/>\n                                                                                                            <\/picture>\n\n                    <\/div>\n\n                            <\/div>\n        \n                                                    <div class=\"content__box content__box--2\"\n                     >\n                                        \n                    \n                                                    <div class=\"prose\"><h5 class=\"heading-m line line-above line--gold\"><strong>R\u00f6m.-kath. Pfarramt Gr\u00f6bming<\/strong><\/h5>\n<p>Stoderstra\u00dfe 1<\/p>\n<p>8962 Gr\u00f6bming<\/p>\n<p>\u00a0<\/p>\n<p><strong>Kanzleizeiten d. Pfarrkanzlei Gr\u00f6bming:\u00a0<\/strong><\/p>\n<p>\u00a0<\/p>\n<p>Montag: 09:00 Uhr &#8211; 12:00 Uhr<\/p>\n<p>Dienstag: 09:00 Uhr &#8211; 12:00 Uhr<\/p>\n<p>\u00a0<\/p>\n<p><strong>Servicezeiten im Pfarrhof \u00d6blarn:\u00a0<\/strong><\/p>\n<p>\u00a0<\/p>\n<p>Mittwoch: 08:30 Uhr &#8211; 09:30 Uhr<\/p>\n<p>\u00a0<\/p>\n<p><a class=\"phone\" href=\"tel:+43 (0) 3685 22355\"><span class=\"icon-outer\"><i class=\"fa-light fa-phone\"><\/i><\/span>+43 (0) 3685 22355<\/a><\/p>\n<p><a class=\"email\" href=\"mailto:oeblarn@graz-seckau.at\"><span class=\"icon-outer\"><i class=\"fa-light fa-envelope\"><\/i><\/span>oeblarn@graz-seckau.at<\/a><\/p>\n<\/div>\n                        \n                                    <\/div>\n            \n            <\/div>\n<\/div>\n\n<\/section>\n\n<section id='lightpress__section--block_90c7c84df30b42d7133c5585a9656c55' class='lightpress__section--default-section-space lightpress__section lightpress__section--image-slider'>\n<div class=\"image-slider\"\n     x-data=\"{ gallery: null, shown: false }\"\n     x-init=\"gallery = initSliderGallery([{&quot;href&quot;:&quot;https:\\\/\\\/stiftadmont.at\\\/wp-content\\\/uploads\\\/Pfarre-Oeblarn_c-Thomas-Sattler_Stift-Admont_4.jpg&quot;,&quot;type&quot;:&quot;image&quot;},{&quot;href&quot;:&quot;https:\\\/\\\/stiftadmont.at\\\/wp-content\\\/uploads\\\/Pfarre-Oeblarn_c-Thomas-Sattler_Stift-Admont_5.jpg&quot;,&quot;type&quot;:&quot;image&quot;},{&quot;href&quot;:&quot;https:\\\/\\\/stiftadmont.at\\\/wp-content\\\/uploads\\\/Pfarre-Oeblarn_c-Thomas-Sattler_Stift-Admont_6-1.jpg&quot;,&quot;type&quot;:&quot;image&quot;},{&quot;href&quot;:&quot;https:\\\/\\\/stiftadmont.at\\\/wp-content\\\/uploads\\\/Pfarre-Oeblarn_c-Thomas-Sattler_Stift-Admont_7.jpg&quot;,&quot;type&quot;:&quot;image&quot;},{&quot;href&quot;:&quot;https:\\\/\\\/stiftadmont.at\\\/wp-content\\\/uploads\\\/Pfarre-Oeblarn_c-Thomas-Sattler_Stift-Admont_8.jpg&quot;,&quot;type&quot;:&quot;image&quot;},{&quot;href&quot;:&quot;https:\\\/\\\/stiftadmont.at\\\/wp-content\\\/uploads\\\/Pfarre-Oeblarn_c-Thomas-Sattler_Stift-Admont_9.jpg&quot;,&quot;type&quot;:&quot;image&quot;},{&quot;href&quot;:&quot;https:\\\/\\\/stiftadmont.at\\\/wp-content\\\/uploads\\\/Pfarre-Oeblarn_c-Thomas-Sattler_Stift-Admont_10.jpg&quot;,&quot;type&quot;:&quot;image&quot;},{&quot;href&quot;:&quot;https:\\\/\\\/stiftadmont.at\\\/wp-content\\\/uploads\\\/Oeblarn_Dioezese-Graz-Seckau_Harry-Schiffer1.jpg&quot;,&quot;type&quot;:&quot;image&quot;},{&quot;href&quot;:&quot;https:\\\/\\\/stiftadmont.at\\\/wp-content\\\/uploads\\\/Pfarre-Oeblarn_c-Thomas-Sattler_Stift-Admont_1.jpg&quot;,&quot;type&quot;:&quot;image&quot;},{&quot;href&quot;:&quot;https:\\\/\\\/stiftadmont.at\\\/wp-content\\\/uploads\\\/Pfarre-Oeblarn_c-Thomas-Sattler_Stift-Admont_2.jpg&quot;,&quot;type&quot;:&quot;image&quot;},{&quot;href&quot;:&quot;https:\\\/\\\/stiftadmont.at\\\/wp-content\\\/uploads\\\/Pfarre-Oeblarn_c-Thomas-Sattler_Stift-Admont_3.jpg&quot;,&quot;type&quot;:&quot;image&quot;}]); initImageSliderBlockAnim($el);\">\n    <div class=\"image-slider__inner\">\n\n        <div class=\"swiper-container\" x-init=\"initImageSliderBlock($el, $refs.btnPrev, $refs.btnNext)\">\n            <div class=\"swiper-wrapper\">\n                                    <div class=\"swiper-slide\">\n                        <div class=\"image-slider__media\">\n                            <img decoding=\"async\" class=\"image-slider__image\"\n                                 src=\"https:\/\/stiftadmont.at\/wp-content\/uploads\/Pfarre-Oeblarn_c-Thomas-Sattler_Stift-Admont_4-768x512.jpg\"\n                                 alt=\"Pfarre \u00d6blarn c Thomas Sattler Stift Admont 4\">\n                        <\/div>\n                    <\/div>\n                                    <div class=\"swiper-slide\">\n                        <div class=\"image-slider__media\">\n                            <img decoding=\"async\" class=\"image-slider__image\"\n                                 src=\"https:\/\/stiftadmont.at\/wp-content\/uploads\/Pfarre-Oeblarn_c-Thomas-Sattler_Stift-Admont_5-768x512.jpg\"\n                                 alt=\"Pfarre \u00d6blarn c Thomas Sattler Stift Admont 5\">\n                        <\/div>\n                    <\/div>\n                                    <div class=\"swiper-slide\">\n                        <div class=\"image-slider__media\">\n                            <img decoding=\"async\" class=\"image-slider__image\"\n                                 src=\"https:\/\/stiftadmont.at\/wp-content\/uploads\/Pfarre-Oeblarn_c-Thomas-Sattler_Stift-Admont_6-1-768x512.jpg\"\n                                 alt=\"Pfarre \u00d6blarn c Thomas Sattler Stift Admont\">\n                        <\/div>\n                    <\/div>\n                                    <div class=\"swiper-slide\">\n                        <div class=\"image-slider__media\">\n                            <img decoding=\"async\" class=\"image-slider__image\"\n                                 src=\"https:\/\/stiftadmont.at\/wp-content\/uploads\/Pfarre-Oeblarn_c-Thomas-Sattler_Stift-Admont_7-768x512.jpg\"\n                                 alt=\"Pfarre \u00d6blarn c Thomas Sattler Stift Admont 7\">\n                        <\/div>\n                    <\/div>\n                                    <div class=\"swiper-slide\">\n                        <div class=\"image-slider__media\">\n                            <img decoding=\"async\" class=\"image-slider__image\"\n                                 src=\"https:\/\/stiftadmont.at\/wp-content\/uploads\/Pfarre-Oeblarn_c-Thomas-Sattler_Stift-Admont_8-768x512.jpg\"\n                                 alt=\"Pfarre \u00d6blarn c Thomas Sattler Stift Admont\">\n                        <\/div>\n                    <\/div>\n                                    <div class=\"swiper-slide\">\n                        <div class=\"image-slider__media\">\n                            <img decoding=\"async\" class=\"image-slider__image\" src=\"https:\/\/stiftadmont.at\/wp-content\/uploads\/Pfarre-Oeblarn_c-Thomas-Sattler_Stift-Admont_9.jpg\" alt=\"Pfarre \u00d6blarn c Thomas Sattler Stift Admont 9\" \/>\n                        <\/div>\n                    <\/div>\n                                    <div class=\"swiper-slide\">\n                        <div class=\"image-slider__media\">\n                            <img decoding=\"async\" class=\"image-slider__image\"\n                                 src=\"https:\/\/stiftadmont.at\/wp-content\/uploads\/Pfarre-Oeblarn_c-Thomas-Sattler_Stift-Admont_10-768x512.jpg\"\n                                 alt=\"Pfarre \u00d6blarn c Thomas Sattler Stift Admont\">\n                        <\/div>\n                    <\/div>\n                                    <div class=\"swiper-slide\">\n                        <div class=\"image-slider__media\">\n                            <img decoding=\"async\" class=\"image-slider__image\"\n                                 src=\"https:\/\/stiftadmont.at\/wp-content\/uploads\/Oeblarn_Dioezese-Graz-Seckau_Harry-Schiffer1-768x512.jpg\"\n                                 alt=\"Oeblarn Dioezese Graz Seckau Harry Schiffer1\">\n                        <\/div>\n                    <\/div>\n                                    <div class=\"swiper-slide\">\n                        <div class=\"image-slider__media\">\n                            <img decoding=\"async\" class=\"image-slider__image\"\n                                 src=\"https:\/\/stiftadmont.at\/wp-content\/uploads\/Pfarre-Oeblarn_c-Thomas-Sattler_Stift-Admont_1-768x512.jpg\"\n                                 alt=\"Pfarre \u00d6blarn c Thomas Sattler Stift Admont\">\n                        <\/div>\n                    <\/div>\n                                    <div class=\"swiper-slide\">\n                        <div class=\"image-slider__media\">\n                            <img decoding=\"async\" class=\"image-slider__image\"\n                                 src=\"https:\/\/stiftadmont.at\/wp-content\/uploads\/Pfarre-Oeblarn_c-Thomas-Sattler_Stift-Admont_2-768x512.jpg\"\n                                 alt=\"Pfarre \u00d6blarn c Thomas Sattler Stift Admont 2\">\n                        <\/div>\n                    <\/div>\n                                    <div class=\"swiper-slide\">\n                        <div class=\"image-slider__media\">\n                            <img decoding=\"async\" class=\"image-slider__image\"\n                                 src=\"https:\/\/stiftadmont.at\/wp-content\/uploads\/Pfarre-Oeblarn_c-Thomas-Sattler_Stift-Admont_3-768x512.jpg\"\n                                 alt=\"Pfarre \u00d6blarn c Thomas Sattler Stift Admont 3\">\n                        <\/div>\n                    <\/div>\n                            <\/div>\n\n            <div class=\"swiper-nav-wrapper\">\n                <button class=\"swiper-button-prev slider-button--prev\" x-ref=\"btnPrev\"\n                        aria-label=\"Vorige Bilder anzeigen\">\n                    <img decoding=\"async\" src=\"\/wp-content\/themes\/stift-admont\/src\/assets\/img\/arrow-left-big-new.svg\" alt=\"Pfeil nach Links\">\n                <\/button>\n\n\n                <a class=\"image-slider__gallery\" @click=\"openGallery(gallery)\"><i class=\"fa-thin fa-plus\"><\/i><\/a>\n                <button class=\"swiper-button-next slider-button--next\"\n                        x-ref=\"btnNext\"\n                        aria-label=\"N\u00e4chste Bilder anzeigen\">\n                    <img decoding=\"async\" src=\"\/wp-content\/themes\/stift-admont\/src\/assets\/img\/arrow-right-big-new.svg\" alt=\"Pfeil nach Rechts\">\n                <\/button>\n            <\/div>\n        <\/div>\n    <\/div>\n\n\n<\/div><\/section>","protected":false},"excerpt":{"rendered":"","protected":false},"author":7,"featured_media":0,"parent":13905,"menu_order":0,"comment_status":"closed","ping_status":"closed","template":"","meta":{"_acf_changed":false,"footnotes":""},"categories":[],"class_list":["post-33988","page","type-page","status-publish","hentry"],"acf":[],"yoast_head":"<!-- This site is optimized with the Yoast SEO Premium plugin v26.0 (Yoast SEO v26.8) - https:\/\/yoast.com\/product\/yoast-seo-premium-wordpress\/ -->\n<title>Die Pfarre \u00d6blarn - Stift Admont<\/title>\n<meta name=\"robots\" content=\"index, follow, max-snippet:-1, max-image-preview:large, max-video-preview:-1\" \/>\n<link rel=\"canonical\" href=\"https:\/\/stiftadmont.at\/zh\/\u6559\u533a\/\u6559\u533a\u957f\/\" \/>\n<meta property=\"og:locale\" content=\"zh_CN\" \/>\n<meta property=\"og:type\" content=\"article\" \/>\n<meta property=\"og:title\" content=\"Die Pfarre \u00d6blarn\" \/>\n<meta property=\"og:url\" content=\"https:\/\/stiftadmont.at\/zh\/\u6559\u533a\/\u6559\u533a\u957f\/\" \/>\n<meta property=\"og:site_name\" content=\"Stift Admont\" \/>\n<meta property=\"article:modified_time\" content=\"2025-03-25T12:13:23+00:00\" \/>\n<meta property=\"og:image\" content=\"https:\/\/stiftadmont.at\/wp-content\/uploads\/Klosteranlage-innen.jpg\" \/>\n\t<meta property=\"og:image:width\" content=\"1912\" \/>\n\t<meta property=\"og:image:height\" content=\"1188\" \/>\n\t<meta property=\"og:image:type\" content=\"image\/jpeg\" \/>\n<meta name=\"twitter:card\" content=\"summary_large_image\" \/>\n<script type=\"application\/ld+json\" class=\"yoast-schema-graph\">{\"@context\":\"https:\/\/schema.org\",\"@graph\":[{\"@type\":\"WebPage\",\"@id\":\"https:\/\/stiftadmont.at\/pfarren\/pfarre-oblarn\/\",\"url\":\"https:\/\/stiftadmont.at\/pfarren\/pfarre-oblarn\/\",\"name\":\"Die Pfarre \u00d6blarn - Stift Admont\",\"isPartOf\":{\"@id\":\"https:\/\/stiftadmont.at\/#website\"},\"datePublished\":\"2025-03-25T12:13:19+00:00\",\"dateModified\":\"2025-03-25T12:13:23+00:00\",\"breadcrumb\":{\"@id\":\"https:\/\/stiftadmont.at\/pfarren\/pfarre-oblarn\/#breadcrumb\"},\"inLanguage\":\"zh-Hans\",\"potentialAction\":[{\"@type\":\"ReadAction\",\"target\":[\"https:\/\/stiftadmont.at\/pfarren\/pfarre-oblarn\/\"]}]},{\"@type\":\"BreadcrumbList\",\"@id\":\"https:\/\/stiftadmont.at\/pfarren\/pfarre-oblarn\/#breadcrumb\",\"itemListElement\":[{\"@type\":\"ListItem\",\"position\":1,\"name\":\"Start\",\"item\":\"https:\/\/stiftadmont.at\/\"},{\"@type\":\"ListItem\",\"position\":2,\"name\":\"Pfarren\",\"item\":\"https:\/\/stiftadmont.at\/pfarren\/\"},{\"@type\":\"ListItem\",\"position\":3,\"name\":\"Die Pfarre \u00d6blarn\"}]},{\"@type\":\"WebSite\",\"@id\":\"https:\/\/stiftadmont.at\/#website\",\"url\":\"https:\/\/stiftadmont.at\/\",\"name\":\"Stift Admont\",\"description\":\"Benediktinerkloster und Sehensw\u00fcrdigkeit im Ges\u00e4use\",\"potentialAction\":[{\"@type\":\"SearchAction\",\"target\":{\"@type\":\"EntryPoint\",\"urlTemplate\":\"https:\/\/stiftadmont.at\/?s={search_term_string}\"},\"query-input\":{\"@type\":\"PropertyValueSpecification\",\"valueRequired\":true,\"valueName\":\"search_term_string\"}}],\"inLanguage\":\"zh-Hans\"}]}<\/script>\n<!-- \/ Yoast SEO Premium plugin. -->","yoast_head_json":{"title":"\u5384\u5e03\u62c9\u6069\u6559\u533a - \u963f\u5fb7\u8499\u7279\u4fee\u9053\u9662","robots":{"index":"index","follow":"follow","max-snippet":"max-snippet:-1","max-image-preview":"max-image-preview:large","max-video-preview":"max-video-preview:-1"},"canonical":"https:\/\/stiftadmont.at\/zh\/\u6559\u533a\/\u6559\u533a\u957f\/","og_locale":"zh_CN","og_type":"article","og_title":"Die Pfarre \u00d6blarn","og_url":"https:\/\/stiftadmont.at\/zh\/\u6559\u533a\/\u6559\u533a\u957f\/","og_site_name":"Stift Admont","article_modified_time":"2025-03-25T12:13:23+00:00","og_image":[{"width":1912,"height":1188,"url":"https:\/\/stiftadmont.at\/wp-content\/uploads\/Klosteranlage-innen.jpg","type":"image\/jpeg"}],"twitter_card":"summary_large_image","schema":{"@context":"https:\/\/schema.org","@graph":[{"@type":"WebPage","@id":"https:\/\/stiftadmont.at\/pfarren\/pfarre-oblarn\/","url":"https:\/\/stiftadmont.at\/pfarren\/pfarre-oblarn\/","name":"\u5384\u5e03\u62c9\u6069\u6559\u533a - \u963f\u5fb7\u8499\u7279\u4fee\u9053\u9662","isPartOf":{"@id":"https:\/\/stiftadmont.at\/#website"},"datePublished":"2025-03-25T12:13:19+00:00","dateModified":"2025-03-25T12:13:23+00:00","breadcrumb":{"@id":"https:\/\/stiftadmont.at\/pfarren\/pfarre-oblarn\/#breadcrumb"},"inLanguage":"zh-Hans","potentialAction":[{"@type":"ReadAction","target":["https:\/\/stiftadmont.at\/pfarren\/pfarre-oblarn\/"]}]},{"@type":"BreadcrumbList","@id":"https:\/\/stiftadmont.at\/pfarren\/pfarre-oblarn\/#breadcrumb","itemListElement":[{"@type":"ListItem","position":1,"name":"Start","item":"https:\/\/stiftadmont.at\/"},{"@type":"ListItem","position":2,"name":"Pfarren","item":"https:\/\/stiftadmont.at\/pfarren\/"},{"@type":"ListItem","position":3,"name":"Die Pfarre \u00d6blarn"}]},{"@type":"WebSite","@id":"https:\/\/stiftadmont.at\/#website","url":"https:\/\/stiftadmont.at\/","name":"\u963f\u5fb7\u8499\u7279\u4fee\u9053\u9662","description":"\u683c\u8428\u5c14\u5730\u533a\u7684\u672c\u7b03\u4f1a\u4fee\u9053\u9662\u548c\u65c5\u6e38\u666f\u70b9","potentialAction":[{"@type":"SearchAction","target":{"@type":"EntryPoint","urlTemplate":"https:\/\/stiftadmont.at\/?s={search_term_string}"},"query-input":{"@type":"PropertyValueSpecification","valueRequired":true,"valueName":"search_term_string"}}],"inLanguage":"zh-Hans"}]}},"_links":{"self":[{"href":"https:\/\/stiftadmont.at\/zh\/wp-json\/wp\/v2\/pages\/33988","targetHints":{"allow":["GET"]}}],"collection":[{"href":"https:\/\/stiftadmont.at\/zh\/wp-json\/wp\/v2\/pages"}],"about":[{"href":"https:\/\/stiftadmont.at\/zh\/wp-json\/wp\/v2\/types\/page"}],"author":[{"embeddable":true,"href":"https:\/\/stiftadmont.at\/zh\/wp-json\/wp\/v2\/users\/7"}],"replies":[{"embeddable":true,"href":"https:\/\/stiftadmont.at\/zh\/wp-json\/wp\/v2\/comments?post=33988"}],"version-history":[{"count":2,"href":"https:\/\/stiftadmont.at\/zh\/wp-json\/wp\/v2\/pages\/33988\/revisions"}],"predecessor-version":[{"id":34001,"href":"https:\/\/stiftadmont.at\/zh\/wp-json\/wp\/v2\/pages\/33988\/revisions\/34001"}],"up":[{"embeddable":true,"href":"https:\/\/stiftadmont.at\/zh\/wp-json\/wp\/v2\/pages\/13905"}],"wp:attachment":[{"href":"https:\/\/stiftadmont.at\/zh\/wp-json\/wp\/v2\/media?parent=33988"}],"wp:term":[{"taxonomy":"category","embeddable":true,"href":"https:\/\/stiftadmont.at\/zh\/wp-json\/wp\/v2\/categories?post=33988"}],"curies":[{"name":"wp","href":"https:\/\/api.w.org\/{rel}","templated":true}]}}