{"id":34169,"date":"2025-03-27T11:45:09","date_gmt":"2025-03-27T09:45:09","guid":{"rendered":"https:\/\/stiftadmont.at\/?page_id=34169"},"modified":"2025-03-27T11:52:05","modified_gmt":"2025-03-27T09:52:05","slug":"%e9%a3%8e%e7%90%b4%e9%92%9f%e5%a3%b0","status":"publish","type":"page","link":"https:\/\/stiftadmont.at\/zh\/pfarren\/pfarre-frauenberg-an-der-enns\/orgelwerk-glocken\/","title":{"rendered":"\u7ba1\u98ce\u7434\u548c\u949f\u58f0"},"content":{"rendered":"<section id='lightpress__section--block_633ca5e69718685f002b28865258e931' class='align-center lightpress__section--default-section-space lightpress__section lightpress__section--headline'><div class=\"headline__container\">\n            <h2 class=\"headline text--40 text-medium line line--gold line-above line-middle\">Orgelwerk und Glocken<\/h2>\n        <p class=\"text-center text-gold text--20 text-medium text--uppercase\">Hier finden Sie einige Informationen zum Orgelwerk und den Glocken der Pfarrkirche<\/p>\n        <div class=\"spacer--40\"><\/div>\n<\/div>\n\n<\/section>\n\n<section id='lightpress__section--block_57668535d8045b44aec791e73cae3126' class='lightpress__section--default-section-space lightpress__section lightpress__section--content'><div class=\"content__inner\"\n         x-init=\"initContentBlockAnim($el)\">\n        \n    <div class=\"content__grid content__grid--fifty-fifty\">\n                                            <div class=\"content__box content__box\"\n                 style=\"\">\n                                \n                \n                                            <div class=\"prose\"><h5 class=\"heading-m line line-above line--gold\">Die Hauptorgel<\/h5>\n<p>\u00a0<\/p>\n<p>Die Hauptorgel auf der Westempore der Wallfahrtskirche entstand um 1687 und weist einen hochbarocken Prospektaufbau mit drei Rundt\u00fcrmen und sechs Salomonische S\u00e4ulen auf. Alludierend auf die neun Musen intonieren [\u2026] neun musizierende Skulpturen das Gotteslob: Der lebensgro\u00df dargestellte K\u00f6nig David mit der Harfe leitet ein Ensemble von acht musizierenden Engeln. Diese halten Instrumente in H\u00e4nden, n\u00e4mlich Posaune, Bassgamba, Zinken, Knickhalslaute, Viola, Trompete und Dirigentenstab. Um 1780 ver\u00e4nderte Franz Xaver Krisman die Orgel, 1823 versah sie Simon Anton H\u00f6tzel mit einem zweiten Manual, dessen Pfeifenwerk er in einem Zubau hinter der Orgel unterbrachte. 2013\u20132014 wurde das Instrument von Orgelbau K\u00f6gler einer aufw\u00e4ndigen Restaurierung unterzogen, wobei von einer, vielleicht denkmalpflegerisch sinnvollen, R\u00fcckf\u00fchrung auf den barocken Zustand Abstand genommen wurde.<\/p>\n<p>\u00a0<\/p>\n<p>\u00a0<\/p>\n<h5 class=\"heading-m line line-above line--gold\">Die Chororgel<\/h5>\n<p>\u00a0<\/p>\n<p>An der S\u00fcdwand des Altarraumes steht seit Sommer 2019 eine mechanische Orgel des Meisters Detlef Kleuker aus der 2. H\u00e4lfte des 20. Jahrhunderts. Urspr\u00fcnglicher Aufstellungsort war die Pfarrkirche St. Petri in H\u00fcsten, Stadtgemeinde Arnsberg im deutschen Bundesland Nordrhein-Westfalen. Das schlichte Geh\u00e4use wurde dem barocken Kirchenraum Frauenbergs angepasst.<\/p>\n<p>\u00a0<\/p>\n<p>Disposition (1 Manual mit angeh\u00e4ngten Pedal): Gedackt 8\u2032, Rohrfl\u00f6te 4\u2032, Prinzipal 2\u2032, Mixtur 2f.1\u2032.<\/p>\n<p>\u00a0<\/p>\n<\/div>\n                    \n                            <\/div>\n        \n                                                    <div class=\"content__box content__box--2\"\n                     >\n                                        \n                    \n                                                <div class=\"content__media stickyTo\" x-init=\"imageSticky($el)\">\n\n                                                                                    <picture\n                                    class=\"content__image sticky\">\n                                <source srcset=\"https:\/\/stiftadmont.at\/wp-content\/uploads\/Frauenberg_an_der_Enns_Dioezese-Graz-Seckau_Harry-Schiffer1.webp\" type=\"image\/webp\">\n                                <source srcset=\"https:\/\/stiftadmont.at\/wp-content\/uploads\/Frauenberg_an_der_Enns_Dioezese-Graz-Seckau_Harry-Schiffer1.jpg\" type=\"image\/jpeg\">\n                                <img decoding=\"async\" class=\"sticky\" loading=\"lazy\" src=\"https:\/\/stiftadmont.at\/wp-content\/uploads\/Frauenberg_an_der_Enns_Dioezese-Graz-Seckau_Harry-Schiffer1.jpg\" alt=\"Frauenberg an der Enns Dioezese Graz Seckau Harry Schiffer1\" \/>\n\n                                                                                                                            <\/picture>\n\n                        <\/div>\n\n                                    <\/div>\n            \n            <\/div>\n<\/div>\n\n<\/section>\n\n<section id='lightpress__section--block_92726e396898cf20904aabdd06f47d9c' class='bg--beige lightpress__section--colored-bg lightpress__section--default-section-space lightpress__section lightpress__section--content'><div class=\"content__inner\"\n         x-init=\"initContentBlockAnim($el)\">\n        \n    <div class=\"content__grid content__grid--fifty-fifty\">\n                                            <div class=\"content__box content__box\"\n                 style=\"\">\n                                \n                \n                                            <div class=\"prose\"><h5 class=\"heading-m line line-above line--gold\">Glocken<\/h5>\n<p>\u00a0<\/p>\n<p>Die Pfarre- und Wallfahrtskirche Frauenberg besitzt ein klangvolles, zehnstimmiges Gel\u00e4ute, der gr\u00f6\u00dfte Gel\u00e4utesatz der Steiermark. Die Erweiterung des urspr\u00fcnglich f\u00fcnfstimmigen Gel\u00e4utes wurde notwendig, da im Herbst 2016 die gotische \u201eMaria Schutz-Glocke\u201c nach Jahrzehnten wieder in der Glockenstube des Nordturmes montiert wurde. Die daraus entstandene klangliche L\u00fccke wurde durch das Gie\u00dfen von zwei weiteren Glocken geschlossen. 2017 wurde eine Glocke f\u00fcr die \u201eF\u00fcrbittkapelle\u201c im Garten gegossen, die klanglich zum Gel\u00e4ute der Kirche geh\u00f6rt. 2018 wurde als Schlusspunkt der Kirchenaussenrenovierung die \u201eLinzerglocke\u201c gegossen.<\/p>\n<p>\u00a0<\/p>\n<p>Frauenberg besitzt nun zwei klanglich unterschiedliche Gel\u00e4utes\u00e4tze: Das urspr\u00fcngliche f\u00fcnfstimmige Hauptgel\u00e4ute und ein f\u00fcnfstimmiges Nebengel\u00e4ute. Das Vollgel\u00e4ute aller Glocken ist nur an den h\u00f6chsten Feiertagen zu h\u00f6ren, da es sich um zwei klanglich unterschiedliche Gel\u00e4utes\u00e4tze handelt.<\/p>\n<p>\u00a0<\/p>\n<p>Hauptgel\u00e4ute: Glocken 1\u20135 Nebengel\u00e4ute: Glocken 5\u201310<\/p>\n<p>\u00a0<\/p>\n<p>1. Glocke: Jubil\u00e4umsglocke, \u201eJoachim u. Anna\u201c, Perner 2004, 1.700 kg, Ton d1<\/p>\n<p>2. Glocke: \u201eHerz Jesu\u201c, St. Florian 1950, 964 kg, Ton f1<\/p>\n<p>3. Glocke: Angelusglocke, \u201eMaria Himmelfahrt\u201c, St. Florian 1950, 500 kg, Ton a1<\/p>\n<p>4. Glocke: Sterbeglocke, \u201eJosef\u201c, St. Florian 1950, 300 kg, Ton c2<\/p>\n<p>5. Glocke: Wandlungsglocke, \u201eBonifatius u. Adalbertus\u201c, St. Florian 1950, 224 kg, Ton d2<\/p>\n<p>6. Glocke: Barmherzigkeitsglocke, \u201eMaximilian von Lorch u. Hedwig von Andechs\u201c, Eifeler Glockengie\u00dferei (D) 2016, 120 kg, Ton f2<\/p>\n<p>7. Glocke: J\u00e4gerst\u00e4tterglocke, \u201eFranz J\u00e4gerst\u00e4tter u. Erzengel Gabriel\u201c, Eifeler Glockengie\u00dferei (D) 2016, 90 kg, Ton g2<\/p>\n<p>8. Glocke: Maria Schutz-Glocke, \u201eSchutzmantelmadonna u. Apostel Andreas\u201c, Hans Mitter (Judenburg) 1449, 90 kg, Ton b2<\/p>\n<p>9. Glocke: Linzer Glocke, \u201eFlorian von Lorch und Severin von Noricum\u201c, Perner 2018, 80 kg, Ton c3<\/p>\n<p>10. Glocke: F\u00fcrbittglocke, \u201eBenedikt von Nursia\u201c, Grassmayr 2017, 25 kg, Ton d3<\/p>\n<p><span data-mce-type=\"bookmark\" style=\"display: inline-block; width: 0px; overflow: hidden; line-height: 0;\" class=\"mce_SELRES_start\">\ufeff<\/span><\/p>\n<\/div>\n                    \n                            <\/div>\n        \n                                                    <div class=\"content__box content__box--2\"\n                     >\n                                        \n                                            \n                                                    <a href=\"https:\/\/stiftadmont.at\/wp-content\/uploads\/Vollgelaeute_Frauenberg.mp4\" class=\"content__video content__media\"\n                               x-data\n                               x-init=\"initContentLightBox('#lightpress__section--block_92726e396898cf20904aabdd06f47d9c .content__video')\">\n                                                                                                                                <picture class=\"content__image\">\n                                    <source srcset=\"https:\/\/stiftadmont.at\/wp-content\/uploads\/Ardning_c-Christian-Scheucher_TVGesaeuse_9.webp\" type=\"image\/webp\">\n                                    <source srcset=\"https:\/\/stiftadmont.at\/wp-content\/uploads\/Ardning_c-Christian-Scheucher_TVGesaeuse_9.jpg\" type=\"image\/jpeg\">\n                                    <img decoding=\"async\" class=\"content__image\" loading=\"lazy\" src=\"https:\/\/stiftadmont.at\/wp-content\/uploads\/Ardning_c-Christian-Scheucher_TVGesaeuse_9.jpg\" alt=\"Ardning c Christian Scheucher TVGesaeuse 9\" width=\"600\" height=\"450\" \/>\n                                <\/picture>\n\n                                <span class=\"overlay-dark\"><\/span>\n                                <span class=\"content-overlay\"><\/span>\n                                <div class=\"content__plaque\">\n                                    <div class=\"content__plaque-inner\">\n                                        <span><i class=\"fas fa-play content__icon\"><\/i><\/span>\n                                        <p class=\"paragraph-m\">Play<\/p>\n                                    <\/div>\n                                <\/div>\n                            <\/a>\n                        \n                                    <\/div>\n            \n            <\/div>\n<\/div>\n\n    <div class=\"background__container background__container--beige\">\n    <\/div>\n\n<\/section>\n\n<section id='lightpress__section--block_2cb96fb2f5d7ebcc9f8a23655e7ea989' class='bg--black lightpress__section--colored-bg lightpress__section--colored-bg--top-space lightpress__section--default-section-space lightpress__section lightpress__section--content'><div class=\"content__inner\"\n         x-init=\"initContentBlockAnim($el)\">\n        \n    <div class=\"content__grid content__grid\">\n                                            <div class=\"content__box content__box--one-hundred\"\n                 style=\"\">\n                                \n                \n                                            <div class=\"prose\"><p>Glocke 8 l\u00e4utet t\u00e4glich um 20 Uhr in Erinnerung an das \u201eHeilige Jahr der Barmherzigkeit 2016\u201c. Letztere tr\u00e4gt eine Abbildung der heiligen Hedwig von Andechs, in der Darstellung des Gnadenbildes im Hedwigsbr\u00fcndl, das sich im Heimatort des gegenw\u00e4rtigen Superiors von Frauenberg, P. Maximilian Schieferm\u00fcller OSB, in Bad Zell in Ober\u00f6sterreich befindet. Diese beiden Glocken sind die ersten Werke der Eifeler Glockengie\u00dferei in \u00d6sterreich. Die Linzerglocke wurde von Wallfahrern aus der Di\u00f6zese Linz gestiftet, aufgrund der jahrhundertelangen Verbundenheit und als Dank an die Gnadenmutter von Frauenberg.<\/p>\n<p><span data-mce-type=\"bookmark\" style=\"display: inline-block; width: 0px; overflow: hidden; line-height: 0;\" class=\"mce_SELRES_start\">\ufeff<\/span><\/p>\n<\/div>\n                    \n                            <\/div>\n        \n            <\/div>\n<\/div>\n\n    <div class=\"background__container background__container--black\">\n    <\/div>\n\n<\/section>","protected":false},"excerpt":{"rendered":"","protected":false},"author":7,"featured_media":0,"parent":33544,"menu_order":0,"comment_status":"closed","ping_status":"closed","template":"","meta":{"_acf_changed":false,"footnotes":""},"categories":[],"class_list":["post-34169","page","type-page","status-publish","hentry"],"acf":[],"yoast_head":"<!-- This site is optimized with the Yoast SEO Premium plugin v26.0 (Yoast SEO v26.8) - https:\/\/yoast.com\/product\/yoast-seo-premium-wordpress\/ -->\n<title>Orgelwerk und Glocken - Stift Admont<\/title>\n<meta name=\"robots\" content=\"index, follow, max-snippet:-1, max-image-preview:large, max-video-preview:-1\" \/>\n<link rel=\"canonical\" href=\"https:\/\/stiftadmont.at\/zh\/\u6559\u533a\/\u5f17\u52b3\u6069\u8d1d\u683c-\u5b89-\u5fb7-\u6069\u65af\u6559\u533a\/\u98ce\u7434\u949f\u58f0\/\" \/>\n<meta property=\"og:locale\" content=\"zh_CN\" \/>\n<meta property=\"og:type\" content=\"article\" \/>\n<meta property=\"og:title\" content=\"Orgelwerk und Glocken\" \/>\n<meta property=\"og:url\" content=\"https:\/\/stiftadmont.at\/zh\/\u6559\u533a\/\u5f17\u52b3\u6069\u8d1d\u683c-\u5b89-\u5fb7-\u6069\u65af\u6559\u533a\/\u98ce\u7434\u949f\u58f0\/\" \/>\n<meta property=\"og:site_name\" content=\"Stift Admont\" \/>\n<meta property=\"article:modified_time\" content=\"2025-03-27T09:52:05+00:00\" \/>\n<meta property=\"og:image\" content=\"https:\/\/stiftadmont.at\/wp-content\/uploads\/Klosteranlage-innen.jpg\" \/>\n\t<meta property=\"og:image:width\" content=\"1912\" \/>\n\t<meta property=\"og:image:height\" content=\"1188\" \/>\n\t<meta property=\"og:image:type\" content=\"image\/jpeg\" \/>\n<meta name=\"twitter:card\" content=\"summary_large_image\" \/>\n<script type=\"application\/ld+json\" class=\"yoast-schema-graph\">{\"@context\":\"https:\/\/schema.org\",\"@graph\":[{\"@type\":\"WebPage\",\"@id\":\"https:\/\/stiftadmont.at\/pfarren\/pfarre-frauenberg-an-der-enns\/orgelwerk-glocken\/\",\"url\":\"https:\/\/stiftadmont.at\/pfarren\/pfarre-frauenberg-an-der-enns\/orgelwerk-glocken\/\",\"name\":\"Orgelwerk und Glocken - Stift Admont\",\"isPartOf\":{\"@id\":\"https:\/\/stiftadmont.at\/#website\"},\"datePublished\":\"2025-03-27T09:45:09+00:00\",\"dateModified\":\"2025-03-27T09:52:05+00:00\",\"breadcrumb\":{\"@id\":\"https:\/\/stiftadmont.at\/pfarren\/pfarre-frauenberg-an-der-enns\/orgelwerk-glocken\/#breadcrumb\"},\"inLanguage\":\"zh-Hans\",\"potentialAction\":[{\"@type\":\"ReadAction\",\"target\":[\"https:\/\/stiftadmont.at\/pfarren\/pfarre-frauenberg-an-der-enns\/orgelwerk-glocken\/\"]}]},{\"@type\":\"BreadcrumbList\",\"@id\":\"https:\/\/stiftadmont.at\/pfarren\/pfarre-frauenberg-an-der-enns\/orgelwerk-glocken\/#breadcrumb\",\"itemListElement\":[{\"@type\":\"ListItem\",\"position\":1,\"name\":\"Start\",\"item\":\"https:\/\/stiftadmont.at\/\"},{\"@type\":\"ListItem\",\"position\":2,\"name\":\"Pfarren\",\"item\":\"https:\/\/stiftadmont.at\/pfarren\/\"},{\"@type\":\"ListItem\",\"position\":3,\"name\":\"Pfarre Frauenberg an der Enns\",\"item\":\"https:\/\/stiftadmont.at\/pfarren\/pfarre-frauenberg-an-der-enns\/\"},{\"@type\":\"ListItem\",\"position\":4,\"name\":\"Orgelwerk und Glocken\"}]},{\"@type\":\"WebSite\",\"@id\":\"https:\/\/stiftadmont.at\/#website\",\"url\":\"https:\/\/stiftadmont.at\/\",\"name\":\"Stift Admont\",\"description\":\"Benediktinerkloster und Sehensw\u00fcrdigkeit im Ges\u00e4use\",\"potentialAction\":[{\"@type\":\"SearchAction\",\"target\":{\"@type\":\"EntryPoint\",\"urlTemplate\":\"https:\/\/stiftadmont.at\/?s={search_term_string}\"},\"query-input\":{\"@type\":\"PropertyValueSpecification\",\"valueRequired\":true,\"valueName\":\"search_term_string\"}}],\"inLanguage\":\"zh-Hans\"}]}<\/script>\n<!-- \/ Yoast SEO Premium plugin. -->","yoast_head_json":{"title":"\u7ba1\u98ce\u7434\u548c\u949f\u58f0 - \u963f\u5fb7\u8499\u7279\u4fee\u9053\u9662","robots":{"index":"index","follow":"follow","max-snippet":"max-snippet:-1","max-image-preview":"max-image-preview:large","max-video-preview":"max-video-preview:-1"},"canonical":"https:\/\/stiftadmont.at\/zh\/\u6559\u533a\/\u5f17\u52b3\u6069\u8d1d\u683c-\u5b89-\u5fb7-\u6069\u65af\u6559\u533a\/\u98ce\u7434\u949f\u58f0\/","og_locale":"zh_CN","og_type":"article","og_title":"Orgelwerk und Glocken","og_url":"https:\/\/stiftadmont.at\/zh\/\u6559\u533a\/\u5f17\u52b3\u6069\u8d1d\u683c-\u5b89-\u5fb7-\u6069\u65af\u6559\u533a\/\u98ce\u7434\u949f\u58f0\/","og_site_name":"Stift Admont","article_modified_time":"2025-03-27T09:52:05+00:00","og_image":[{"width":1912,"height":1188,"url":"https:\/\/stiftadmont.at\/wp-content\/uploads\/Klosteranlage-innen.jpg","type":"image\/jpeg"}],"twitter_card":"summary_large_image","schema":{"@context":"https:\/\/schema.org","@graph":[{"@type":"WebPage","@id":"https:\/\/stiftadmont.at\/pfarren\/pfarre-frauenberg-an-der-enns\/orgelwerk-glocken\/","url":"https:\/\/stiftadmont.at\/pfarren\/pfarre-frauenberg-an-der-enns\/orgelwerk-glocken\/","name":"\u7ba1\u98ce\u7434\u548c\u949f\u58f0 - \u963f\u5fb7\u8499\u7279\u4fee\u9053\u9662","isPartOf":{"@id":"https:\/\/stiftadmont.at\/#website"},"datePublished":"2025-03-27T09:45:09+00:00","dateModified":"2025-03-27T09:52:05+00:00","breadcrumb":{"@id":"https:\/\/stiftadmont.at\/pfarren\/pfarre-frauenberg-an-der-enns\/orgelwerk-glocken\/#breadcrumb"},"inLanguage":"zh-Hans","potentialAction":[{"@type":"ReadAction","target":["https:\/\/stiftadmont.at\/pfarren\/pfarre-frauenberg-an-der-enns\/orgelwerk-glocken\/"]}]},{"@type":"BreadcrumbList","@id":"https:\/\/stiftadmont.at\/pfarren\/pfarre-frauenberg-an-der-enns\/orgelwerk-glocken\/#breadcrumb","itemListElement":[{"@type":"ListItem","position":1,"name":"Start","item":"https:\/\/stiftadmont.at\/"},{"@type":"ListItem","position":2,"name":"Pfarren","item":"https:\/\/stiftadmont.at\/pfarren\/"},{"@type":"ListItem","position":3,"name":"Pfarre Frauenberg an der Enns","item":"https:\/\/stiftadmont.at\/pfarren\/pfarre-frauenberg-an-der-enns\/"},{"@type":"ListItem","position":4,"name":"Orgelwerk und Glocken"}]},{"@type":"WebSite","@id":"https:\/\/stiftadmont.at\/#website","url":"https:\/\/stiftadmont.at\/","name":"\u963f\u5fb7\u8499\u7279\u4fee\u9053\u9662","description":"\u683c\u8428\u5c14\u5730\u533a\u7684\u672c\u7b03\u4f1a\u4fee\u9053\u9662\u548c\u65c5\u6e38\u666f\u70b9","potentialAction":[{"@type":"SearchAction","target":{"@type":"EntryPoint","urlTemplate":"https:\/\/stiftadmont.at\/?s={search_term_string}"},"query-input":{"@type":"PropertyValueSpecification","valueRequired":true,"valueName":"search_term_string"}}],"inLanguage":"zh-Hans"}]}},"_links":{"self":[{"href":"https:\/\/stiftadmont.at\/zh\/wp-json\/wp\/v2\/pages\/34169","targetHints":{"allow":["GET"]}}],"collection":[{"href":"https:\/\/stiftadmont.at\/zh\/wp-json\/wp\/v2\/pages"}],"about":[{"href":"https:\/\/stiftadmont.at\/zh\/wp-json\/wp\/v2\/types\/page"}],"author":[{"embeddable":true,"href":"https:\/\/stiftadmont.at\/zh\/wp-json\/wp\/v2\/users\/7"}],"replies":[{"embeddable":true,"href":"https:\/\/stiftadmont.at\/zh\/wp-json\/wp\/v2\/comments?post=34169"}],"version-history":[{"count":5,"href":"https:\/\/stiftadmont.at\/zh\/wp-json\/wp\/v2\/pages\/34169\/revisions"}],"predecessor-version":[{"id":39804,"href":"https:\/\/stiftadmont.at\/zh\/wp-json\/wp\/v2\/pages\/34169\/revisions\/39804"}],"up":[{"embeddable":true,"href":"https:\/\/stiftadmont.at\/zh\/wp-json\/wp\/v2\/pages\/33544"}],"wp:attachment":[{"href":"https:\/\/stiftadmont.at\/zh\/wp-json\/wp\/v2\/media?parent=34169"}],"wp:term":[{"taxonomy":"category","embeddable":true,"href":"https:\/\/stiftadmont.at\/zh\/wp-json\/wp\/v2\/categories?post=34169"}],"curies":[{"name":"wp","href":"https:\/\/api.w.org\/{rel}","templated":true}]}}