{"id":36141,"date":"2025-07-03T10:07:15","date_gmt":"2025-07-03T08:07:15","guid":{"rendered":"https:\/\/stiftadmont.at\/?page_id=36141"},"modified":"2025-07-03T10:35:44","modified_gmt":"2025-07-03T08:35:44","slug":"%e8%ae%ad%e4%b8%81%e4%bf%ae%e9%81%93%e9%99%a2%e5%a9%9a%e7%a4%bc","status":"publish","type":"page","link":"https:\/\/stiftadmont.at\/zh\/stiftskeller-admont\/heiraten-im-stift-admont\/","title":{"rendered":"\u963f\u5fb7\u8499\u7279\u4fee\u9053\u9662\u7684\u5a5a\u793c"},"content":{"rendered":"<section id='lightpress__section--block_fc04a9a88b023f1a34e8e3854a67497b' class='align-center lightpress__section--default-section-space lightpress__section lightpress__section--headline'><div class=\"headline__container\">\n            <h2 class=\"headline text--40 text-medium line line--gold line-above line-middle\">Heiraten im Stift Admont <\/h2>\n        <p class=\"text-center text-gold text--20 text-medium text--uppercase\">Das Stift Admont und der Stiftskeller sind die beste Location f\u00fcr Ihre sch\u00f6nsten Momente<\/p>\n        <div class=\"spacer--40\"><\/div>\n<\/div>\n\n<\/section>\n\n<section id='lightpress__section--block_456ab51ffb9c9e52c1958550a58a0f29' class='lightpress__section--default-section-space lightpress__section lightpress__section--content'><div class=\"content__inner\"\n         x-init=\"initContentBlockAnim($el)\">\n        \n    <div class=\"content__grid content__grid--fifty-fifty\">\n                                            <div class=\"content__box content__box\"\n                 style=\"\">\n                                \n                \n                                            <div class=\"prose\"><h5 class=\"heading-m line line-above line--gold\" data-start=\"0\" data-end=\"62\"><strong data-start=\"0\" data-end=\"62\">Wo Romantik Geschichte schreibt<\/strong><\/h5>\n<p data-start=\"0\" data-end=\"62\">\u00a0<\/p>\n<p data-start=\"64\" data-end=\"326\">Feiern Sie Ihren sch\u00f6nsten Tag an einem Ort voller <strong data-start=\"115\" data-end=\"166\">Romantik, Geschichte und majest\u00e4tischer Kulisse<\/strong>: Das Benediktinerstift Admont, vor fast tausend Jahren gegr\u00fcndet, verzaubert mit seinen romantischen Parkanlagen und imposanten historischen Bauwerken.<\/p>\n<p data-start=\"64\" data-end=\"326\">\u00a0<\/p>\n<p data-start=\"328\" data-end=\"591\">Im Herzen des Stiftes ragen die T\u00fcrme des <strong data-start=\"370\" data-end=\"391\">Admonter M\u00fcnsters<\/strong> 74 Meter in den Himmel \u2013 und bieten mit ihrer grandiosen Architektur und reichen k\u00fcnstlerischen Ausstattung die perfekte Kulisse f\u00fcr Ihr <strong data-start=\"529\" data-end=\"542\">\u201eJa-Wort\u201c<\/strong> in der einzigartigen, neugotischen Stiftskirche.<\/p>\n<p data-start=\"328\" data-end=\"591\">\u00a0<\/p>\n<p data-start=\"593\" data-end=\"782\">Direkt neben der Kirche l\u00e4dt der <strong data-start=\"626\" data-end=\"676\">Stiftskeller mit seinem malerischen Gastgarten<\/strong> ein, den besonderen Moment bei einer beeindruckenden Sicht auf Kirche und Parkanlage geb\u00fchrend zu feiern. Mit Platz f\u00fcr \u00fcber <strong data-start=\"803\" data-end=\"816\">250 G\u00e4ste<\/strong> in zwei Speises\u00e4len, einem klimatisierten Wintergarten und einem gem\u00fctlichen St\u00fcberl wird Ihre Hochzeitsfeier zum unvergesslichen Erlebnis. Und das Beste: Am gro\u00dfen Tag richten wir uns ganz nach Ihren W\u00fcnschen und sind so lange f\u00fcr Sie da, wie Sie es m\u00f6chten.<\/p>\n<p>\u00a0<\/p>\n<p data-start=\"1078\" data-end=\"1158\" data-is-last-node=\"\" data-is-only-node=\"\"><strong data-start=\"1078\" data-end=\"1158\" data-is-last-node=\"\">Heiraten im Stift Admont \u2013 f\u00fcr den sch\u00f6nsten Start in Ihr gemeinsames Leben.<\/strong><\/p>\n<p>\u00a0<\/p>\n<p><span data-mce-type=\"bookmark\" style=\"display: inline-block; width: 0px; overflow: hidden; line-height: 0;\" class=\"mce_SELRES_start\">\ufeff<\/span><\/p>\n<\/div>\n                    \n                            <\/div>\n        \n                                                    <div class=\"content__box content__box--2\"\n                     >\n                                        \n                    \n                                                <div class=\"content__media stickyTo\" x-init=\"imageSticky($el)\">\n\n                                                                                    <picture\n                                    class=\"content__image sticky\">\n                                <source srcset=\"https:\/\/stiftadmont.at\/wp-content\/uploads\/Stiftskirche-1024x676.webp\" type=\"image\/webp\">\n                                <source srcset=\"https:\/\/stiftadmont.at\/wp-content\/uploads\/Stiftskirche-1024x676.jpg\" type=\"image\/jpeg\">\n                                <img decoding=\"async\" class=\"sticky\" loading=\"lazy\" src=\"https:\/\/stiftadmont.at\/wp-content\/uploads\/Stiftskirche-1024x676.jpg\" alt=\"Stiftskirche Admont \u00a9 Thomas Sattler\" \/>\n\n                                                                                                                            <\/picture>\n\n                        <\/div>\n\n                                    <\/div>\n            \n            <\/div>\n<\/div>\n\n<\/section>\n\n<section id='lightpress__section--block_0880f367b86fcf7df396de2e18308cff' class='bg--beige lightpress__section--colored-bg lightpress__section--default-section-space lightpress__section lightpress__section--content'><div class=\"content__inner\"\n         x-init=\"initContentBlockAnim($el)\">\n        \n    <div class=\"content__grid content__grid--fifty-fifty\">\n                                            <div class=\"content__box content__box\"\n                 style=\"\">\n                                \n                \n                                        <div class=\"content__media stickyTo\" x-init=\"imageSticky($el)\">\n\n                                                                                                <picture\n                                class=\"content__image sticky\">\n                            <source srcset=\"https:\/\/stiftadmont.at\/wp-content\/uploads\/Stiftskeller_\u00a9Thomas-Sattler-18-1-1024x683.jpg\"\n                                    type=\"image\/webp\">\n                            <source srcset=\"https:\/\/stiftadmont.at\/wp-content\/uploads\/Stiftskeller_\u00a9Thomas-Sattler-18-1-1024x683.jpg\"\n                                    type=\"image\/jpeg\">\n                            <img decoding=\"async\" loading=\"lazy\"\n                                 src=\"https:\/\/stiftadmont.at\/wp-content\/uploads\/Stiftskeller_\u00a9Thomas-Sattler-18-1-1024x683.jpg\"\n                                 alt=\"Stiftskeller \u00a9Thomas Sattler 18\" width=\"600\" height=\"450\">\n                                                                                                            <\/picture>\n\n                    <\/div>\n\n                            <\/div>\n        \n                                                    <div class=\"content__box content__box--2\"\n                     >\n                                        \n                    \n                                                    <div class=\"prose\"><h5 class=\"heading-m line line-above line--gold\">Kontakt<\/h5>\n<p>\u00a0<\/p>\n<p class=\"paragraph-m\"><strong>Stiftskeller Admont<\/strong><\/p>\n<p>Ulrich Mattlschweiger<\/p>\n<p class=\"paragraph-m\">Kirchplatz 1<\/p>\n<p class=\"paragraph-m\">8911 Admont\u00a0<\/p>\n<p>\u00a0<\/p>\n<p><a class=\"phone\" href=\"tel:+43 (0) 3613\/335411\"><span class=\"icon-outer\"><i class=\"fa-light fa-phone\"><\/i><\/span>+43 (0) 3613\/335411<\/a><\/p>\n<p><a class=\"email\" href=\"mailto:stiftskeller@stiftadmont.at\"><span class=\"icon-outer\"><i class=\"fa-light fa-envelope\"><\/i><\/span>stiftskeller@stiftadmont.at<\/a><\/p>\n<p>\u00a0<\/p>\n<\/div>\n                        \n                                    <\/div>\n            \n            <\/div>\n<\/div>\n\n    <div class=\"background__container background__container--beige\">\n    <\/div>\n\n<\/section>\n\n<section id='lightpress__section--block_cb7bc6798cce5ef10b9d15285247a187' class='lightpress__section--default-section-space lightpress__section lightpress__section--image-slider'>\n<div class=\"image-slider\"\n     x-data=\"{ gallery: null, shown: false }\"\n     x-init=\"gallery = initSliderGallery([{&quot;href&quot;:&quot;https:\\\/\\\/stiftadmont.at\\\/wp-content\\\/uploads\\\/Stift-Admont-Panorama_c-Stift-Admont-1.jpg&quot;,&quot;type&quot;:&quot;image&quot;},{&quot;href&quot;:&quot;https:\\\/\\\/stiftadmont.at\\\/wp-content\\\/uploads\\\/Klostermarkttage_2019-c-Thomas-Sattler-22.jpg&quot;,&quot;type&quot;:&quot;image&quot;},{&quot;href&quot;:&quot;https:\\\/\\\/stiftadmont.at\\\/wp-content\\\/uploads\\\/Pater-Egon_\\u00a9Thomas-Sattler-27.jpg&quot;,&quot;type&quot;:&quot;image&quot;},{&quot;href&quot;:&quot;https:\\\/\\\/stiftadmont.at\\\/wp-content\\\/uploads\\\/Pater-Egon_\\u00a9Thomas-Sattler-2.jpg&quot;,&quot;type&quot;:&quot;image&quot;},{&quot;href&quot;:&quot;https:\\\/\\\/stiftadmont.at\\\/wp-content\\\/uploads\\\/Rosarium-1-1920x1277.jpg&quot;,&quot;type&quot;:&quot;image&quot;},{&quot;href&quot;:&quot;https:\\\/\\\/stiftadmont.at\\\/wp-content\\\/uploads\\\/aussenaufnahmen_@Thomas-Sattler-2_www-1920x2880.jpg&quot;,&quot;type&quot;:&quot;image&quot;},{&quot;href&quot;:&quot;https:\\\/\\\/stiftadmont.at\\\/wp-content\\\/uploads\\\/aussenaufnahmen_@Thomas-Sattler-4_www.jpg&quot;,&quot;type&quot;:&quot;image&quot;},{&quot;href&quot;:&quot;https:\\\/\\\/stiftadmont.at\\\/wp-content\\\/uploads\\\/Stiftskirche-c-Marcel-Peda-1920x1280.jpg&quot;,&quot;type&quot;:&quot;image&quot;},{&quot;href&quot;:&quot;https:\\\/\\\/stiftadmont.at\\\/wp-content\\\/uploads\\\/Kirche-1.jpg&quot;,&quot;type&quot;:&quot;image&quot;},{&quot;href&quot;:&quot;https:\\\/\\\/stiftadmont.at\\\/wp-content\\\/uploads\\\/Stiftskirche.jpg&quot;,&quot;type&quot;:&quot;image&quot;}]); initImageSliderBlockAnim($el);\">\n    <div class=\"image-slider__inner\">\n\n        <div class=\"swiper-container\" x-init=\"initImageSliderBlock($el, $refs.btnPrev, $refs.btnNext)\">\n            <div class=\"swiper-wrapper\">\n                                    <div class=\"swiper-slide\">\n                        <div class=\"image-slider__media\">\n                            <img decoding=\"async\" class=\"image-slider__image\"\n                                 src=\"https:\/\/stiftadmont.at\/wp-content\/uploads\/Stift-Admont-Panorama_c-Stift-Admont-1-768x345.jpg\"\n                                 alt=\"Benediktinerstift Admont - Panorama (c) Stefan Leitner\">\n                        <\/div>\n                    <\/div>\n                                    <div class=\"swiper-slide\">\n                        <div class=\"image-slider__media\">\n                            <img decoding=\"async\" class=\"image-slider__image\"\n                                 src=\"https:\/\/stiftadmont.at\/wp-content\/uploads\/Klostermarkttage_2019-c-Thomas-Sattler-22-768x512.jpg\"\n                                 alt=\"Klostermarkttage 2019 (c) Thomas Sattler 22\">\n                        <\/div>\n                    <\/div>\n                                    <div class=\"swiper-slide\">\n                        <div class=\"image-slider__media\">\n                            <img decoding=\"async\" class=\"image-slider__image\"\n                                 src=\"https:\/\/stiftadmont.at\/wp-content\/uploads\/Pater-Egon_\u00a9Thomas-Sattler-27-768x512.jpg\"\n                                 alt=\"Benediktinerstift Admont - Pater Egon Kr\u00e4utergarten \u00a9 Thomas Sattler\">\n                        <\/div>\n                    <\/div>\n                                    <div class=\"swiper-slide\">\n                        <div class=\"image-slider__media\">\n                            <img decoding=\"async\" class=\"image-slider__image\"\n                                 src=\"https:\/\/stiftadmont.at\/wp-content\/uploads\/Pater-Egon_\u00a9Thomas-Sattler-2-768x512.jpg\"\n                                 alt=\"Benediktinerstift Admont - Pater Egon Rosarium \u00a9 Thomas Sattler\">\n                        <\/div>\n                    <\/div>\n                                    <div class=\"swiper-slide\">\n                        <div class=\"image-slider__media\">\n                            <img decoding=\"async\" class=\"image-slider__image\"\n                                 src=\"https:\/\/stiftadmont.at\/wp-content\/uploads\/Rosarium-1-768x511.jpg\"\n                                 alt=\"Rosarium 1\">\n                        <\/div>\n                    <\/div>\n                                    <div class=\"swiper-slide\">\n                        <div class=\"image-slider__media\">\n                            <img decoding=\"async\" class=\"image-slider__image\"\n                                 src=\"https:\/\/stiftadmont.at\/wp-content\/uploads\/aussenaufnahmen_@Thomas-Sattler-2_www-768x1152.jpg\"\n                                 alt=\"aussenaufnahmen @Thomas Sattler 2 www\">\n                        <\/div>\n                    <\/div>\n                                    <div class=\"swiper-slide\">\n                        <div class=\"image-slider__media\">\n                            <img decoding=\"async\" class=\"image-slider__image\"\n                                 src=\"https:\/\/stiftadmont.at\/wp-content\/uploads\/aussenaufnahmen_@Thomas-Sattler-4_www-768x1152.jpg\"\n                                 alt=\"aussenaufnahmen @Thomas Sattler 4 www\">\n                        <\/div>\n                    <\/div>\n                                    <div class=\"swiper-slide\">\n                        <div class=\"image-slider__media\">\n                            <img decoding=\"async\" class=\"image-slider__image\"\n                                 src=\"https:\/\/stiftadmont.at\/wp-content\/uploads\/Stiftskirche-c-Marcel-Peda-768x512.jpg\"\n                                 alt=\"Stiftskirche c Marcel Peda\">\n                        <\/div>\n                    <\/div>\n                                    <div class=\"swiper-slide\">\n                        <div class=\"image-slider__media\">\n                            <img decoding=\"async\" class=\"image-slider__image\"\n                                 src=\"https:\/\/stiftadmont.at\/wp-content\/uploads\/Kirche-1-768x561.jpg\"\n                                 alt=\"Stiftskirche Admont \u00a9 Stefan Leitner\">\n                        <\/div>\n                    <\/div>\n                                    <div class=\"swiper-slide\">\n                        <div class=\"image-slider__media\">\n                            <img decoding=\"async\" class=\"image-slider__image\"\n                                 src=\"https:\/\/stiftadmont.at\/wp-content\/uploads\/Stiftskirche-768x507.jpg\"\n                                 alt=\"Stiftskirche Admont \u00a9 Thomas Sattler\">\n                        <\/div>\n                    <\/div>\n                            <\/div>\n\n            <div class=\"swiper-nav-wrapper\">\n                <button class=\"swiper-button-prev slider-button--prev\" x-ref=\"btnPrev\"\n                        aria-label=\"Vorige Bilder anzeigen\">\n                    <img decoding=\"async\" src=\"\/wp-content\/themes\/stift-admont\/src\/assets\/img\/arrow-left-big-new.svg\" alt=\"Pfeil nach Links\">\n                <\/button>\n\n\n                <a class=\"image-slider__gallery\" @click=\"openGallery(gallery)\"><i class=\"fa-thin fa-plus\"><\/i><\/a>\n                <button class=\"swiper-button-next slider-button--next\"\n                        x-ref=\"btnNext\"\n                        aria-label=\"N\u00e4chste Bilder anzeigen\">\n                    <img decoding=\"async\" src=\"\/wp-content\/themes\/stift-admont\/src\/assets\/img\/arrow-right-big-new.svg\" alt=\"Pfeil nach Rechts\">\n                <\/button>\n            <\/div>\n        <\/div>\n    <\/div>\n\n\n<\/div><\/section>","protected":false},"excerpt":{"rendered":"","protected":false},"author":7,"featured_media":0,"parent":32972,"menu_order":0,"comment_status":"closed","ping_status":"closed","template":"","meta":{"_acf_changed":false,"footnotes":""},"categories":[],"class_list":["post-36141","page","type-page","status-publish","hentry"],"acf":[],"yoast_head":"<!-- This site is optimized with the Yoast SEO Premium plugin v26.0 (Yoast SEO v26.8) - https:\/\/yoast.com\/product\/yoast-seo-premium-wordpress\/ -->\n<title>Heiraten im Stift Admont - Stift Admont<\/title>\n<meta name=\"robots\" content=\"index, follow, max-snippet:-1, max-image-preview:large, max-video-preview:-1\" \/>\n<link rel=\"canonical\" href=\"https:\/\/stiftadmont.at\/zh\/\u4fee\u9053\u9662\u9152\u7a96\/\u8bad\u4e01\u4fee\u9053\u9662\u5a5a\u793c\/\" \/>\n<meta property=\"og:locale\" content=\"zh_CN\" \/>\n<meta property=\"og:type\" content=\"article\" \/>\n<meta property=\"og:title\" content=\"Heiraten im Stift Admont\" \/>\n<meta property=\"og:url\" content=\"https:\/\/stiftadmont.at\/zh\/\u4fee\u9053\u9662\u9152\u7a96\/\u8bad\u4e01\u4fee\u9053\u9662\u5a5a\u793c\/\" \/>\n<meta property=\"og:site_name\" content=\"Stift Admont\" \/>\n<meta property=\"article:modified_time\" content=\"2025-07-03T08:35:44+00:00\" \/>\n<meta property=\"og:image\" content=\"https:\/\/stiftadmont.at\/wp-content\/uploads\/Klosteranlage-innen.jpg\" \/>\n\t<meta property=\"og:image:width\" content=\"1912\" \/>\n\t<meta property=\"og:image:height\" content=\"1188\" \/>\n\t<meta property=\"og:image:type\" content=\"image\/jpeg\" \/>\n<meta name=\"twitter:card\" content=\"summary_large_image\" \/>\n<script type=\"application\/ld+json\" class=\"yoast-schema-graph\">{\"@context\":\"https:\/\/schema.org\",\"@graph\":[{\"@type\":\"WebPage\",\"@id\":\"https:\/\/stiftadmont.at\/stiftskeller-admont\/heiraten-im-stift-admont\/\",\"url\":\"https:\/\/stiftadmont.at\/stiftskeller-admont\/heiraten-im-stift-admont\/\",\"name\":\"Heiraten im Stift Admont - Stift Admont\",\"isPartOf\":{\"@id\":\"https:\/\/stiftadmont.at\/#website\"},\"datePublished\":\"2025-07-03T08:07:15+00:00\",\"dateModified\":\"2025-07-03T08:35:44+00:00\",\"breadcrumb\":{\"@id\":\"https:\/\/stiftadmont.at\/stiftskeller-admont\/heiraten-im-stift-admont\/#breadcrumb\"},\"inLanguage\":\"zh-Hans\",\"potentialAction\":[{\"@type\":\"ReadAction\",\"target\":[\"https:\/\/stiftadmont.at\/stiftskeller-admont\/heiraten-im-stift-admont\/\"]}]},{\"@type\":\"BreadcrumbList\",\"@id\":\"https:\/\/stiftadmont.at\/stiftskeller-admont\/heiraten-im-stift-admont\/#breadcrumb\",\"itemListElement\":[{\"@type\":\"ListItem\",\"position\":1,\"name\":\"Start\",\"item\":\"https:\/\/stiftadmont.at\/\"},{\"@type\":\"ListItem\",\"position\":2,\"name\":\"Stiftskeller Admont\",\"item\":\"https:\/\/stiftadmont.at\/stiftskeller-admont\/\"},{\"@type\":\"ListItem\",\"position\":3,\"name\":\"Heiraten im Stift Admont\"}]},{\"@type\":\"WebSite\",\"@id\":\"https:\/\/stiftadmont.at\/#website\",\"url\":\"https:\/\/stiftadmont.at\/\",\"name\":\"Stift Admont\",\"description\":\"Benediktinerkloster und Sehensw\u00fcrdigkeit im Ges\u00e4use\",\"potentialAction\":[{\"@type\":\"SearchAction\",\"target\":{\"@type\":\"EntryPoint\",\"urlTemplate\":\"https:\/\/stiftadmont.at\/?s={search_term_string}\"},\"query-input\":{\"@type\":\"PropertyValueSpecification\",\"valueRequired\":true,\"valueName\":\"search_term_string\"}}],\"inLanguage\":\"zh-Hans\"}]}<\/script>\n<!-- \/ Yoast SEO Premium plugin. -->","yoast_head_json":{"title":"\u963f\u5fb7\u8499\u7279\u4fee\u9053\u9662\u7684\u5a5a\u793c - \u963f\u5fb7\u8499\u7279\u4fee\u9053\u9662","robots":{"index":"index","follow":"follow","max-snippet":"max-snippet:-1","max-image-preview":"max-image-preview:large","max-video-preview":"max-video-preview:-1"},"canonical":"https:\/\/stiftadmont.at\/zh\/\u4fee\u9053\u9662\u9152\u7a96\/\u8bad\u4e01\u4fee\u9053\u9662\u5a5a\u793c\/","og_locale":"zh_CN","og_type":"article","og_title":"Heiraten im Stift Admont","og_url":"https:\/\/stiftadmont.at\/zh\/\u4fee\u9053\u9662\u9152\u7a96\/\u8bad\u4e01\u4fee\u9053\u9662\u5a5a\u793c\/","og_site_name":"Stift Admont","article_modified_time":"2025-07-03T08:35:44+00:00","og_image":[{"width":1912,"height":1188,"url":"https:\/\/stiftadmont.at\/wp-content\/uploads\/Klosteranlage-innen.jpg","type":"image\/jpeg"}],"twitter_card":"summary_large_image","schema":{"@context":"https:\/\/schema.org","@graph":[{"@type":"WebPage","@id":"https:\/\/stiftadmont.at\/stiftskeller-admont\/heiraten-im-stift-admont\/","url":"https:\/\/stiftadmont.at\/stiftskeller-admont\/heiraten-im-stift-admont\/","name":"\u963f\u5fb7\u8499\u7279\u4fee\u9053\u9662\u7684\u5a5a\u793c - \u963f\u5fb7\u8499\u7279\u4fee\u9053\u9662","isPartOf":{"@id":"https:\/\/stiftadmont.at\/#website"},"datePublished":"2025-07-03T08:07:15+00:00","dateModified":"2025-07-03T08:35:44+00:00","breadcrumb":{"@id":"https:\/\/stiftadmont.at\/stiftskeller-admont\/heiraten-im-stift-admont\/#breadcrumb"},"inLanguage":"zh-Hans","potentialAction":[{"@type":"ReadAction","target":["https:\/\/stiftadmont.at\/stiftskeller-admont\/heiraten-im-stift-admont\/"]}]},{"@type":"BreadcrumbList","@id":"https:\/\/stiftadmont.at\/stiftskeller-admont\/heiraten-im-stift-admont\/#breadcrumb","itemListElement":[{"@type":"ListItem","position":1,"name":"Start","item":"https:\/\/stiftadmont.at\/"},{"@type":"ListItem","position":2,"name":"Stiftskeller Admont","item":"https:\/\/stiftadmont.at\/stiftskeller-admont\/"},{"@type":"ListItem","position":3,"name":"Heiraten im Stift Admont"}]},{"@type":"WebSite","@id":"https:\/\/stiftadmont.at\/#website","url":"https:\/\/stiftadmont.at\/","name":"\u963f\u5fb7\u8499\u7279\u4fee\u9053\u9662","description":"\u683c\u8428\u5c14\u5730\u533a\u7684\u672c\u7b03\u4f1a\u4fee\u9053\u9662\u548c\u65c5\u6e38\u666f\u70b9","potentialAction":[{"@type":"SearchAction","target":{"@type":"EntryPoint","urlTemplate":"https:\/\/stiftadmont.at\/?s={search_term_string}"},"query-input":{"@type":"PropertyValueSpecification","valueRequired":true,"valueName":"search_term_string"}}],"inLanguage":"zh-Hans"}]}},"_links":{"self":[{"href":"https:\/\/stiftadmont.at\/zh\/wp-json\/wp\/v2\/pages\/36141","targetHints":{"allow":["GET"]}}],"collection":[{"href":"https:\/\/stiftadmont.at\/zh\/wp-json\/wp\/v2\/pages"}],"about":[{"href":"https:\/\/stiftadmont.at\/zh\/wp-json\/wp\/v2\/types\/page"}],"author":[{"embeddable":true,"href":"https:\/\/stiftadmont.at\/zh\/wp-json\/wp\/v2\/users\/7"}],"replies":[{"embeddable":true,"href":"https:\/\/stiftadmont.at\/zh\/wp-json\/wp\/v2\/comments?post=36141"}],"version-history":[{"count":7,"href":"https:\/\/stiftadmont.at\/zh\/wp-json\/wp\/v2\/pages\/36141\/revisions"}],"predecessor-version":[{"id":36151,"href":"https:\/\/stiftadmont.at\/zh\/wp-json\/wp\/v2\/pages\/36141\/revisions\/36151"}],"up":[{"embeddable":true,"href":"https:\/\/stiftadmont.at\/zh\/wp-json\/wp\/v2\/pages\/32972"}],"wp:attachment":[{"href":"https:\/\/stiftadmont.at\/zh\/wp-json\/wp\/v2\/media?parent=36141"}],"wp:term":[{"taxonomy":"category","embeddable":true,"href":"https:\/\/stiftadmont.at\/zh\/wp-json\/wp\/v2\/categories?post=36141"}],"curies":[{"name":"wp","href":"https:\/\/api.w.org\/{rel}","templated":true}]}}