{"id":36159,"date":"2025-07-03T10:28:08","date_gmt":"2025-07-03T08:28:08","guid":{"rendered":"https:\/\/stiftadmont.at\/?page_id=36159"},"modified":"2025-07-03T10:31:49","modified_gmt":"2025-07-03T08:31:49","slug":"%e4%bc%81%e4%b8%9a%e6%b4%bb%e5%8a%a8","status":"publish","type":"page","link":"https:\/\/stiftadmont.at\/zh\/stiftskeller-admont\/firmenevents\/","title":{"rendered":"\u516c\u53f8\u6d3b\u52a8"},"content":{"rendered":"<section id='lightpress__section--block_750d4288025c58dc7553a8b11370941f' class='align-center lightpress__section--default-section-space lightpress__section lightpress__section--headline'><div class=\"headline__container\">\n            <h2 class=\"headline text--40 text-medium line line--gold line-above line-middle\">Firmenevents im Stift Admont<\/h2>\n        <p class=\"text-center text-gold text--20 text-medium text--uppercase\">Sie planen ein Seminar oder ein Firmenevent? Dann sind Sie bei uns genau richtig! <\/p>\n        <div class=\"spacer--40\"><\/div>\n<\/div>\n\n<\/section>\n\n<section id='lightpress__section--block_5e740db750b9f2317b1d18e43d6cf732' class='lightpress__section--default-section-space lightpress__section lightpress__section--content'><div class=\"content__inner\"\n         x-init=\"initContentBlockAnim($el)\">\n        \n    <div class=\"content__grid content__grid--fifty-fifty\">\n                                            <div class=\"content__box content__box\"\n                 style=\"\">\n                                \n                \n                                            <div class=\"prose\"><h5 class=\"heading-m line line-above line--gold\"><span data-mce-type=\"bookmark\" style=\"display: inline-block; width: 0px; overflow: hidden; line-height: 0;\" class=\"mce_SELRES_start\">\ufeff<\/span><strong>Firmenevents im Stiftskeller Admont \u2013 Arbeiten, Feiern, Inspirieren<\/strong><\/h5>\n<p>\u00a0<\/p>\n<p>Mitten in der traumhaften Ges\u00e4use-Region und direkt am historischen Benediktinerstift Admont bietet der Stiftskeller den perfekten Rahmen f\u00fcr Ihre Seminare, Tagungen und Firmenevents.<\/p>\n<p>\u00a0<\/p>\n<p>Dank der einzigartigen Lage lassen sich Ihre Veranstaltungen ideal mit dem vielf\u00e4ltigen regionalen und kulturellen Angebot der Umgebung verbinden \u2013 f\u00fcr ein inspirierendes Erlebnis fernab des Alltags.<\/p>\n<p>\u00a0<\/p>\n<p>F\u00fcr ein ungest\u00f6rtes, privates Ambiente stehen Ihnen unser gem\u00fctliches St\u00fcberl, der helle Wintergarten sowie unsere stilvollen Speises\u00e4le jeweils als exklusive Separees zur Verf\u00fcgung.<\/p>\n<p>\u00a0<\/p>\n<p><strong>Wir unterst\u00fctzen Sie gern bei der Planung und Umsetzung Ihres erfolgreichen Firmenevents!<\/strong><\/p>\n<p>\u00a0<\/p>\n<p>\u00a0<\/p>\n<h5 class=\"heading-m line line-above line--gold\">Anfragen und Buchungen<\/h5>\n<h6>\u00a0<\/h6>\n<p><a class=\"phone\" href=\"tel:+43 (0) 3613\/335411\"><span class=\"icon-outer\"><i class=\"fa-light fa-phone\"><\/i><\/span>+43 (0) 3613\/335411<\/a>\u00a0 \u00a0\u00a0\u00a0<a class=\"email\" href=\"mailto:stiftskeller@stiftadmont.at\"><span class=\"icon-outer\"><i class=\"fa-light fa-envelope\"><\/i><\/span>stiftskeller@stiftadmont.at<\/a><\/p>\n<\/div>\n                    \n                            <\/div>\n        \n                                                    <div class=\"content__box content__box--2\"\n                     >\n                                        \n                    \n                                                <div class=\"content__media stickyTo\" x-init=\"imageSticky($el)\">\n\n                                                                                    <picture\n                                    class=\"content__image sticky\">\n                                <source srcset=\"https:\/\/stiftadmont.at\/wp-content\/uploads\/Stiftskeller_Wein_\u00a9Thomas-Sattler-1024x683.webp\" type=\"image\/webp\">\n                                <source srcset=\"https:\/\/stiftadmont.at\/wp-content\/uploads\/Stiftskeller_Wein_\u00a9Thomas-Sattler-1024x683.jpg\" type=\"image\/jpeg\">\n                                <img decoding=\"async\" class=\"sticky\" loading=\"lazy\" src=\"https:\/\/stiftadmont.at\/wp-content\/uploads\/Stiftskeller_Wein_\u00a9Thomas-Sattler-1024x683.jpg\"\n                                     alt=\"Stiftskeller Wein \u00a9Thomas Sattler scaled\">\n\n                                                                                                                            <\/picture>\n\n                        <\/div>\n\n                                    <\/div>\n            \n            <\/div>\n<\/div>\n\n<\/section>\n\n<section id='lightpress__section--block_e3b369af645a792f59417e59dffc934b' class='bg--beige lightpress__section--colored-bg lightpress__section--default-section-space lightpress__section lightpress__section--content'><div class=\"content__inner\"\n         x-init=\"initContentBlockAnim($el)\">\n        \n    <div class=\"content__grid content__grid--fifty-fifty\">\n                                            <div class=\"content__box content__box\"\n                 style=\"\">\n                                \n                \n                                        <div class=\"content__media stickyTo\" x-init=\"imageSticky($el)\">\n\n                                                                                                <picture\n                                class=\"content__image sticky\">\n                            <source srcset=\"https:\/\/stiftadmont.at\/wp-content\/uploads\/Weinverkostung_\u00a9Thomas-Sattler-5-1024x683.jpg\"\n                                    type=\"image\/webp\">\n                            <source srcset=\"https:\/\/stiftadmont.at\/wp-content\/uploads\/Weinverkostung_\u00a9Thomas-Sattler-5-1024x683.jpg\"\n                                    type=\"image\/jpeg\">\n                            <img decoding=\"async\" loading=\"lazy\"\n                                 src=\"https:\/\/stiftadmont.at\/wp-content\/uploads\/Weinverkostung_\u00a9Thomas-Sattler-5-1024x683.jpg\"\n                                 alt=\"Weinverkostung \u00a9Thomas Sattler 5 scaled\" width=\"600\" height=\"450\">\n                                                                                                            <\/picture>\n\n                    <\/div>\n\n                            <\/div>\n        \n                                                    <div class=\"content__box content__box--2\"\n                     >\n                                        \n                    \n                                                    <div class=\"prose\"><h5 class=\"heading-m line line-above line--gold\"><span data-mce-type=\"bookmark\" style=\"display: inline-block; width: 0px; overflow: hidden; line-height: 0;\" class=\"mce_SELRES_start\">\ufeff<\/span>Kultur &amp; Genuss \u2013 Ein Erlebnis f\u00fcr alle Sinne<\/h5>\n<p class=\"paragraph-m\">\u00a0<\/p>\n<p class=\"paragraph-m\">Tauchen Sie ein in die faszinierende Welt von Kunst, Geschichte und edlem Wein! Dieses exklusive Package im Benediktinerstift Admont vereint kulturellen Hochgenuss mit feiner Kulinarik \u2013 ideal f\u00fcr alle, die das Besondere suchen.<\/p>\n<p>\u00a0<\/p>\n<p class=\"paragraph-m\">Nach Ihrer Ankunft erwartet Sie ein spannender \u00dcberblick \u00fcber die beeindruckende Museumslandschaft des Stiftes. Im Anschluss genie\u00dfen Sie eine\u00a0<strong>exklusive F\u00fchrung durch die weltgr\u00f6\u00dfte Klosterbibliothek\u00a0<\/strong>\u2013 ein Ort voller Geschichte, Pracht und Inspiration. Den kr\u00f6nenden Abschluss bildet ein\u00a0<strong>Wine-Tasting<\/strong>\u00a0mit edlen Tropfen aus dem stiftseigenen Weingut DVERI PAX. Verkosten Sie ausgew\u00e4hlte Spitzenweine und \u00fcberzeugen Sie sich selbst von deren au\u00dfergew\u00f6hnlicher Qualit\u00e4t. Als besonderes Extra erhalten Sie sechs exklusive Weine direkt vor Ort.<\/p>\n<p class=\"paragraph-m\">\u00a0<\/p>\n<p class=\"paragraph-m\">Auf Wunsch verw\u00f6hnen wir Sie gerne mit einem kleinen kulinarischen Imbiss.<\/p>\n<p class=\"paragraph-m\"><em>Nur buchbar f\u00fcr Personen ab 18 Jahren.<\/em><\/p>\n<p>\u00a0<\/p>\n<p><a class=\"admont-button admont-button--secondary\" href=\"https:\/\/stiftadmont.at\/wp-content\/uploads\/STIFT_Kultur-Genuss_A4_V04122024-1.pdf\" download=\"STIFT_Kultur-Genuss_A4_www.pdf\">Angebot Kultur &amp; Genuss<\/a><\/p>\n<p>\u00a0<\/p>\n<p>\u00a0<\/p>\n<p>\u00a0<\/p>\n<h5 class=\"heading-m line line-above line--gold\">Anfragen und Buchungen<\/h5>\n<h6>\u00a0<\/h6>\n<p><a class=\"phone\" href=\"tel:+43 (0) 3613\/2312-605\"><span class=\"icon-outer\"><i class=\"fa-light fa-phone\"><\/i><\/span>+43 (0) 3613\/2312-605\u00a0<\/a>\u00a0\u00a0\u00a0<a class=\"email\" href=\"mailto:events@stiftadmont.at\"><span class=\"icon-outer\"><i class=\"fa-light fa-envelope\"><\/i><\/span>events@stiftadmont.at<\/a><\/p>\n<\/div>\n                        \n                                    <\/div>\n            \n            <\/div>\n<\/div>\n\n    <div class=\"background__container background__container--beige\">\n    <\/div>\n\n<\/section>\n\n<section id='lightpress__section--block_6245c89908983506f98d0bf199b2fca8' class='lightpress__section--default-section-space lightpress__section lightpress__section--image-slider'>\n<div class=\"image-slider\"\n     x-data=\"{ gallery: null, shown: false }\"\n     x-init=\"gallery = initSliderGallery([{&quot;href&quot;:&quot;https:\\\/\\\/stiftadmont.at\\\/wp-content\\\/uploads\\\/Bibliothek_hohe-Quali.jpg&quot;,&quot;type&quot;:&quot;image&quot;},{&quot;href&quot;:&quot;https:\\\/\\\/stiftadmont.at\\\/wp-content\\\/uploads\\\/Stiftskeller_\\u00a9Thomas-Sattler-18-1-1920x1280.jpg&quot;,&quot;type&quot;:&quot;image&quot;},{&quot;href&quot;:&quot;https:\\\/\\\/stiftadmont.at\\\/wp-content\\\/uploads\\\/Stiftskeller_Wein_\\u00a9Thomas-Sattler-1-1920x1280.jpg&quot;,&quot;type&quot;:&quot;image&quot;},{&quot;href&quot;:&quot;https:\\\/\\\/stiftadmont.at\\\/wp-content\\\/uploads\\\/Stiftskeller_\\u00a9Thomas-Sattler-17-1920x1280.jpg&quot;,&quot;type&quot;:&quot;image&quot;},{&quot;href&quot;:&quot;https:\\\/\\\/stiftadmont.at\\\/wp-content\\\/uploads\\\/11-Stiftskeller-Admont-Eroeffnung-011-www-1920x2880.jpg&quot;,&quot;type&quot;:&quot;image&quot;},{&quot;href&quot;:&quot;https:\\\/\\\/stiftadmont.at\\\/wp-content\\\/uploads\\\/Stiftskeller_\\u00a9Thomas-Sattler-19-1-1920x1280.jpg&quot;,&quot;type&quot;:&quot;image&quot;},{&quot;href&quot;:&quot;https:\\\/\\\/stiftadmont.at\\\/wp-content\\\/uploads\\\/Kulinarik-im-Stiftskeller.jpg&quot;,&quot;type&quot;:&quot;image&quot;}]); initImageSliderBlockAnim($el);\">\n    <div class=\"image-slider__inner\">\n\n        <div class=\"swiper-container\" x-init=\"initImageSliderBlock($el, $refs.btnPrev, $refs.btnNext)\">\n            <div class=\"swiper-wrapper\">\n                                    <div class=\"swiper-slide\">\n                        <div class=\"image-slider__media\">\n                            <img decoding=\"async\" class=\"image-slider__image\"\n                                 src=\"https:\/\/stiftadmont.at\/wp-content\/uploads\/Bibliothek_hohe-Quali-768x545.jpg\"\n                                 alt=\"Stift Admont - Weltgr\u00f6\u00dfte Klosterbibliothek \u00a9 Stefan Leitner\">\n                        <\/div>\n                    <\/div>\n                                    <div class=\"swiper-slide\">\n                        <div class=\"image-slider__media\">\n                            <img decoding=\"async\" class=\"image-slider__image\"\n                                 src=\"https:\/\/stiftadmont.at\/wp-content\/uploads\/Stiftskeller_\u00a9Thomas-Sattler-18-1-768x512.jpg\"\n                                 alt=\"Stiftskeller \u00a9Thomas Sattler 18\">\n                        <\/div>\n                    <\/div>\n                                    <div class=\"swiper-slide\">\n                        <div class=\"image-slider__media\">\n                            <img decoding=\"async\" class=\"image-slider__image\"\n                                 src=\"https:\/\/stiftadmont.at\/wp-content\/uploads\/Stiftskeller_Wein_\u00a9Thomas-Sattler-1-768x512.jpg\"\n                                 alt=\"Stiftskeller Wein \u00a9Thomas Sattler\">\n                        <\/div>\n                    <\/div>\n                                    <div class=\"swiper-slide\">\n                        <div class=\"image-slider__media\">\n                            <img decoding=\"async\" class=\"image-slider__image\"\n                                 src=\"https:\/\/stiftadmont.at\/wp-content\/uploads\/Stiftskeller_\u00a9Thomas-Sattler-17-768x512.jpg\"\n                                 alt=\"Stiftskeller \u00a9Thomas Sattler 17 scaled\">\n                        <\/div>\n                    <\/div>\n                                    <div class=\"swiper-slide\">\n                        <div class=\"image-slider__media\">\n                            <img decoding=\"async\" class=\"image-slider__image\"\n                                 src=\"https:\/\/stiftadmont.at\/wp-content\/uploads\/11-Stiftskeller-Admont-Eroeffnung-011-www-768x1152.jpg\"\n                                 alt=\"11   Stiftskeller Admont Er\u00f6ffnung 011 www\">\n                        <\/div>\n                    <\/div>\n                                    <div class=\"swiper-slide\">\n                        <div class=\"image-slider__media\">\n                            <img decoding=\"async\" class=\"image-slider__image\"\n                                 src=\"https:\/\/stiftadmont.at\/wp-content\/uploads\/Stiftskeller_\u00a9Thomas-Sattler-19-1-768x512.jpg\"\n                                 alt=\"Stiftskeller \u00a9Thomas Sattler 19\">\n                        <\/div>\n                    <\/div>\n                                    <div class=\"swiper-slide\">\n                        <div class=\"image-slider__media\">\n                            <img decoding=\"async\" class=\"image-slider__image\"\n                                 src=\"https:\/\/stiftadmont.at\/wp-content\/uploads\/Kulinarik-im-Stiftskeller-768x506.jpg\"\n                                 alt=\"Kulinarik im Stiftskeller\">\n                        <\/div>\n                    <\/div>\n                            <\/div>\n\n            <div class=\"swiper-nav-wrapper\">\n                <button class=\"swiper-button-prev slider-button--prev\" x-ref=\"btnPrev\"\n                        aria-label=\"Vorige Bilder anzeigen\">\n                    <img decoding=\"async\" src=\"\/wp-content\/themes\/stift-admont\/src\/assets\/img\/arrow-left-big-new.svg\" alt=\"Pfeil nach Links\">\n                <\/button>\n\n\n                <a class=\"image-slider__gallery\" @click=\"openGallery(gallery)\"><i class=\"fa-thin fa-plus\"><\/i><\/a>\n                <button class=\"swiper-button-next slider-button--next\"\n                        x-ref=\"btnNext\"\n                        aria-label=\"N\u00e4chste Bilder anzeigen\">\n                    <img decoding=\"async\" src=\"\/wp-content\/themes\/stift-admont\/src\/assets\/img\/arrow-right-big-new.svg\" alt=\"Pfeil nach Rechts\">\n                <\/button>\n            <\/div>\n        <\/div>\n    <\/div>\n\n\n<\/div><\/section>","protected":false},"excerpt":{"rendered":"","protected":false},"author":7,"featured_media":0,"parent":32972,"menu_order":0,"comment_status":"closed","ping_status":"closed","template":"","meta":{"_acf_changed":false,"footnotes":""},"categories":[],"class_list":["post-36159","page","type-page","status-publish","hentry"],"acf":[],"yoast_head":"<!-- This site is optimized with the Yoast SEO Premium plugin v26.0 (Yoast SEO v26.8) - https:\/\/yoast.com\/product\/yoast-seo-premium-wordpress\/ -->\n<title>Firmenevents - Stift Admont<\/title>\n<meta name=\"robots\" content=\"index, follow, max-snippet:-1, max-image-preview:large, max-video-preview:-1\" \/>\n<link rel=\"canonical\" href=\"https:\/\/stiftadmont.at\/zh\/\u4fee\u9053\u9662\u9152\u7a96\/\u4f01\u4e1a\u6d3b\u52a8\/\" \/>\n<meta property=\"og:locale\" content=\"zh_CN\" \/>\n<meta property=\"og:type\" content=\"article\" \/>\n<meta property=\"og:title\" content=\"Firmenevents\" \/>\n<meta property=\"og:url\" content=\"https:\/\/stiftadmont.at\/zh\/\u4fee\u9053\u9662\u9152\u7a96\/\u4f01\u4e1a\u6d3b\u52a8\/\" \/>\n<meta property=\"og:site_name\" content=\"Stift Admont\" \/>\n<meta property=\"article:modified_time\" content=\"2025-07-03T08:31:49+00:00\" \/>\n<meta property=\"og:image\" content=\"https:\/\/stiftadmont.at\/wp-content\/uploads\/Klosteranlage-innen.jpg\" \/>\n\t<meta property=\"og:image:width\" content=\"1912\" \/>\n\t<meta property=\"og:image:height\" content=\"1188\" \/>\n\t<meta property=\"og:image:type\" content=\"image\/jpeg\" \/>\n<meta name=\"twitter:card\" content=\"summary_large_image\" \/>\n<script type=\"application\/ld+json\" class=\"yoast-schema-graph\">{\"@context\":\"https:\/\/schema.org\",\"@graph\":[{\"@type\":\"WebPage\",\"@id\":\"https:\/\/stiftadmont.at\/stiftskeller-admont\/firmenevents\/\",\"url\":\"https:\/\/stiftadmont.at\/stiftskeller-admont\/firmenevents\/\",\"name\":\"Firmenevents - Stift Admont\",\"isPartOf\":{\"@id\":\"https:\/\/stiftadmont.at\/#website\"},\"datePublished\":\"2025-07-03T08:28:08+00:00\",\"dateModified\":\"2025-07-03T08:31:49+00:00\",\"breadcrumb\":{\"@id\":\"https:\/\/stiftadmont.at\/stiftskeller-admont\/firmenevents\/#breadcrumb\"},\"inLanguage\":\"zh-Hans\",\"potentialAction\":[{\"@type\":\"ReadAction\",\"target\":[\"https:\/\/stiftadmont.at\/stiftskeller-admont\/firmenevents\/\"]}]},{\"@type\":\"BreadcrumbList\",\"@id\":\"https:\/\/stiftadmont.at\/stiftskeller-admont\/firmenevents\/#breadcrumb\",\"itemListElement\":[{\"@type\":\"ListItem\",\"position\":1,\"name\":\"Start\",\"item\":\"https:\/\/stiftadmont.at\/\"},{\"@type\":\"ListItem\",\"position\":2,\"name\":\"Stiftskeller Admont\",\"item\":\"https:\/\/stiftadmont.at\/stiftskeller-admont\/\"},{\"@type\":\"ListItem\",\"position\":3,\"name\":\"Firmenevents\"}]},{\"@type\":\"WebSite\",\"@id\":\"https:\/\/stiftadmont.at\/#website\",\"url\":\"https:\/\/stiftadmont.at\/\",\"name\":\"Stift Admont\",\"description\":\"Benediktinerkloster und Sehensw\u00fcrdigkeit im Ges\u00e4use\",\"potentialAction\":[{\"@type\":\"SearchAction\",\"target\":{\"@type\":\"EntryPoint\",\"urlTemplate\":\"https:\/\/stiftadmont.at\/?s={search_term_string}\"},\"query-input\":{\"@type\":\"PropertyValueSpecification\",\"valueRequired\":true,\"valueName\":\"search_term_string\"}}],\"inLanguage\":\"zh-Hans\"}]}<\/script>\n<!-- \/ Yoast SEO Premium plugin. -->","yoast_head_json":{"title":"\u516c\u53f8\u6d3b\u52a8 - \u963f\u5fb7\u8499\u7279\u4fee\u9053\u9662","robots":{"index":"index","follow":"follow","max-snippet":"max-snippet:-1","max-image-preview":"max-image-preview:large","max-video-preview":"max-video-preview:-1"},"canonical":"https:\/\/stiftadmont.at\/zh\/\u4fee\u9053\u9662\u9152\u7a96\/\u4f01\u4e1a\u6d3b\u52a8\/","og_locale":"zh_CN","og_type":"article","og_title":"Firmenevents","og_url":"https:\/\/stiftadmont.at\/zh\/\u4fee\u9053\u9662\u9152\u7a96\/\u4f01\u4e1a\u6d3b\u52a8\/","og_site_name":"Stift Admont","article_modified_time":"2025-07-03T08:31:49+00:00","og_image":[{"width":1912,"height":1188,"url":"https:\/\/stiftadmont.at\/wp-content\/uploads\/Klosteranlage-innen.jpg","type":"image\/jpeg"}],"twitter_card":"summary_large_image","schema":{"@context":"https:\/\/schema.org","@graph":[{"@type":"WebPage","@id":"https:\/\/stiftadmont.at\/stiftskeller-admont\/firmenevents\/","url":"https:\/\/stiftadmont.at\/stiftskeller-admont\/firmenevents\/","name":"\u516c\u53f8\u6d3b\u52a8 - \u963f\u5fb7\u8499\u7279\u4fee\u9053\u9662","isPartOf":{"@id":"https:\/\/stiftadmont.at\/#website"},"datePublished":"2025-07-03T08:28:08+00:00","dateModified":"2025-07-03T08:31:49+00:00","breadcrumb":{"@id":"https:\/\/stiftadmont.at\/stiftskeller-admont\/firmenevents\/#breadcrumb"},"inLanguage":"zh-Hans","potentialAction":[{"@type":"ReadAction","target":["https:\/\/stiftadmont.at\/stiftskeller-admont\/firmenevents\/"]}]},{"@type":"BreadcrumbList","@id":"https:\/\/stiftadmont.at\/stiftskeller-admont\/firmenevents\/#breadcrumb","itemListElement":[{"@type":"ListItem","position":1,"name":"Start","item":"https:\/\/stiftadmont.at\/"},{"@type":"ListItem","position":2,"name":"Stiftskeller Admont","item":"https:\/\/stiftadmont.at\/stiftskeller-admont\/"},{"@type":"ListItem","position":3,"name":"Firmenevents"}]},{"@type":"WebSite","@id":"https:\/\/stiftadmont.at\/#website","url":"https:\/\/stiftadmont.at\/","name":"\u963f\u5fb7\u8499\u7279\u4fee\u9053\u9662","description":"\u683c\u8428\u5c14\u5730\u533a\u7684\u672c\u7b03\u4f1a\u4fee\u9053\u9662\u548c\u65c5\u6e38\u666f\u70b9","potentialAction":[{"@type":"SearchAction","target":{"@type":"EntryPoint","urlTemplate":"https:\/\/stiftadmont.at\/?s={search_term_string}"},"query-input":{"@type":"PropertyValueSpecification","valueRequired":true,"valueName":"search_term_string"}}],"inLanguage":"zh-Hans"}]}},"_links":{"self":[{"href":"https:\/\/stiftadmont.at\/zh\/wp-json\/wp\/v2\/pages\/36159","targetHints":{"allow":["GET"]}}],"collection":[{"href":"https:\/\/stiftadmont.at\/zh\/wp-json\/wp\/v2\/pages"}],"about":[{"href":"https:\/\/stiftadmont.at\/zh\/wp-json\/wp\/v2\/types\/page"}],"author":[{"embeddable":true,"href":"https:\/\/stiftadmont.at\/zh\/wp-json\/wp\/v2\/users\/7"}],"replies":[{"embeddable":true,"href":"https:\/\/stiftadmont.at\/zh\/wp-json\/wp\/v2\/comments?post=36159"}],"version-history":[{"count":4,"href":"https:\/\/stiftadmont.at\/zh\/wp-json\/wp\/v2\/pages\/36159\/revisions"}],"predecessor-version":[{"id":36165,"href":"https:\/\/stiftadmont.at\/zh\/wp-json\/wp\/v2\/pages\/36159\/revisions\/36165"}],"up":[{"embeddable":true,"href":"https:\/\/stiftadmont.at\/zh\/wp-json\/wp\/v2\/pages\/32972"}],"wp:attachment":[{"href":"https:\/\/stiftadmont.at\/zh\/wp-json\/wp\/v2\/media?parent=36159"}],"wp:term":[{"taxonomy":"category","embeddable":true,"href":"https:\/\/stiftadmont.at\/zh\/wp-json\/wp\/v2\/categories?post=36159"}],"curies":[{"name":"wp","href":"https:\/\/api.w.org\/{rel}","templated":true}]}}