{"id":39515,"date":"2026-02-11T10:51:17","date_gmt":"2026-02-11T08:51:17","guid":{"rendered":"https:\/\/stiftadmont.at\/?page_id=39515"},"modified":"2026-02-11T10:51:22","modified_gmt":"2026-02-11T08:51:22","slug":"%e5%bb%ba%e7%ad%91%e5%ad%a6","status":"publish","type":"page","link":"https:\/\/stiftadmont.at\/zh\/pfarren\/pfarrgemeinschaft-frauenberg-ardning-hall\/pfarre-hall\/architektur\/","title":{"rendered":"\u5efa\u7b51\u548c\u5bb6\u5177"},"content":{"rendered":"<section id='lightpress__section--block_4e12eee357c667980f2cf04111ab3309' class='align-center lightpress__section--default-section-space lightpress__section lightpress__section--headline'><div class=\"headline__container\">\n            <h2 class=\"headline text--40 text-medium line line--gold line-above line-middle\">Architektur und Ausstattung der Pfarrkirche Hall<\/h2>\n        <p class=\"text-center text-gold text--20 text-medium text--uppercase\">Hier finden Sie einige Informationen zu unserer Kirche <\/p>\n        <div class=\"spacer--40\"><\/div>\n<\/div>\n\n<\/section>\n\n<section id='lightpress__section--block_077a3e16879457081476622f0c0b4f70' class='lightpress__section--default-section-space lightpress__section lightpress__section--content'><div class=\"content__inner\"\n         x-init=\"initContentBlockAnim($el)\">\n        \n    <div class=\"content__grid content__grid--fifty-fifty\">\n                                            <div class=\"content__box content__box\"\n                 style=\"\">\n                                \n                \n                                            <div class=\"prose\"><p>Die nach au\u00dfen eher schmucklose Kirche wird bekr\u00f6nt von einem Dachreiter mit barocker Haube (Schindeldach und Turmkreuz 2013 erneuert). Im Inneren \u00fcberrascht die Ger\u00e4umigkeit \u2013 ein lichtes, vierjochiges Langhaus und ein einjochiger Chorraum mit geraPfarre Hall, Altarraumdem Schluss. Das Kirchengew\u00f6lbe mit Stuckfelderteilung stammt aus der ersten H\u00e4lfte des 18. Jahrhunderts und wurde bei den letzten Renovierungen in den Originalfarben der Barockzeit ausgemalt.<\/p>\n<p>\u00a0<\/p>\n<p>Als Hochaltar dient ein barocker, vergoldeter Tabernakelaufbau, mit Engeln und Reliquienschreinen von Veit K\u00f6niger (1776), 1908 aus der Pfarrkirche Landl \u00fcbertragen. Dar\u00fcber eine Kreuzigungsgruppe von Josef Stammel (1750). An der Altarwand wurden 1984 Seccomalereien aus dem 18. Jahrhundert freigelegt \u2013 erg\u00e4nzt durch Wappen jener \u00c4bte von Admont, die als Pfarrvikare in Hall dienten, seitlich davon zwei Schutzengelstatuen (1707).<\/p>\n<p>\u00a0<\/p>\n<\/div>\n                    \n                            <\/div>\n        \n                                                    <div class=\"content__box content__box--2\"\n                     >\n                                        \n                    \n                                                    <div class=\"prose\"><p>Zahlreiche Barockbilder befinden sich in der Kirche, unter anderem die beiden ehemaligen Seitenaltarbilder und deren Oberbilder (Nordwand: heiliger Benedikt, dar\u00fcber heiliger Florian; S\u00fcdwand: heiliger Dominikus, dar\u00fcber heiliger Johannes Nepomuk), sowie vier Bilder der lateinischen Kirchenlehrer: Gregor, Ambrosius, Augustinus und Hieronymus.<\/p>\n<p>\u00a0<\/p>\n<p>Weiters eine Statue der Madonna mit Kind (Kopie einer gotischen Skulptur) zwischen zwei adorierenden Engeln (19. Jahrhundert) und eine Statue des Gegei\u00dfelten Heilands an der S\u00fcdwand des Kirchenschiffes (18. Jahrhundert).<\/p>\n<p>\u00a0<\/p>\n<p>Die Kreuzwegbilder an den Langhausw\u00e4nden von Richard K\u00fchlwein (Regensburg, 1910).<\/p>\n<\/div>\n                        \n                                    <\/div>\n            \n            <\/div>\n<\/div>\n\n<\/section>\n\n<section id='lightpress__section--block_246905b3fa6843942c9ca25111a1f416' class='lightpress__section--default-section-space lightpress__section lightpress__section--image-slider'>\n<div class=\"image-slider\"\n     x-data=\"{ gallery: null, shown: false }\"\n     x-init=\"gallery = initSliderGallery([{&quot;href&quot;:&quot;https:\\\/\\\/stiftadmont.at\\\/wp-content\\\/uploads\\\/hall-4.jpg&quot;,&quot;type&quot;:&quot;image&quot;},{&quot;href&quot;:&quot;https:\\\/\\\/stiftadmont.at\\\/wp-content\\\/uploads\\\/hall-3.jpg&quot;,&quot;type&quot;:&quot;image&quot;},{&quot;href&quot;:&quot;https:\\\/\\\/stiftadmont.at\\\/wp-content\\\/uploads\\\/Hall-2.jpg&quot;,&quot;type&quot;:&quot;image&quot;},{&quot;href&quot;:&quot;https:\\\/\\\/stiftadmont.at\\\/wp-content\\\/uploads\\\/Hall-1.jpg&quot;,&quot;type&quot;:&quot;image&quot;}]); initImageSliderBlockAnim($el);\">\n    <div class=\"image-slider__inner\">\n\n        <div class=\"swiper-container\" x-init=\"initImageSliderBlock($el, $refs.btnPrev, $refs.btnNext)\">\n            <div class=\"swiper-wrapper\">\n                                    <div class=\"swiper-slide\">\n                        <div class=\"image-slider__media\">\n                            <img decoding=\"async\" class=\"image-slider__image\"\n                                 src=\"https:\/\/stiftadmont.at\/wp-content\/uploads\/hall-4-768x429.jpg\"\n                                 alt=\"hall\">\n                        <\/div>\n                    <\/div>\n                                    <div class=\"swiper-slide\">\n                        <div class=\"image-slider__media\">\n                            <img decoding=\"async\" class=\"image-slider__image\"\n                                 src=\"https:\/\/stiftadmont.at\/wp-content\/uploads\/hall-3-768x417.jpg\"\n                                 alt=\"hall\">\n                        <\/div>\n                    <\/div>\n                                    <div class=\"swiper-slide\">\n                        <div class=\"image-slider__media\">\n                            <img decoding=\"async\" class=\"image-slider__image\" src=\"https:\/\/stiftadmont.at\/wp-content\/uploads\/Hall-2.jpg\" alt=\"Hall\" \/>\n                        <\/div>\n                    <\/div>\n                                    <div class=\"swiper-slide\">\n                        <div class=\"image-slider__media\">\n                            <img decoding=\"async\" class=\"image-slider__image\"\n                                 src=\"https:\/\/stiftadmont.at\/wp-content\/uploads\/Hall-1-768x511.jpg\"\n                                 alt=\"Hall\">\n                        <\/div>\n                    <\/div>\n                            <\/div>\n\n            <div class=\"swiper-nav-wrapper\">\n                <button class=\"swiper-button-prev slider-button--prev\" x-ref=\"btnPrev\"\n                        aria-label=\"Vorige Bilder anzeigen\">\n                    <img decoding=\"async\" src=\"\/wp-content\/themes\/stift-admont\/src\/assets\/img\/arrow-left-big-new.svg\" alt=\"Pfeil nach Links\">\n                <\/button>\n\n\n                <a class=\"image-slider__gallery\" @click=\"openGallery(gallery)\"><i class=\"fa-thin fa-plus\"><\/i><\/a>\n                <button class=\"swiper-button-next slider-button--next\"\n                        x-ref=\"btnNext\"\n                        aria-label=\"N\u00e4chste Bilder anzeigen\">\n                    <img decoding=\"async\" src=\"\/wp-content\/themes\/stift-admont\/src\/assets\/img\/arrow-right-big-new.svg\" alt=\"Pfeil nach Rechts\">\n                <\/button>\n            <\/div>\n        <\/div>\n    <\/div>\n\n\n<\/div><\/section>","protected":false},"excerpt":{"rendered":"","protected":false},"author":7,"featured_media":0,"parent":39500,"menu_order":0,"comment_status":"closed","ping_status":"closed","template":"","meta":{"_acf_changed":false,"footnotes":""},"categories":[],"class_list":["post-39515","page","type-page","status-publish","hentry"],"acf":[],"yoast_head":"<!-- This site is optimized with the Yoast SEO Premium plugin v26.0 (Yoast SEO v26.8) - https:\/\/yoast.com\/product\/yoast-seo-premium-wordpress\/ -->\n<title>Architektur und Ausstattung - Stift Admont<\/title>\n<meta name=\"robots\" content=\"index, follow, max-snippet:-1, max-image-preview:large, max-video-preview:-1\" \/>\n<link rel=\"canonical\" href=\"https:\/\/stiftadmont.at\/zh\/\u6559\u533a\/\u6559\u533a\u793e\u533a-\u5f17\u52b3\u6069\u8d1d\u683c-\u963f\u5fb7\u5b81\u5385\/\u5802\u533a-2\/\u5efa\u7b51\u5b66\/\" \/>\n<meta property=\"og:locale\" content=\"zh_CN\" \/>\n<meta property=\"og:type\" content=\"article\" \/>\n<meta property=\"og:title\" content=\"Architektur und Ausstattung\" \/>\n<meta property=\"og:url\" content=\"https:\/\/stiftadmont.at\/zh\/\u6559\u533a\/\u6559\u533a\u793e\u533a-\u5f17\u52b3\u6069\u8d1d\u683c-\u963f\u5fb7\u5b81\u5385\/\u5802\u533a-2\/\u5efa\u7b51\u5b66\/\" \/>\n<meta property=\"og:site_name\" content=\"Stift Admont\" \/>\n<meta property=\"article:modified_time\" content=\"2026-02-11T08:51:22+00:00\" \/>\n<meta property=\"og:image\" content=\"https:\/\/stiftadmont.at\/wp-content\/uploads\/Klosteranlage-innen.jpg\" \/>\n\t<meta property=\"og:image:width\" content=\"1912\" \/>\n\t<meta property=\"og:image:height\" content=\"1188\" \/>\n\t<meta property=\"og:image:type\" content=\"image\/jpeg\" \/>\n<meta name=\"twitter:card\" content=\"summary_large_image\" \/>\n<script type=\"application\/ld+json\" class=\"yoast-schema-graph\">{\"@context\":\"https:\/\/schema.org\",\"@graph\":[{\"@type\":\"WebPage\",\"@id\":\"https:\/\/stiftadmont.at\/pfarren\/pfarrgemeinschaft-frauenberg-ardning-hall\/pfarre-hall\/architektur\/\",\"url\":\"https:\/\/stiftadmont.at\/pfarren\/pfarrgemeinschaft-frauenberg-ardning-hall\/pfarre-hall\/architektur\/\",\"name\":\"Architektur und Ausstattung - Stift Admont\",\"isPartOf\":{\"@id\":\"https:\/\/stiftadmont.at\/#website\"},\"datePublished\":\"2026-02-11T08:51:17+00:00\",\"dateModified\":\"2026-02-11T08:51:22+00:00\",\"breadcrumb\":{\"@id\":\"https:\/\/stiftadmont.at\/pfarren\/pfarrgemeinschaft-frauenberg-ardning-hall\/pfarre-hall\/architektur\/#breadcrumb\"},\"inLanguage\":\"zh-Hans\",\"potentialAction\":[{\"@type\":\"ReadAction\",\"target\":[\"https:\/\/stiftadmont.at\/pfarren\/pfarrgemeinschaft-frauenberg-ardning-hall\/pfarre-hall\/architektur\/\"]}]},{\"@type\":\"BreadcrumbList\",\"@id\":\"https:\/\/stiftadmont.at\/pfarren\/pfarrgemeinschaft-frauenberg-ardning-hall\/pfarre-hall\/architektur\/#breadcrumb\",\"itemListElement\":[{\"@type\":\"ListItem\",\"position\":1,\"name\":\"Start\",\"item\":\"https:\/\/stiftadmont.at\/\"},{\"@type\":\"ListItem\",\"position\":2,\"name\":\"Pfarren\",\"item\":\"https:\/\/stiftadmont.at\/pfarren\/\"},{\"@type\":\"ListItem\",\"position\":3,\"name\":\"Pfarrgemeinschaft Frauenberg-Ardning-Hall\",\"item\":\"https:\/\/stiftadmont.at\/pfarren\/pfarrgemeinschaft-frauenberg-ardning-hall\/\"},{\"@type\":\"ListItem\",\"position\":4,\"name\":\"Pfarre Hall bei Admont\",\"item\":\"https:\/\/stiftadmont.at\/pfarren\/pfarrgemeinschaft-frauenberg-ardning-hall\/pfarre-hall\/\"},{\"@type\":\"ListItem\",\"position\":5,\"name\":\"Architektur und Ausstattung\"}]},{\"@type\":\"WebSite\",\"@id\":\"https:\/\/stiftadmont.at\/#website\",\"url\":\"https:\/\/stiftadmont.at\/\",\"name\":\"Stift Admont\",\"description\":\"Benediktinerkloster und Sehensw\u00fcrdigkeit im Ges\u00e4use\",\"potentialAction\":[{\"@type\":\"SearchAction\",\"target\":{\"@type\":\"EntryPoint\",\"urlTemplate\":\"https:\/\/stiftadmont.at\/?s={search_term_string}\"},\"query-input\":{\"@type\":\"PropertyValueSpecification\",\"valueRequired\":true,\"valueName\":\"search_term_string\"}}],\"inLanguage\":\"zh-Hans\"}]}<\/script>\n<!-- \/ Yoast SEO Premium plugin. -->","yoast_head_json":{"title":"\u5efa\u7b51\u4e0e\u9648\u8bbe - \u963f\u5fb7\u8499\u7279\u4fee\u9053\u9662","robots":{"index":"index","follow":"follow","max-snippet":"max-snippet:-1","max-image-preview":"max-image-preview:large","max-video-preview":"max-video-preview:-1"},"canonical":"https:\/\/stiftadmont.at\/zh\/\u6559\u533a\/\u6559\u533a\u793e\u533a-\u5f17\u52b3\u6069\u8d1d\u683c-\u963f\u5fb7\u5b81\u5385\/\u5802\u533a-2\/\u5efa\u7b51\u5b66\/","og_locale":"zh_CN","og_type":"article","og_title":"Architektur und Ausstattung","og_url":"https:\/\/stiftadmont.at\/zh\/\u6559\u533a\/\u6559\u533a\u793e\u533a-\u5f17\u52b3\u6069\u8d1d\u683c-\u963f\u5fb7\u5b81\u5385\/\u5802\u533a-2\/\u5efa\u7b51\u5b66\/","og_site_name":"Stift Admont","article_modified_time":"2026-02-11T08:51:22+00:00","og_image":[{"width":1912,"height":1188,"url":"https:\/\/stiftadmont.at\/wp-content\/uploads\/Klosteranlage-innen.jpg","type":"image\/jpeg"}],"twitter_card":"summary_large_image","schema":{"@context":"https:\/\/schema.org","@graph":[{"@type":"WebPage","@id":"https:\/\/stiftadmont.at\/pfarren\/pfarrgemeinschaft-frauenberg-ardning-hall\/pfarre-hall\/architektur\/","url":"https:\/\/stiftadmont.at\/pfarren\/pfarrgemeinschaft-frauenberg-ardning-hall\/pfarre-hall\/architektur\/","name":"\u5efa\u7b51\u4e0e\u9648\u8bbe - \u963f\u5fb7\u8499\u7279\u4fee\u9053\u9662","isPartOf":{"@id":"https:\/\/stiftadmont.at\/#website"},"datePublished":"2026-02-11T08:51:17+00:00","dateModified":"2026-02-11T08:51:22+00:00","breadcrumb":{"@id":"https:\/\/stiftadmont.at\/pfarren\/pfarrgemeinschaft-frauenberg-ardning-hall\/pfarre-hall\/architektur\/#breadcrumb"},"inLanguage":"zh-Hans","potentialAction":[{"@type":"ReadAction","target":["https:\/\/stiftadmont.at\/pfarren\/pfarrgemeinschaft-frauenberg-ardning-hall\/pfarre-hall\/architektur\/"]}]},{"@type":"BreadcrumbList","@id":"https:\/\/stiftadmont.at\/pfarren\/pfarrgemeinschaft-frauenberg-ardning-hall\/pfarre-hall\/architektur\/#breadcrumb","itemListElement":[{"@type":"ListItem","position":1,"name":"Start","item":"https:\/\/stiftadmont.at\/"},{"@type":"ListItem","position":2,"name":"Pfarren","item":"https:\/\/stiftadmont.at\/pfarren\/"},{"@type":"ListItem","position":3,"name":"Pfarrgemeinschaft Frauenberg-Ardning-Hall","item":"https:\/\/stiftadmont.at\/pfarren\/pfarrgemeinschaft-frauenberg-ardning-hall\/"},{"@type":"ListItem","position":4,"name":"Pfarre Hall bei Admont","item":"https:\/\/stiftadmont.at\/pfarren\/pfarrgemeinschaft-frauenberg-ardning-hall\/pfarre-hall\/"},{"@type":"ListItem","position":5,"name":"Architektur und Ausstattung"}]},{"@type":"WebSite","@id":"https:\/\/stiftadmont.at\/#website","url":"https:\/\/stiftadmont.at\/","name":"\u963f\u5fb7\u8499\u7279\u4fee\u9053\u9662","description":"\u683c\u8428\u5c14\u5730\u533a\u7684\u672c\u7b03\u4f1a\u4fee\u9053\u9662\u548c\u65c5\u6e38\u666f\u70b9","potentialAction":[{"@type":"SearchAction","target":{"@type":"EntryPoint","urlTemplate":"https:\/\/stiftadmont.at\/?s={search_term_string}"},"query-input":{"@type":"PropertyValueSpecification","valueRequired":true,"valueName":"search_term_string"}}],"inLanguage":"zh-Hans"}]}},"_links":{"self":[{"href":"https:\/\/stiftadmont.at\/zh\/wp-json\/wp\/v2\/pages\/39515","targetHints":{"allow":["GET"]}}],"collection":[{"href":"https:\/\/stiftadmont.at\/zh\/wp-json\/wp\/v2\/pages"}],"about":[{"href":"https:\/\/stiftadmont.at\/zh\/wp-json\/wp\/v2\/types\/page"}],"author":[{"embeddable":true,"href":"https:\/\/stiftadmont.at\/zh\/wp-json\/wp\/v2\/users\/7"}],"replies":[{"embeddable":true,"href":"https:\/\/stiftadmont.at\/zh\/wp-json\/wp\/v2\/comments?post=39515"}],"version-history":[{"count":2,"href":"https:\/\/stiftadmont.at\/zh\/wp-json\/wp\/v2\/pages\/39515\/revisions"}],"predecessor-version":[{"id":39517,"href":"https:\/\/stiftadmont.at\/zh\/wp-json\/wp\/v2\/pages\/39515\/revisions\/39517"}],"up":[{"embeddable":true,"href":"https:\/\/stiftadmont.at\/zh\/wp-json\/wp\/v2\/pages\/39500"}],"wp:attachment":[{"href":"https:\/\/stiftadmont.at\/zh\/wp-json\/wp\/v2\/media?parent=39515"}],"wp:term":[{"taxonomy":"category","embeddable":true,"href":"https:\/\/stiftadmont.at\/zh\/wp-json\/wp\/v2\/categories?post=39515"}],"curies":[{"name":"wp","href":"https:\/\/api.w.org\/{rel}","templated":true}]}}