{"id":448,"date":"2021-07-15T14:10:59","date_gmt":"2021-07-15T12:10:59","guid":{"rendered":"https:\/\/stiftadmont.at\/?page_id=448"},"modified":"2025-01-08T10:12:55","modified_gmt":"2025-01-08T08:12:55","slug":"%e7%a5%a8%e4%bb%b7-3","status":"publish","type":"page","link":"https:\/\/stiftadmont.at\/zh\/eintrittspreise-2\/","title":{"rendered":"\u95e8\u7968\u4ef7\u683c"},"content":{"rendered":"<section id='lightpress__section--block_9e6e8375dff635e0ef60131607a0eee7' class='lightpress__section--more-links--950 bg--beige lightpress__section--colored-bg lightpress__section--full-width lightpress__section--default-section-space lightpress__section lightpress__section--more-links'><div class=\"more\" x-init=\"initMoreLinksBlockAnim($el)\">\n            <style>\n            #lightpress__section--block_9e6e8375dff635e0ef60131607a0eee7 .more {\n                --entry-width: calc(100% \/ 2 - var(--grid-gap) * 2);\n                grid-template-columns: repeat(auto-fit, minmax(max(var(--entry-width),50rem), 1fr));\n            }\n        <\/style>\n    \n                    <a class=\"more__link\" href=\"\">\n            <div class=\"more__media\">\n                            <\/div>\n            <div class=\"more__content\">\n                <div class=\"more__title--container\">\n                                            \n                                                                            \n                        <p class=\"text-bold text-white text--serif text--40\"><\/p>\n                                                            <\/div>\n                                    <div class=\"more__cta\">\n                        <i class=\"fa-thin fa-chevron-right\"><\/i>\n                    <\/div>\n                            <\/div>\n        <\/a>\n                    <a class=\"more__link\" href=\"https:\/\/stiftadmont.at\/zh\/%e7%a5%a8%e4%bb%b7-2\/\">\n            <div class=\"more__media\">\n                                    <picture class=\"more__image\">\n                        <source srcset=\"https:\/\/stiftadmont.at\/wp-content\/uploads\/Klosterbibliothek_cStefan-Leitner-1024x730.webp\" type=\"image\/webp\">\n                        <source srcset=\"https:\/\/stiftadmont.at\/wp-content\/uploads\/Klosterbibliothek_cStefan-Leitner-1024x730.jpg\" type=\"image\/jpeg\">\n                        <img decoding=\"async\" loading=\"lazy\" src=\"https:\/\/stiftadmont.at\/wp-content\/uploads\/Klosterbibliothek_cStefan-Leitner-1024x730.jpg\" alt=\"\u963f\u5fb7\u8499\u7279\u4fee\u9053\u9662--\u4e16\u754c\u4e0a\u6700\u5927\u7684\u4fee\u9053\u9662\u56fe\u4e66\u9986 \u00a9 Stefan Leitner\" \/>\n                    <\/picture>\n                            <\/div>\n            <div class=\"more__content\">\n                <div class=\"more__title--container\">\n                                            \n                                                                            \n                        <p class=\"text-bold text-white text--serif text--40\">\u95e8\u7968\u4ef7\u683c 2025<\/p>\n                                                            <\/div>\n                                    <div class=\"more__cta\">\n                        <i class=\"fa-thin fa-chevron-right\"><\/i>\n                    <\/div>\n                            <\/div>\n        <\/a>\n    \n<\/div>\n\n    <div class=\"background__container background__container--beige\">\n    <\/div>\n\n<\/section>\n\n<section id='lightpress__section--block_87d71d71f00477b66a970a7bbc846d7e' class='lightpress__section--default-section-space lightpress__section lightpress__section--icon-grid'><div class=\"icon-grid__container\">\n            \n        <picture class=\"icon-grid__icon\">\n                        <source srcset=\"https:\/\/stiftadmont.at\/wp-content\/uploads\/STA_Verbot_Museum_Icons_Seite_1.webp\"\n                    type=\"image\/webp\">\n            <source srcset=\"https:\/\/stiftadmont.at\/wp-content\/uploads\/STA_Verbot_Museum_Icons_Seite_1.jpg\"\n                    type=\"image\/jpeg\">\n            <img decoding=\"async\" loading=\"lazy\" src=\"https:\/\/stiftadmont.at\/wp-content\/uploads\/STA_Verbot_Museum_Icons_Seite_1.png\" alt=\"STA Ban \u535a\u7269\u9986\u56fe\u6807 \u7b2c 1 \u9875\" \/>\n        <\/picture>\n\n            \n        <picture class=\"icon-grid__icon\">\n                        <source srcset=\"https:\/\/stiftadmont.at\/wp-content\/uploads\/STA_Verbot_Museum_Icons_Seite_5.webp\"\n                    type=\"image\/webp\">\n            <source srcset=\"https:\/\/stiftadmont.at\/wp-content\/uploads\/STA_Verbot_Museum_Icons_Seite_5.jpg\"\n                    type=\"image\/jpeg\">\n            <img decoding=\"async\" loading=\"lazy\" src=\"https:\/\/stiftadmont.at\/wp-content\/uploads\/STA_Verbot_Museum_Icons_Seite_5.png\" alt=\"STA Ban \u535a\u7269\u9986\u56fe\u6807 \u7b2c 5 \u9875\" \/>\n        <\/picture>\n\n            \n        <picture class=\"icon-grid__icon\">\n                        <source srcset=\"https:\/\/stiftadmont.at\/wp-content\/uploads\/STA_Verbot_Museum_Icons_Seite_6.webp\"\n                    type=\"image\/webp\">\n            <source srcset=\"https:\/\/stiftadmont.at\/wp-content\/uploads\/STA_Verbot_Museum_Icons_Seite_6.jpg\"\n                    type=\"image\/jpeg\">\n            <img decoding=\"async\" loading=\"lazy\" src=\"https:\/\/stiftadmont.at\/wp-content\/uploads\/STA_Verbot_Museum_Icons_Seite_6.png\" alt=\"STA Ban \u535a\u7269\u9986\u56fe\u6807 \u7b2c 6 \u9875\" \/>\n        <\/picture>\n\n            \n        <picture class=\"icon-grid__icon\">\n                        <source srcset=\"https:\/\/stiftadmont.at\/wp-content\/uploads\/STA_Verbot_Museum_Icons_Seite_8.webp\"\n                    type=\"image\/webp\">\n            <source srcset=\"https:\/\/stiftadmont.at\/wp-content\/uploads\/STA_Verbot_Museum_Icons_Seite_8.jpg\"\n                    type=\"image\/jpeg\">\n            <img decoding=\"async\" loading=\"lazy\" src=\"https:\/\/stiftadmont.at\/wp-content\/uploads\/STA_Verbot_Museum_Icons_Seite_8.png\" alt=\"STA Ban \u535a\u7269\u9986\u56fe\u6807 \u7b2c 8 \u9875\" \/>\n        <\/picture>\n\n            \n        <picture class=\"icon-grid__icon\">\n                        <source srcset=\"https:\/\/stiftadmont.at\/wp-content\/uploads\/STA_Verbot_Museum_Icons_Seite_9.webp\"\n                    type=\"image\/webp\">\n            <source srcset=\"https:\/\/stiftadmont.at\/wp-content\/uploads\/STA_Verbot_Museum_Icons_Seite_9.jpg\"\n                    type=\"image\/jpeg\">\n            <img decoding=\"async\" loading=\"lazy\" src=\"https:\/\/stiftadmont.at\/wp-content\/uploads\/STA_Verbot_Museum_Icons_Seite_9.png\" alt=\"STA Ban \u535a\u7269\u9986\u56fe\u6807\u9875\u9762\" \/>\n        <\/picture>\n\n            \n        <picture class=\"icon-grid__icon\">\n                        <source srcset=\"https:\/\/stiftadmont.at\/wp-content\/uploads\/STA_Videoueberwachung2.webp\"\n                    type=\"image\/webp\">\n            <source srcset=\"https:\/\/stiftadmont.at\/wp-content\/uploads\/STA_Videoueberwachung2.jpg\"\n                    type=\"image\/jpeg\">\n            <img decoding=\"async\" loading=\"lazy\" src=\"https:\/\/stiftadmont.at\/wp-content\/uploads\/STA_Videoueberwachung2.png\" alt=\"STA \u89c6\u9891\u76d1\u63a71\" \/>\n        <\/picture>\n\n    <\/div><\/section>\n\n<section id='lightpress__section--block_a83790973b4d271bec54782536bade3c' class='lightpress__section--default-section-space lightpress__section lightpress__section--content'><div class=\"content__inner\"\n         x-init=\"initContentBlockAnim($el)\">\n        \n    <div class=\"content__grid content__grid--fifty-fifty\">\n                                            <div class=\"content__box content__box\"\n                 style=\"\">\n                                \n                \n                                            <div class=\"prose\"><h3 class=\"heading-xl line line--gold\">\u6444\u5f71<\/h3>\n<p>\u00a0<\/p>\n<p>\u00a0<\/p>\n<p class=\"paragraph-m\">\u5728\u6574\u4e2a\u535a\u7269\u9986\u5185\uff0c\u79c1\u4eba\u6444\u5f71\u65e0\u9700\u95ea\u5149\u706f\uff0c\u4e5f\u65e0\u9700\u4e09\u811a\u67b6\u3002\u4f7f\u7528\u4e09\u811a\u67b6\u7684\u6444\u5f71\u5c5e\u4e8e \"\u4e13\u4e1a\u6444\u5f71 \"\u8303\u7574\uff0c\u9700\u8981\u8fdb\u884c\u4e66\u9762\u767b\u8bb0\u6216\u7b7e\u8ba2\u6444\u5f71\u5408\u540c\u3002\u8fd9\u5fc5\u987b\u63d0\u524d 3-5 \u4e2a\u5de5\u4f5c\u65e5\u5546\u5b9a\u3002\u4e0d\u5141\u8bb8\u5728\u4fee\u9053\u9662\u56fe\u4e66\u9986\u5185\u8fdb\u884c\u5a5a\u7eb1\u62cd\u6444\u3002<\/p>\n<p class=\"paragraph-m\">\u767b\u8bb0 <a href=\"mailto:presse@stiftadmont.at\">presse@stiftadmont.at<\/a> \u53ef\u80fd\u3002<\/p>\n<\/div>\n                    \n                            <\/div>\n        \n                                                    <div class=\"content__box content__box--2\"\n                     >\n                                        \n                    \n                                                    <div class=\"prose\"><h3 id=\"h_4994488012871626786459174\" class=\"heading-xl line line--red line--gold\">\u6298\u6263<\/h3>\n<p>\u00a0<\/p>\n<p>\u00a0<\/p>\n<p class=\"paragraph-m\">\u4ee5\u6298\u6263\u4ef7\u53c2\u89c2\u535a\u7269\u9986\u3002<\/p>\n<p class=\"paragraph-m\">\u6211\u4eec\u4e3a\u60a8\u603b\u7ed3\u4e86\u6240\u6709\u53ef\u7528\u7684\u6298\u6263\u3002<\/p>\n<p>\u00a0<\/p>\n<p><button class=\"popup-buton admont-button admont-button--big admont-button--primary-outline\" test-attr=\"test\" x-on:click=\"$store.popups.setOpen('ermaessigungen', true)\">\u663e\u793a\u6298\u6263<\/button><\/p>\n<\/div>\n                        \n                                    <\/div>\n            \n            <\/div>\n<\/div>\n\n<\/section>\n\n<section id='lightpress__section--block_af48ec2543b95f7f659998e4fb21a777' class='lightpress__section--default-section-space lightpress__section lightpress__section--content'><div class=\"content__inner\"\n         x-init=\"initContentBlockAnim($el)\">\n        \n    <div class=\"content__grid content__grid\">\n                                            <div class=\"content__box content__box--one-hundred\"\n                 style=\"\">\n                                \n                \n                                            <div class=\"prose\"><h3 class=\"heading-xl line line--red line--gold\">\u97f3\u9891\u6307\u5357<\/h3>\n<p>\u00a0<\/p>\n<p>\u00a0<\/p>\n<p class=\"paragraph-m\">\u8bed\u97f3\u5bfc\u89c8\u8ba9\u60a8\u7684\u535a\u7269\u9986\u4e4b\u65c5\u66f4\u52a0\u7cbe\u5f69\u3002\u8bf7\u5411\u535a\u7269\u9986\u552e\u7968\u5904\u54a8\u8be2\u3002\u00a0<\/p>\n<p class=\"paragraph-m\">4.00 \u6b27\u5143 \u501f\u6b3e\u8d39\u7528\u00a0<\/p>\n<\/div>\n                    \n                            <\/div>\n        \n            <\/div>\n<\/div>\n\n<\/section>\n\n<section id='lightpress__section--block_a121515b05030dde2736eadfc76031f8' class='bg--beige lightpress__section--colored-bg lightpress__section--default-section-space lightpress__section lightpress__section--content'><div class=\"content__inner\"\n         x-init=\"initContentBlockAnim($el)\">\n        \n    <div class=\"content__grid content__grid\">\n                                            <div class=\"content__box content__box--one-hundred\"\n                 style=\"\">\n                                \n                \n                                            <div class=\"prose\"><h3 class=\"heading-xl line line--gold text-center\">\u60a8\u53ef\u80fd\u4e5f\u4f1a\u611f\u5174\u8da3<\/h3>\n<\/div>\n                    \n                            <\/div>\n        \n            <\/div>\n<\/div>\n\n    <div class=\"background__container background__container--beige\">\n    <\/div>\n\n<\/section>\n\n<section id='lightpress__section--block_9642fd6c2c8c1141765940287e6548f9' class='lightpress__section--more-links--950 bg--beige lightpress__section--colored-bg lightpress__section--full-width lightpress__section--default-section-space lightpress__section lightpress__section--more-links'><div class=\"more\" x-init=\"initMoreLinksBlockAnim($el)\">\n            <style>\n            #lightpress__section--block_9642fd6c2c8c1141765940287e6548f9 .more {\n                --entry-width: calc(100% \/ 4 - var(--grid-gap) * 4);\n                grid-template-columns: repeat(auto-fit, minmax(max(var(--entry-width),50rem), 1fr));\n            }\n        <\/style>\n    \n                    <a class=\"more__link\" href=\"\/zh\/%e5%8d%9a%e7%89%a9%e9%a6%86\/\">\n            <div class=\"more__media\">\n                                    <picture class=\"more__image\">\n                        <source srcset=\"https:\/\/stiftadmont.at\/wp-content\/uploads\/Stift-Admont-KHM-Gotik-GWK-\u00a9-Michael-Braunsteiner-2-1024x683.webp\" type=\"image\/webp\">\n                        <source srcset=\"https:\/\/stiftadmont.at\/wp-content\/uploads\/Stift-Admont-KHM-Gotik-GWK-\u00a9-Michael-Braunsteiner-2-1024x683.jpg\" type=\"image\/jpeg\">\n                        <img decoding=\"async\" loading=\"lazy\" src=\"https:\/\/stiftadmont.at\/wp-content\/uploads\/Stift-Admont-KHM-Gotik-GWK-\u00a9-Michael-Braunsteiner-2-1024x683.jpg\" alt=\"\u963f\u5fb7\u8499\u7279\u4fee\u9053\u9662 KHM \u54e5\u7279\u5f0f GWK \u00a9 Michael Braunsteiner 2\" \/>\n                    <\/picture>\n                            <\/div>\n            <div class=\"more__content\">\n                <div class=\"more__title--container\">\n                                            \n                                                                            \n                        <p class=\"text-bold text-white text--serif text--26\">\u535a\u7269\u9986<\/p>\n                                                            <\/div>\n                                    <div class=\"more__cta\">\n                        <i class=\"fa-thin fa-chevron-right\"><\/i>\n                    <\/div>\n                            <\/div>\n        <\/a>\n                    <a class=\"more__link\" href=\"\/zh\/%e5%ad%a6%e9%99%a2%e6%95%99%e5%a0%82\/\">\n            <div class=\"more__media\">\n                                    <picture class=\"more__image\">\n                        <source srcset=\"https:\/\/stiftadmont.at\/wp-content\/uploads\/00_StiftAdmont_Kirche\u00a9StefanLeitner-e1634723661194-1024x748.webp\" type=\"image\/webp\">\n                        <source srcset=\"https:\/\/stiftadmont.at\/wp-content\/uploads\/00_StiftAdmont_Kirche\u00a9StefanLeitner-e1634723661194-1024x748.jpg\" type=\"image\/jpeg\">\n                        <img decoding=\"async\" loading=\"lazy\" src=\"https:\/\/stiftadmont.at\/wp-content\/uploads\/00_StiftAdmont_Kirche\u00a9StefanLeitner-e1634723661194-1024x748.jpg\" alt=\"\u963f\u5fb7\u8499\u7279\u4fee\u9053\u9662\u6559\u5802 \u00a9 Stefan Leitner\" \/>\n                    <\/picture>\n                            <\/div>\n            <div class=\"more__content\">\n                <div class=\"more__title--container\">\n                                            \n                                                                            \n                        <p class=\"text-bold text-white text--serif text--26\">\u5b66\u9662\u6559\u5802<\/p>\n                                                            <\/div>\n                                    <div class=\"more__cta\">\n                        <i class=\"fa-thin fa-chevron-right\"><\/i>\n                    <\/div>\n                            <\/div>\n        <\/a>\n                    <a class=\"more__link\" href=\"\/zh\/%e5%85%b3%e4%ba%8e%e4%bf%ae%e9%81%93%e9%99%a2%e5%9b%be%e4%b9%a6%e9%a6%86\/\">\n            <div class=\"more__media\">\n                                    <picture class=\"more__image\">\n                        <source srcset=\"https:\/\/stiftadmont.at\/wp-content\/uploads\/Bibliothek_hohe-Quali-1024x727.webp\" type=\"image\/webp\">\n                        <source srcset=\"https:\/\/stiftadmont.at\/wp-content\/uploads\/Bibliothek_hohe-Quali-1024x727.jpg\" type=\"image\/jpeg\">\n                        <img decoding=\"async\" loading=\"lazy\" src=\"https:\/\/stiftadmont.at\/wp-content\/uploads\/Bibliothek_hohe-Quali-1024x727.jpg\" alt=\"\u963f\u5fb7\u8499\u7279\u4fee\u9053\u9662--\u4e16\u754c\u4e0a\u6700\u5927\u7684\u4fee\u9053\u9662\u56fe\u4e66\u9986 \u00a9 Stefan Leitner\" \/>\n                    <\/picture>\n                            <\/div>\n            <div class=\"more__content\">\n                <div class=\"more__title--container\">\n                                            \n                                                                            \n                        <p class=\"text-bold text-white text--serif text--26\">\u4fee\u9053\u9662\u56fe\u4e66\u9986<\/p>\n                                                            <\/div>\n                                    <div class=\"more__cta\">\n                        <i class=\"fa-thin fa-chevron-right\"><\/i>\n                    <\/div>\n                            <\/div>\n        <\/a>\n                    <a class=\"more__link\" href=\"\/zh\/%e6%88%b7%e5%a4%96%e8%ae%be%e6%96%bd\/\">\n            <div class=\"more__media\">\n                                    <picture class=\"more__image\">\n                        <source srcset=\"https:\/\/stiftadmont.at\/wp-content\/uploads\/Rosarium-1-1024x681.webp\" type=\"image\/webp\">\n                        <source srcset=\"https:\/\/stiftadmont.at\/wp-content\/uploads\/Rosarium-1-1024x681.jpg\" type=\"image\/jpeg\">\n                        <img decoding=\"async\" loading=\"lazy\" src=\"https:\/\/stiftadmont.at\/wp-content\/uploads\/Rosarium-1-1024x681.jpg\" alt=\"\u73ab\u7470\u56ed 1\" \/>\n                    <\/picture>\n                            <\/div>\n            <div class=\"more__content\">\n                <div class=\"more__title--container\">\n                                            \n                                                                            \n                        <p class=\"text-bold text-white text--serif text--26\">\u6237\u5916\u8bbe\u65bd<\/p>\n                                                            <\/div>\n                                    <div class=\"more__cta\">\n                        <i class=\"fa-thin fa-chevron-right\"><\/i>\n                    <\/div>\n                            <\/div>\n        <\/a>\n    \n<\/div>\n\n    <div class=\"background__container background__container--beige\">\n    <\/div>\n\n<\/section>","protected":false},"excerpt":{"rendered":"","protected":false},"author":3,"featured_media":0,"parent":0,"menu_order":94,"comment_status":"closed","ping_status":"closed","template":"","meta":{"_acf_changed":false,"footnotes":""},"categories":[],"class_list":["post-448","page","type-page","status-publish","hentry"],"acf":[],"yoast_head":"<!-- This site is optimized with the Yoast SEO Premium plugin v26.0 (Yoast SEO v26.8) - https:\/\/yoast.com\/product\/yoast-seo-premium-wordpress\/ -->\n<title>Eintrittspreise - Stift Admont<\/title>\n<meta name=\"description\" content=\"J\u00c4NNER, FEBRUAR, M\u00c4RZ: Gruppenbuchungen (ab 15 Personen) f\u00fcr Museum und Bibliothek nur Dienstag und Donnerstag m\u00f6glich.\" \/>\n<meta name=\"robots\" content=\"index, follow, max-snippet:-1, max-image-preview:large, max-video-preview:-1\" \/>\n<link rel=\"canonical\" href=\"https:\/\/stiftadmont.at\/zh\/\u7968\u4ef7-3\/\" \/>\n<meta property=\"og:locale\" content=\"zh_CN\" \/>\n<meta property=\"og:type\" content=\"article\" \/>\n<meta property=\"og:title\" content=\"Eintrittspreise\" \/>\n<meta property=\"og:description\" content=\"J\u00c4NNER, FEBRUAR, M\u00c4RZ: Gruppenbuchungen (ab 15 Personen) f\u00fcr Museum und Bibliothek nur Dienstag und Donnerstag m\u00f6glich.\" \/>\n<meta property=\"og:url\" content=\"https:\/\/stiftadmont.at\/zh\/\u7968\u4ef7-3\/\" \/>\n<meta property=\"og:site_name\" content=\"Stift Admont\" \/>\n<meta property=\"article:modified_time\" content=\"2025-01-08T08:12:55+00:00\" \/>\n<meta property=\"og:image\" content=\"https:\/\/stiftadmont.at\/wp-content\/uploads\/Klosteranlage-innen.jpg\" \/>\n\t<meta property=\"og:image:width\" content=\"1912\" \/>\n\t<meta property=\"og:image:height\" content=\"1188\" \/>\n\t<meta property=\"og:image:type\" content=\"image\/jpeg\" \/>\n<meta name=\"twitter:card\" content=\"summary_large_image\" \/>\n<script type=\"application\/ld+json\" class=\"yoast-schema-graph\">{\"@context\":\"https:\/\/schema.org\",\"@graph\":[{\"@type\":\"WebPage\",\"@id\":\"https:\/\/stiftadmont.at\/eintrittspreise-2\/\",\"url\":\"https:\/\/stiftadmont.at\/eintrittspreise-2\/\",\"name\":\"Eintrittspreise - Stift Admont\",\"isPartOf\":{\"@id\":\"https:\/\/stiftadmont.at\/#website\"},\"datePublished\":\"2021-07-15T12:10:59+00:00\",\"dateModified\":\"2025-01-08T08:12:55+00:00\",\"description\":\"J\u00c4NNER, FEBRUAR, M\u00c4RZ: Gruppenbuchungen (ab 15 Personen) f\u00fcr Museum und Bibliothek nur Dienstag und Donnerstag m\u00f6glich.\",\"breadcrumb\":{\"@id\":\"https:\/\/stiftadmont.at\/eintrittspreise-2\/#breadcrumb\"},\"inLanguage\":\"zh-Hans\",\"potentialAction\":[{\"@type\":\"ReadAction\",\"target\":[\"https:\/\/stiftadmont.at\/eintrittspreise-2\/\"]}]},{\"@type\":\"BreadcrumbList\",\"@id\":\"https:\/\/stiftadmont.at\/eintrittspreise-2\/#breadcrumb\",\"itemListElement\":[{\"@type\":\"ListItem\",\"position\":1,\"name\":\"Start\",\"item\":\"https:\/\/stiftadmont.at\/\"},{\"@type\":\"ListItem\",\"position\":2,\"name\":\"Eintrittspreise\"}]},{\"@type\":\"WebSite\",\"@id\":\"https:\/\/stiftadmont.at\/#website\",\"url\":\"https:\/\/stiftadmont.at\/\",\"name\":\"Stift Admont\",\"description\":\"Benediktinerkloster und Sehensw\u00fcrdigkeit im Ges\u00e4use\",\"potentialAction\":[{\"@type\":\"SearchAction\",\"target\":{\"@type\":\"EntryPoint\",\"urlTemplate\":\"https:\/\/stiftadmont.at\/?s={search_term_string}\"},\"query-input\":{\"@type\":\"PropertyValueSpecification\",\"valueRequired\":true,\"valueName\":\"search_term_string\"}}],\"inLanguage\":\"zh-Hans\"}]}<\/script>\n<!-- \/ Yoast SEO Premium plugin. -->","yoast_head_json":{"title":"\u95e8\u7968\u4ef7\u683c - \u963f\u5fb7\u8499\u7279\u4fee\u9053\u9662","description":"\u4e00\u6708\u3001\u4e8c\u6708\u3001\u4e09\u6708\uff1a\u535a\u7269\u9986\u548c\u56fe\u4e66\u9986\u53ea\u63a5\u53d7\u5468\u4e8c\u548c\u5468\u56db\u7684\u56e2\u4f53\u9884\u7ea6\uff0815 \u4eba\u8d77\uff09\u3002","robots":{"index":"index","follow":"follow","max-snippet":"max-snippet:-1","max-image-preview":"max-image-preview:large","max-video-preview":"max-video-preview:-1"},"canonical":"https:\/\/stiftadmont.at\/zh\/\u7968\u4ef7-3\/","og_locale":"zh_CN","og_type":"article","og_title":"Eintrittspreise","og_description":"J\u00c4NNER, FEBRUAR, M\u00c4RZ: Gruppenbuchungen (ab 15 Personen) f\u00fcr Museum und Bibliothek nur Dienstag und Donnerstag m\u00f6glich.","og_url":"https:\/\/stiftadmont.at\/zh\/\u7968\u4ef7-3\/","og_site_name":"Stift Admont","article_modified_time":"2025-01-08T08:12:55+00:00","og_image":[{"width":1912,"height":1188,"url":"https:\/\/stiftadmont.at\/wp-content\/uploads\/Klosteranlage-innen.jpg","type":"image\/jpeg"}],"twitter_card":"summary_large_image","schema":{"@context":"https:\/\/schema.org","@graph":[{"@type":"WebPage","@id":"https:\/\/stiftadmont.at\/eintrittspreise-2\/","url":"https:\/\/stiftadmont.at\/eintrittspreise-2\/","name":"\u95e8\u7968\u4ef7\u683c - \u963f\u5fb7\u8499\u7279\u4fee\u9053\u9662","isPartOf":{"@id":"https:\/\/stiftadmont.at\/#website"},"datePublished":"2021-07-15T12:10:59+00:00","dateModified":"2025-01-08T08:12:55+00:00","description":"\u4e00\u6708\u3001\u4e8c\u6708\u3001\u4e09\u6708\uff1a\u535a\u7269\u9986\u548c\u56fe\u4e66\u9986\u53ea\u63a5\u53d7\u5468\u4e8c\u548c\u5468\u56db\u7684\u56e2\u4f53\u9884\u7ea6\uff0815 \u4eba\u8d77\uff09\u3002","breadcrumb":{"@id":"https:\/\/stiftadmont.at\/eintrittspreise-2\/#breadcrumb"},"inLanguage":"zh-Hans","potentialAction":[{"@type":"ReadAction","target":["https:\/\/stiftadmont.at\/eintrittspreise-2\/"]}]},{"@type":"BreadcrumbList","@id":"https:\/\/stiftadmont.at\/eintrittspreise-2\/#breadcrumb","itemListElement":[{"@type":"ListItem","position":1,"name":"Start","item":"https:\/\/stiftadmont.at\/"},{"@type":"ListItem","position":2,"name":"Eintrittspreise"}]},{"@type":"WebSite","@id":"https:\/\/stiftadmont.at\/#website","url":"https:\/\/stiftadmont.at\/","name":"\u963f\u5fb7\u8499\u7279\u4fee\u9053\u9662","description":"\u683c\u8428\u5c14\u5730\u533a\u7684\u672c\u7b03\u4f1a\u4fee\u9053\u9662\u548c\u65c5\u6e38\u666f\u70b9","potentialAction":[{"@type":"SearchAction","target":{"@type":"EntryPoint","urlTemplate":"https:\/\/stiftadmont.at\/?s={search_term_string}"},"query-input":{"@type":"PropertyValueSpecification","valueRequired":true,"valueName":"search_term_string"}}],"inLanguage":"zh-Hans"}]}},"_links":{"self":[{"href":"https:\/\/stiftadmont.at\/zh\/wp-json\/wp\/v2\/pages\/448","targetHints":{"allow":["GET"]}}],"collection":[{"href":"https:\/\/stiftadmont.at\/zh\/wp-json\/wp\/v2\/pages"}],"about":[{"href":"https:\/\/stiftadmont.at\/zh\/wp-json\/wp\/v2\/types\/page"}],"author":[{"embeddable":true,"href":"https:\/\/stiftadmont.at\/zh\/wp-json\/wp\/v2\/users\/3"}],"replies":[{"embeddable":true,"href":"https:\/\/stiftadmont.at\/zh\/wp-json\/wp\/v2\/comments?post=448"}],"version-history":[{"count":783,"href":"https:\/\/stiftadmont.at\/zh\/wp-json\/wp\/v2\/pages\/448\/revisions"}],"predecessor-version":[{"id":31824,"href":"https:\/\/stiftadmont.at\/zh\/wp-json\/wp\/v2\/pages\/448\/revisions\/31824"}],"wp:attachment":[{"href":"https:\/\/stiftadmont.at\/zh\/wp-json\/wp\/v2\/media?parent=448"}],"wp:term":[{"taxonomy":"category","embeddable":true,"href":"https:\/\/stiftadmont.at\/zh\/wp-json\/wp\/v2\/categories?post=448"}],"curies":[{"name":"wp","href":"https:\/\/api.w.org\/{rel}","templated":true}]}}