{"id":4871,"date":"2021-07-28T17:14:14","date_gmt":"2021-07-28T15:14:14","guid":{"rendered":"https:\/\/stiftadmont.at\/?page_id=4871"},"modified":"2023-12-08T18:48:30","modified_gmt":"2023-12-08T16:48:30","slug":"%e7%9c%8b%e4%b8%8d%e8%a7%81","status":"publish","type":"page","link":"https:\/\/stiftadmont.at\/zh\/museum\/ausstellungsrueckblick\/jenseits-des-sehens\/","title":{"rendered":"\u8d85\u8d8a\u89c6\u89c9"},"content":{"rendered":"<section id='lightpress__section--block_61017440925ac' class='lightpress__section--default-section-space lightpress__section lightpress__section--content'><div class=\"content__inner\"\n         x-init=\"initContentBlockAnim($el)\">\n        \n    <div class=\"content__grid content__grid--fifty-fifty\">\n                                            <div class=\"content__box content__box\"\n                 style=\"\">\n                                \n                \n                                            <div class=\"prose\"><h2 class=\"heading-xxl line line--gold\">Kunst verbindet Blinde &#038; Sehende<\/h2>\n<p class=\"paragraph-m\">Diese Spezialsammlung ist ein eigenst\u00e4ndiges Sammlungs-Modul innerhalb der Sammlung Gegenwartskunst. Sie umfasst derzeit 27 zeitgen\u00f6ssische Kunstwerke, die f\u00fcr Blinde und Sehende gleicherma\u00dfen zug\u00e4nglich sind.<\/p>\n<\/div>\n                    \n                            <\/div>\n        \n                                                    <div class=\"content__box content__box--2\"\n                     >\n                                        \n                    \n                                                <div class=\"content__media stickyTo\" x-init=\"imageSticky($el)\">\n\n                                                                                    <picture\n                                    class=\"content__image sticky\">\n                                <source srcset=\"https:\/\/stiftadmont.at\/wp-content\/uploads\/PLAY-ART-.-JENSEITS-DES-SEHENS.-c-Barbara-Eisner-B-1-1024x673.webp\" type=\"image\/webp\">\n                                <source srcset=\"https:\/\/stiftadmont.at\/wp-content\/uploads\/PLAY-ART-.-JENSEITS-DES-SEHENS.-c-Barbara-Eisner-B-1-1024x673.jpg\" type=\"image\/jpeg\">\n                                <img decoding=\"async\" class=\"sticky\" loading=\"lazy\" src=\"https:\/\/stiftadmont.at\/wp-content\/uploads\/PLAY-ART-.-JENSEITS-DES-SEHENS.-c-Barbara-Eisner-B-1-1024x673.jpg\"\n                                     alt=\"PLAY ART . JENSEITS DES SEHENS. c Barbara Eisner B 1 scaled\">\n\n                                                                                                                            <\/picture>\n\n                        <\/div>\n\n                                    <\/div>\n            \n            <\/div>\n<\/div>\n\n<\/section>\n\n<section id='lightpress__section--block_61017678e5955' class='lightpress__section--default-section-space lightpress__section lightpress__section--content'><div class=\"content__inner\"\n         x-init=\"initContentBlockAnim($el)\">\n        \n    <div class=\"content__grid content__grid--fifty-fifty\">\n                                            <div class=\"content__box content__box\"\n                 style=\"\">\n                                \n                \n                                            <div class=\"prose\"><h3 class=\"heading-xl line line--gold\">Reflektionen<\/h3>\n<p class=\"paragraph-m\">Seit 2002 werden ausgew\u00e4hlte K\u00fcnstlerinnen und K\u00fcnstler damit beauftragt. Als Zugang zu dieser speziellen Themenstellung setzen sie sich auf unterschiedliche Art und Weise mit Blind-Sein bzw. Sehbeeintr\u00e4chtigung auseinander. Im Dialog mit Betroffenen versuchen sie, diese Wahrnehmungswelt zu erkunden \u2013 und damit meist die eigene Wahrnehmung, das eigene k\u00f6rperliche Navigationssystem sowie die jeweils eigene k\u00fcnstlerische Produktion zu reflektieren. Aus diesem Prozess entstanden Kunstwerke, die mehrsinnlich erkundbar und erfahrbar sind \u2013 unmittelbar. Das Spektrum reicht von einfachen skulpturalen \u00fcber hochkomplexe multimediale Werke bis zu Arbeiten, die sich nur \u00fcber den Dialog zwischen Blinden und Sehenden erschlie\u00dfen.<\/p>\n<\/div>\n                    \n                            <\/div>\n        \n                                                    <div class=\"content__box content__box--2\"\n                     >\n                                        \n                    \n                                                    <div class=\"prose\"><h3 class=\"heading-xl line line--red\">Proaktivit\u00e4t<\/h3>\n<p class=\"paragraph-m\">Die Sammlung ist als proaktives Angebot konzipiert, blinde Menschen zum Diskurs \u00fcber zeitgen\u00f6ssische Kunst einzuladen, zwischen Blinden und Sehenden einen grenzerweiternden Prozess des ART SHARINGs und des SPACE SHARINGs anzuregen. Die Sammlung bietet die M\u00f6glichkeit f\u00fcr die Begegnung unterschiedlicher Welten, f\u00fcr deren Austausch hin zu einer wechselseitigen Bereicherung. Ein gemeinsamer Raum im Miteinander kann sich entwickeln. Sehende finden spielerisch ungew\u00f6hnliche Zug\u00e4nge zur Kunst sowie zu verschiedenen Wahrnehmungsstilen und Wahrnehmungswelten. Die Sammlung thematisiert au\u00dferdem die sinnliche Erfahrungsqualit\u00e4t als eigene Kunstkategorie, als eigenen k\u00fcnstlerischen Wert. Durch dieses in ganz Europa einmalige Kunstprojekt wird ein neuer Zugang zu zeitgen\u00f6ssischer Kunst erm\u00f6glicht.<\/p>\n<\/div>\n                        \n                                    <\/div>\n            \n            <\/div>\n<\/div>\n\n<\/section>\n\n<section id='lightpress__section--block_61017720e595f' class='lightpress__section--default-section-space lightpress__section lightpress__section--image-slider'>\n<div class=\"image-slider\"\n     x-data=\"{ gallery: null, shown: false }\"\n     x-init=\"gallery = initSliderGallery([{&quot;href&quot;:&quot;https:\\\/\\\/stiftadmont.at\\\/wp-content\\\/uploads\\\/Jenseits_1-1-1920x1266.png&quot;,&quot;type&quot;:&quot;image&quot;},{&quot;href&quot;:&quot;https:\\\/\\\/stiftadmont.at\\\/wp-content\\\/uploads\\\/Jenseits_2-1920x1271.png&quot;,&quot;type&quot;:&quot;image&quot;},{&quot;href&quot;:&quot;https:\\\/\\\/stiftadmont.at\\\/wp-content\\\/uploads\\\/Jenseits_4-1920x1273.png&quot;,&quot;type&quot;:&quot;image&quot;},{&quot;href&quot;:&quot;https:\\\/\\\/stiftadmont.at\\\/wp-content\\\/uploads\\\/Jenseits_6-1920x1268.png&quot;,&quot;type&quot;:&quot;image&quot;},{&quot;href&quot;:&quot;https:\\\/\\\/stiftadmont.at\\\/wp-content\\\/uploads\\\/Jenseits-5-1920x1273.png&quot;,&quot;type&quot;:&quot;image&quot;},{&quot;href&quot;:&quot;https:\\\/\\\/stiftadmont.at\\\/wp-content\\\/uploads\\\/PLAY-ART-.-JENSEITS-DES-SEHENS.-c-Barbara-Eisner-B-1-1920x1261.jpg&quot;,&quot;type&quot;:&quot;image&quot;},{&quot;href&quot;:&quot;https:\\\/\\\/stiftadmont.at\\\/wp-content\\\/uploads\\\/Jenseits_7.png&quot;,&quot;type&quot;:&quot;image&quot;}]); initImageSliderBlockAnim($el);\">\n    <div class=\"image-slider__inner\">\n\n        <div class=\"swiper-container\" x-init=\"initImageSliderBlock($el, $refs.btnPrev, $refs.btnNext)\">\n            <div class=\"swiper-wrapper\">\n                                    <div class=\"swiper-slide\">\n                        <div class=\"image-slider__media\">\n                            <img decoding=\"async\" class=\"image-slider__image\"\n                                 src=\"https:\/\/stiftadmont.at\/wp-content\/uploads\/Jenseits_1-1-768x506.png\"\n                                 alt=\"Jenseits 1 1\">\n                        <\/div>\n                    <\/div>\n                                    <div class=\"swiper-slide\">\n                        <div class=\"image-slider__media\">\n                            <img decoding=\"async\" class=\"image-slider__image\"\n                                 src=\"https:\/\/stiftadmont.at\/wp-content\/uploads\/Jenseits_2-768x509.png\"\n                                 alt=\"Jenseits 2\">\n                        <\/div>\n                    <\/div>\n                                    <div class=\"swiper-slide\">\n                        <div class=\"image-slider__media\">\n                            <img decoding=\"async\" class=\"image-slider__image\"\n                                 src=\"https:\/\/stiftadmont.at\/wp-content\/uploads\/Jenseits_4-768x509.png\"\n                                 alt=\"Jenseits 4\">\n                        <\/div>\n                    <\/div>\n                                    <div class=\"swiper-slide\">\n                        <div class=\"image-slider__media\">\n                            <img decoding=\"async\" class=\"image-slider__image\"\n                                 src=\"https:\/\/stiftadmont.at\/wp-content\/uploads\/Jenseits_6-768x507.png\"\n                                 alt=\"Jenseits 6\">\n                        <\/div>\n                    <\/div>\n                                    <div class=\"swiper-slide\">\n                        <div class=\"image-slider__media\">\n                            <img decoding=\"async\" class=\"image-slider__image\"\n                                 src=\"https:\/\/stiftadmont.at\/wp-content\/uploads\/Jenseits-5-768x509.png\"\n                                 alt=\"Jenseits 5\">\n                        <\/div>\n                    <\/div>\n                                    <div class=\"swiper-slide\">\n                        <div class=\"image-slider__media\">\n                            <img decoding=\"async\" class=\"image-slider__image\"\n                                 src=\"https:\/\/stiftadmont.at\/wp-content\/uploads\/PLAY-ART-.-JENSEITS-DES-SEHENS.-c-Barbara-Eisner-B-1-768x505.jpg\"\n                                 alt=\"PLAY ART . JENSEITS DES SEHENS. c Barbara Eisner B 1 scaled\">\n                        <\/div>\n                    <\/div>\n                                    <div class=\"swiper-slide\">\n                        <div class=\"image-slider__media\">\n                            <img decoding=\"async\" class=\"image-slider__image\"\n                                 src=\"https:\/\/stiftadmont.at\/wp-content\/uploads\/Jenseits_7-768x1167.png\"\n                                 alt=\"Jenseits 7\">\n                        <\/div>\n                    <\/div>\n                            <\/div>\n\n            <div class=\"swiper-nav-wrapper\">\n                <button class=\"swiper-button-prev slider-button--prev\" x-ref=\"btnPrev\"\n                        aria-label=\"Vorige Bilder anzeigen\">\n                    <img decoding=\"async\" src=\"\/wp-content\/themes\/stift-admont\/src\/assets\/img\/arrow-left-big-new.svg\" alt=\"Pfeil nach Links\">\n                <\/button>\n\n\n                <a class=\"image-slider__gallery\" @click=\"openGallery(gallery)\"><i class=\"fa-thin fa-plus\"><\/i><\/a>\n                <button class=\"swiper-button-next slider-button--next\"\n                        x-ref=\"btnNext\"\n                        aria-label=\"N\u00e4chste Bilder anzeigen\">\n                    <img decoding=\"async\" src=\"\/wp-content\/themes\/stift-admont\/src\/assets\/img\/arrow-right-big-new.svg\" alt=\"Pfeil nach Rechts\">\n                <\/button>\n            <\/div>\n        <\/div>\n    <\/div>\n\n\n<\/div><\/section>\n\n<section id='lightpress__section--block_61017894e5965' class='lightpress__section--default-section-space lightpress__section lightpress__section--content'><div class=\"content__inner\"\n         x-init=\"initContentBlockAnim($el)\">\n        \n    <div class=\"content__grid content__grid--fifty-fifty\">\n                                            <div class=\"content__box content__box\"\n                 style=\"\">\n                                \n                \n                                        <div class=\"content__media stickyTo\" x-init=\"imageSticky($el)\">\n\n                                                                                                <picture\n                                class=\"content__image sticky image-mask\">\n                            <source srcset=\"https:\/\/stiftadmont.at\/wp-content\/uploads\/Jenseits_6-1024x676.png\"\n                                    type=\"image\/webp\">\n                            <source srcset=\"https:\/\/stiftadmont.at\/wp-content\/uploads\/Jenseits_6-1024x676.png\"\n                                    type=\"image\/jpeg\">\n                            <img decoding=\"async\" loading=\"lazy\" src=\"https:\/\/stiftadmont.at\/wp-content\/uploads\/Jenseits_6-1024x676.png\" alt=\"Jenseits 6\" width=\"600\" height=\"450\" \/>\n                                                                                                            <\/picture>\n\n                    <\/div>\n\n                            <\/div>\n        \n                                                    <div class=\"content__box content__box--2\"\n                     >\n                                        \n                    \n                                                    <div class=\"prose\"><h3 class=\"heading-xl line line--gold\">Prozess<\/h3>\n<p class=\"paragraph-m\">2012 wurde \u201eJENSEITS DES SEHENS \u2013 Kunst verbindet Blinde und Sehende\u201c erstmals hier im Museum des Stiftes Admont der \u00d6ffentlichkeit pr\u00e4sentiert \u2013 anl\u00e4sslich ihres 10j\u00e4hrigen Bestehens. 2013\/14 wurde die Sammlung im Zentrum Zeitgen\u00f6sssicher Kunst Winzavod in Moskau zur Diskussion gestellt, mit durchgehend positiven Reaktionen und nachhaltigen Effekten vor Ort.<\/p>\n<p class=\"paragraph-m\">Der Sammlungsaufbau sowie die Pr\u00e4sentation wurden wissenschaftlich begleitet und multimedial dokumentiert. Ein mehrj\u00e4hrig angelegtes Film-Projekt begleitet den Prozess der Rezeption. Gemeinsam mit Blinden und Sehenden wurde bis jetzt ein umfangreiches Know-how gewonnen und neuartige Ans\u00e4tze in der Vermittlung und Rezeption entwickelt. F\u00fcr die n\u00e4chsten Jahre sind m\u00f6gliche Pr\u00e4sentationsorte aktiv im Gespr\u00e4ch.<\/p>\n<\/div>\n                        \n                                    <\/div>\n            \n            <\/div>\n<\/div>\n\n<\/section>\n\n<section id='lightpress__section--block_61017537e5951' class='lightpress__section--default-section-space lightpress__section lightpress__section--content'><div class=\"content__inner\"\n         x-init=\"initContentBlockAnim($el)\">\n        \n    <div class=\"content__grid content__grid\">\n                                            <div class=\"content__box content__box--one-hundred\"\n                 style=\"margin-top: -5em;\">\n                                \n                \n                                            <div class=\"prose\"><div class=\"info info--info\">\n<p>Michael Braunsteiner, Kurator <br \/>Barbara Eisner-B, Coach | wissenschaftliche Begleitung | Dokumentation | Film-Projekt<\/p>\n<\/div>\n<div class=\"info info--info\">\n<p>Mit Werken von: <br \/>Thomas Baumann, Wolfgang Becksteiner, Adi Brunner, Hannelore Demel-Lerchster, Johannes Deutsch, Manfred Erjautz, Heribert Friedl, Matthias Gommel, Michael Gumhold, Stefan Gyurko, Maria Hahnenkamp, Julie Hayward, Tomas Hoke, Anna Jermolaewa, Karl Karner, Michael Kienzer, Karl Leitgeb, Michael Maier, David Moises, Werner Reiterer, Constanze Ruhm, Emil Siemeister, Gustav Troger, Norbert Trummer, Martin Walde, Hans Winkler, Fabio Zolly.<\/p>\n<\/div>\n<h3>\u00a0<\/h3>\n<h3 class=\"heading-xl line line--red\">Downloads<\/h3>\n<p class=\"paragraph-m\"><a href=\"\/wp-content\/uploads\/Katalog-JS-kern.pdf\" download=\"\">Ausstellungskatalog JENSEITS DES SEHENS 2012<\/a><\/p>\n<\/div>\n                    \n                            <\/div>\n        \n            <\/div>\n<\/div>\n\n<\/section>\n\n<section id='lightpress__section--block_61017911e5967' class='lightpress__section--more-links--legacy lightpress__section--full-width lightpress__section--default-section-space lightpress__section lightpress__section--more-links'><div class=\"more\" x-init=\"initMoreLinksBlockAnim($el)\">\n    \n                    <a class=\"more__link\" href=\"\/kultur-tourismus\/sammlung-hannes-schwarz\">\n            <div class=\"more__media\">\n                                    <picture class=\"more__image\">\n                        <source srcset=\"https:\/\/stiftadmont.at\/wp-content\/uploads\/042_Stift-Admont_\u00a9StefanLeitner_LEI7363-e1634722118166-1024x768.webp\" type=\"image\/webp\">\n                        <source srcset=\"https:\/\/stiftadmont.at\/wp-content\/uploads\/042_Stift-Admont_\u00a9StefanLeitner_LEI7363-e1634722118166-1024x768.jpg\" type=\"image\/jpeg\">\n                        <img decoding=\"async\" loading=\"lazy\" src=\"https:\/\/stiftadmont.at\/wp-content\/uploads\/042_Stift-Admont_\u00a9StefanLeitner_LEI7363-e1634722118166-1024x768.jpg\" alt=\"042 Stift Admont \u00a9StefanLeitner LEI7363 e1634722118166\" width=\"480\" height=\"280\" \/>\n                    <\/picture>\n                            <\/div>\n            <div class=\"more__content\">\n                <div class=\"more__title--container\">\n                                            <p class=\"more__title\">Sammlung Hannes Schwarz<\/p>\n                                    <\/div>\n                            <\/div>\n        <\/a>\n                    <a class=\"more__link\" href=\"\/kultur-tourismus\/sammlungen\/sammlungsstrategie\">\n            <div class=\"more__media\">\n                                    <picture class=\"more__image\">\n                        <source srcset=\"https:\/\/stiftadmont.at\/wp-content\/uploads\/O0B1461-1024x683.webp\" type=\"image\/webp\">\n                        <source srcset=\"https:\/\/stiftadmont.at\/wp-content\/uploads\/O0B1461-1024x683.jpg\" type=\"image\/jpeg\">\n                        <img decoding=\"async\" loading=\"lazy\" src=\"https:\/\/stiftadmont.at\/wp-content\/uploads\/O0B1461-1024x683.jpg\" alt=\"O0B1461\" width=\"480\" height=\"280\" \/>\n                    <\/picture>\n                            <\/div>\n            <div class=\"more__content\">\n                <div class=\"more__title--container\">\n                                            <p class=\"more__title\">Sammlungsstrategie<\/p>\n                                    <\/div>\n                            <\/div>\n        <\/a>\n                    <a class=\"more__link\" href=\"\/kultur-tourismus\/sammlungen\/sammlung-mayer\">\n            <div class=\"more__media\">\n                                    <picture class=\"more__image\">\n                        <source srcset=\"https:\/\/stiftadmont.at\/wp-content\/uploads\/Gotik_3-1024x760.webp\" type=\"image\/webp\">\n                        <source srcset=\"https:\/\/stiftadmont.at\/wp-content\/uploads\/Gotik_3-1024x760.jpg\" type=\"image\/jpeg\">\n                        <img decoding=\"async\" loading=\"lazy\" src=\"https:\/\/stiftadmont.at\/wp-content\/uploads\/Gotik_3-1024x760.png\" alt=\"Gotik 3\" width=\"480\" height=\"280\" \/>\n                    <\/picture>\n                            <\/div>\n            <div class=\"more__content\">\n                <div class=\"more__title--container\">\n                                            <p class=\"more__title\">Sammlung Mayer<\/p>\n                                    <\/div>\n                            <\/div>\n        <\/a>\n    \n<\/div>\n\n<\/section>","protected":false},"excerpt":{"rendered":"","protected":false},"author":7,"featured_media":0,"parent":5864,"menu_order":70,"comment_status":"closed","ping_status":"closed","template":"","meta":{"_acf_changed":false,"footnotes":""},"categories":[73],"class_list":["post-4871","page","type-page","status-publish","hentry","category-ausstellungsrueckblick"],"acf":[],"yoast_head":"<!-- This site is optimized with the Yoast SEO Premium plugin v26.0 (Yoast SEO v26.8) - https:\/\/yoast.com\/product\/yoast-seo-premium-wordpress\/ -->\n<title>Jenseits des Sehens - Stift Admont<\/title>\n<meta name=\"robots\" content=\"index, follow, max-snippet:-1, max-image-preview:large, max-video-preview:-1\" \/>\n<link rel=\"canonical\" href=\"https:\/\/stiftadmont.at\/zh\/\u535a\u7269\u9986\/\u5c55\u89c8\u56de\u987e\/\u770b\u4e0d\u89c1\/\" \/>\n<meta property=\"og:locale\" content=\"zh_CN\" \/>\n<meta property=\"og:type\" content=\"article\" \/>\n<meta property=\"og:title\" content=\"Jenseits des Sehens\" \/>\n<meta property=\"og:url\" content=\"https:\/\/stiftadmont.at\/zh\/\u535a\u7269\u9986\/\u5c55\u89c8\u56de\u987e\/\u770b\u4e0d\u89c1\/\" \/>\n<meta property=\"og:site_name\" content=\"Stift Admont\" \/>\n<meta property=\"article:modified_time\" content=\"2023-12-08T16:48:30+00:00\" \/>\n<meta property=\"og:image\" content=\"https:\/\/stiftadmont.at\/wp-content\/uploads\/Klosteranlage-innen.jpg\" \/>\n\t<meta property=\"og:image:width\" content=\"1912\" \/>\n\t<meta property=\"og:image:height\" content=\"1188\" \/>\n\t<meta property=\"og:image:type\" content=\"image\/jpeg\" \/>\n<meta name=\"twitter:card\" content=\"summary_large_image\" \/>\n<script type=\"application\/ld+json\" class=\"yoast-schema-graph\">{\"@context\":\"https:\/\/schema.org\",\"@graph\":[{\"@type\":\"WebPage\",\"@id\":\"https:\/\/stiftadmont.at\/museum\/ausstellungsrueckblick\/jenseits-des-sehens\/\",\"url\":\"https:\/\/stiftadmont.at\/museum\/ausstellungsrueckblick\/jenseits-des-sehens\/\",\"name\":\"Jenseits des Sehens - Stift Admont\",\"isPartOf\":{\"@id\":\"https:\/\/stiftadmont.at\/#website\"},\"datePublished\":\"2021-07-28T15:14:14+00:00\",\"dateModified\":\"2023-12-08T16:48:30+00:00\",\"breadcrumb\":{\"@id\":\"https:\/\/stiftadmont.at\/museum\/ausstellungsrueckblick\/jenseits-des-sehens\/#breadcrumb\"},\"inLanguage\":\"zh-Hans\",\"potentialAction\":[{\"@type\":\"ReadAction\",\"target\":[\"https:\/\/stiftadmont.at\/museum\/ausstellungsrueckblick\/jenseits-des-sehens\/\"]}]},{\"@type\":\"BreadcrumbList\",\"@id\":\"https:\/\/stiftadmont.at\/museum\/ausstellungsrueckblick\/jenseits-des-sehens\/#breadcrumb\",\"itemListElement\":[{\"@type\":\"ListItem\",\"position\":1,\"name\":\"Start\",\"item\":\"https:\/\/stiftadmont.at\/\"},{\"@type\":\"ListItem\",\"position\":2,\"name\":\"Museum Stift Admont\",\"item\":\"https:\/\/stiftadmont.at\/museum\/\"},{\"@type\":\"ListItem\",\"position\":3,\"name\":\"Ausstellungsr\u00fcckblick\",\"item\":\"https:\/\/stiftadmont.at\/museum\/ausstellungsrueckblick\/\"},{\"@type\":\"ListItem\",\"position\":4,\"name\":\"Jenseits des Sehens\"}]},{\"@type\":\"WebSite\",\"@id\":\"https:\/\/stiftadmont.at\/#website\",\"url\":\"https:\/\/stiftadmont.at\/\",\"name\":\"Stift Admont\",\"description\":\"Benediktinerkloster und Sehensw\u00fcrdigkeit im Ges\u00e4use\",\"potentialAction\":[{\"@type\":\"SearchAction\",\"target\":{\"@type\":\"EntryPoint\",\"urlTemplate\":\"https:\/\/stiftadmont.at\/?s={search_term_string}\"},\"query-input\":{\"@type\":\"PropertyValueSpecification\",\"valueRequired\":true,\"valueName\":\"search_term_string\"}}],\"inLanguage\":\"zh-Hans\"}]}<\/script>\n<!-- \/ Yoast SEO Premium plugin. -->","yoast_head_json":{"title":"\u76ee\u4e0d\u6687\u63a5 - \u963f\u5fb7\u8499\u7279\u4fee\u9053\u9662","robots":{"index":"index","follow":"follow","max-snippet":"max-snippet:-1","max-image-preview":"max-image-preview:large","max-video-preview":"max-video-preview:-1"},"canonical":"https:\/\/stiftadmont.at\/zh\/\u535a\u7269\u9986\/\u5c55\u89c8\u56de\u987e\/\u770b\u4e0d\u89c1\/","og_locale":"zh_CN","og_type":"article","og_title":"Jenseits des Sehens","og_url":"https:\/\/stiftadmont.at\/zh\/\u535a\u7269\u9986\/\u5c55\u89c8\u56de\u987e\/\u770b\u4e0d\u89c1\/","og_site_name":"Stift Admont","article_modified_time":"2023-12-08T16:48:30+00:00","og_image":[{"width":1912,"height":1188,"url":"https:\/\/stiftadmont.at\/wp-content\/uploads\/Klosteranlage-innen.jpg","type":"image\/jpeg"}],"twitter_card":"summary_large_image","schema":{"@context":"https:\/\/schema.org","@graph":[{"@type":"WebPage","@id":"https:\/\/stiftadmont.at\/museum\/ausstellungsrueckblick\/jenseits-des-sehens\/","url":"https:\/\/stiftadmont.at\/museum\/ausstellungsrueckblick\/jenseits-des-sehens\/","name":"\u76ee\u4e0d\u6687\u63a5 - \u963f\u5fb7\u8499\u7279\u4fee\u9053\u9662","isPartOf":{"@id":"https:\/\/stiftadmont.at\/#website"},"datePublished":"2021-07-28T15:14:14+00:00","dateModified":"2023-12-08T16:48:30+00:00","breadcrumb":{"@id":"https:\/\/stiftadmont.at\/museum\/ausstellungsrueckblick\/jenseits-des-sehens\/#breadcrumb"},"inLanguage":"zh-Hans","potentialAction":[{"@type":"ReadAction","target":["https:\/\/stiftadmont.at\/museum\/ausstellungsrueckblick\/jenseits-des-sehens\/"]}]},{"@type":"BreadcrumbList","@id":"https:\/\/stiftadmont.at\/museum\/ausstellungsrueckblick\/jenseits-des-sehens\/#breadcrumb","itemListElement":[{"@type":"ListItem","position":1,"name":"Start","item":"https:\/\/stiftadmont.at\/"},{"@type":"ListItem","position":2,"name":"Museum Stift Admont","item":"https:\/\/stiftadmont.at\/museum\/"},{"@type":"ListItem","position":3,"name":"Ausstellungsr\u00fcckblick","item":"https:\/\/stiftadmont.at\/museum\/ausstellungsrueckblick\/"},{"@type":"ListItem","position":4,"name":"Jenseits des Sehens"}]},{"@type":"WebSite","@id":"https:\/\/stiftadmont.at\/#website","url":"https:\/\/stiftadmont.at\/","name":"\u963f\u5fb7\u8499\u7279\u4fee\u9053\u9662","description":"\u683c\u8428\u5c14\u5730\u533a\u7684\u672c\u7b03\u4f1a\u4fee\u9053\u9662\u548c\u65c5\u6e38\u666f\u70b9","potentialAction":[{"@type":"SearchAction","target":{"@type":"EntryPoint","urlTemplate":"https:\/\/stiftadmont.at\/?s={search_term_string}"},"query-input":{"@type":"PropertyValueSpecification","valueRequired":true,"valueName":"search_term_string"}}],"inLanguage":"zh-Hans"}]}},"_links":{"self":[{"href":"https:\/\/stiftadmont.at\/zh\/wp-json\/wp\/v2\/pages\/4871","targetHints":{"allow":["GET"]}}],"collection":[{"href":"https:\/\/stiftadmont.at\/zh\/wp-json\/wp\/v2\/pages"}],"about":[{"href":"https:\/\/stiftadmont.at\/zh\/wp-json\/wp\/v2\/types\/page"}],"author":[{"embeddable":true,"href":"https:\/\/stiftadmont.at\/zh\/wp-json\/wp\/v2\/users\/7"}],"replies":[{"embeddable":true,"href":"https:\/\/stiftadmont.at\/zh\/wp-json\/wp\/v2\/comments?post=4871"}],"version-history":[{"count":65,"href":"https:\/\/stiftadmont.at\/zh\/wp-json\/wp\/v2\/pages\/4871\/revisions"}],"predecessor-version":[{"id":13511,"href":"https:\/\/stiftadmont.at\/zh\/wp-json\/wp\/v2\/pages\/4871\/revisions\/13511"}],"up":[{"embeddable":true,"href":"https:\/\/stiftadmont.at\/zh\/wp-json\/wp\/v2\/pages\/5864"}],"wp:attachment":[{"href":"https:\/\/stiftadmont.at\/zh\/wp-json\/wp\/v2\/media?parent=4871"}],"wp:term":[{"taxonomy":"category","embeddable":true,"href":"https:\/\/stiftadmont.at\/zh\/wp-json\/wp\/v2\/categories?post=4871"}],"curies":[{"name":"wp","href":"https:\/\/api.w.org\/{rel}","templated":true}]}}