{"id":515,"date":"2021-07-15T14:28:06","date_gmt":"2021-07-15T12:28:06","guid":{"rendered":"https:\/\/stiftadmont.at\/?page_id=515"},"modified":"2025-10-14T10:43:18","modified_gmt":"2025-10-14T08:43:18","slug":"%e8%8a%b1%e9%85%92%e4%bf%ae%e9%81%93%e9%99%a2","status":"publish","type":"page","link":"https:\/\/stiftadmont.at\/zh\/stiftsgaertnerei-blumen-und-wein\/","title":{"rendered":"\u4fee\u9053\u9662\u82d7\u5703\u7684\u9c9c\u82b1\u548c\u7f8e\u9152"},"content":{"rendered":"<section id='lightpress__section--block_5c1d8061b32f84f290f93c85e36e6619' class='align-center lightpress__section--default-section-space lightpress__section lightpress__section--headline'><div class=\"headline__container\">\n            <p class=\"headline text--40 text-medium line line--gold line-above line-middle\">\u963f\u5fb7\u8499\u7279\u672c\u7b03\u4f1a\u4fee\u9053\u9662\u80b2\u5a74\u5ba4<\/p>\n        <p class=\"text-center text-gold text--20 text-medium text--uppercase\">\u6700\u9ad8\u54c1\u8d28\u7684\u9c9c\u82b1\u548c\u7f8e\u9152<\/p>\n        <div class=\"spacer--40\"><\/div>\n<\/div>\n\n<\/section>\n\n<section id='lightpress__section--block_2b1d73e6ad27c683d9da4dacb91bfb92' class='lightpress__section--default-section-space lightpress__section lightpress__section--content'><div class=\"content__inner\"\n         x-init=\"initContentBlockAnim($el)\">\n        \n    <div class=\"content__grid content__grid--fifty-fifty\">\n                                            <div class=\"content__box content__box\"\n                 style=\"\">\n                                \n                \n                                        <div class=\"content__media stickyTo\" x-init=\"imageSticky($el)\">\n\n                                                                                                <picture\n                                class=\"content__image sticky\">\n                            <source srcset=\"https:\/\/stiftadmont.at\/wp-content\/uploads\/Blumen_min_Thomas-Sattler1-1024x676.png\"\n                                    type=\"image\/webp\">\n                            <source srcset=\"https:\/\/stiftadmont.at\/wp-content\/uploads\/Blumen_min_Thomas-Sattler1-1024x676.png\"\n                                    type=\"image\/jpeg\">\n                            <img decoding=\"async\" loading=\"lazy\" src=\"https:\/\/stiftadmont.at\/wp-content\/uploads\/Blumen_min_Thomas-Sattler1-1024x676.png\" alt=\"\u9c9c\u82b1 min \u6258\u9a6c\u65af-\u8428\u7279\u52d2\" width=\"600\" height=\"450\" \/>\n                                                                                                            <\/picture>\n\n                    <\/div>\n\n                            <\/div>\n        \n                                                    <div class=\"content__box content__box--2\"\n                     >\n                                        \n                    \n                                                    <div class=\"prose\"><h5 class=\"heading-m line line-above line--gold\" data-start=\"0\" data-end=\"65\"><strong data-start=\"0\" data-end=\"65\">\u56e0\u4e3a\u6211\u4eec\u70ed\u7231\u6211\u4eec\u7684\u5de5\u4f5c - \u6765\u81ea\u963f\u5fb7\u8499\u7279\u4fee\u9053\u9662\u7684\u9c9c\u82b1\u53ca\u5176\u4ed6<\/strong><\/h5>\n<p data-start=\"0\" data-end=\"65\">\u00a0<\/p>\n<p data-start=\"67\" data-end=\"316\">\u65e0\u8bba\u662f\u751f\u65e5\u793c\u7269\u3001\u7231\u7684\u8c61\u5f81\u3001\u5c0f\u5c0f\u7684\u611f\u8c22\uff0c\u8fd8\u662f\u4ec5\u4ec5\u56e0\u4e3a \"\u53ea\u662f\u56e0\u4e3a\"--\u9c9c\u82b1\u80dc\u8fc7\u5343\u8a00\u4e07\u8bed\u3002\u56e0\u4e3a\u6211\u4eec\u5df2\u5c06\u70ed\u60c5\u8f6c\u5316\u4e3a\u4e13\u4e1a\uff0c\u6240\u4ee5\u6211\u4eec\u8bbe\u8ba1\u7684\u6bcf\u4e00\u675f\u82b1\u90fd\u7279\u522b\u7528\u5fc3\uff0c\u6ce8\u91cd\u7ec6\u8282\u3002<\/p>\n<p data-start=\"67\" data-end=\"316\">\u00a0<\/p>\n<p data-start=\"318\" data-end=\"479\">\u5f97\u76ca\u4e8e\u6211\u4eec\u81ea\u5df1\u7684\u82d7\u5703\u548c\u6bcf\u65e5\u7684\u65b0\u9c9c\u9001\u8d27\uff0c\u6211\u4eec\u4fdd\u8bc1\u4e3a\u5404\u79cd\u573a\u5408\u63d0\u4f9b\u65b0\u9c9c\u3001\u65f6\u4ee4\u548c\u65f6\u5c1a\u7684\u4f18\u8d28\u9c9c\u82b1\u3002<\/p>\n<p data-start=\"318\" data-end=\"479\">\u00a0<\/p>\n<p data-start=\"481\" data-end=\"756\"><strong>\u4e0d\u4ec5\u4ec5\u662f\u9c9c\u82b1<\/strong><br data-start=\"506\" data-end=\"509\" \/>\u5728\u6211\u4eec\u7684\u82b1\u5e97\u91cc\uff0c\u60a8\u4e0d\u4ec5\u80fd\u627e\u5230\u7f8e\u4e3d\u7684\u9c9c\u82b1\uff0c\u8fd8\u80fd\u627e\u5230\u7279\u522b\u7684\u4f34\u4fa3\uff1a<\/p>\n<p data-start=\"481\" data-end=\"756\"><br data-start=\"610\" data-end=\"613\" \/><strong>- \u5c61\u83b7\u6b8a\u8363\u7684 DVERI PAX \u8461\u8404\u9152<\/strong><br data-start=\"644\" data-end=\"647\" \/><strong> - \u4fee\u9053\u9662\u5546\u5e97\u7684\u7cbe\u7f8e\u5730\u65b9\u7279\u4ea7<\/strong><br data-start=\"698\" data-end=\"701\" \/><strong> - \u9002\u5408\u4e0d\u540c\u5b63\u8282\u7684\u88c5\u9970\u54c1<\/strong><\/p>\n<p class=\"paragraph-m\">\u00a0<\/p>\n<p data-start=\"758\" data-end=\"846\" data-is-last-node=\"\" data-is-only-node=\"\"><strong data-start=\"758\" data-end=\"846\" data-is-last-node=\"\">\u6211\u4eec\u671f\u5f85\u7740\u8ba9\u60a8\u7684\u7279\u6b8a\u65f6\u523b\u66f4\u52a0\u7f8e\u4e3d\u3002<\/strong><\/p>\n<p>\u00a0<\/p>\n<p><a class=\"admont-button admont-button--secondary\" title=\"www.dveri-pax.at\" href=\"https:\/\/dveri-pax.at\/weinshop\/\" target=\"_blank\" rel=\"noopener\">\u524d\u5f80\u5728\u7ebf\u8461\u8404\u9152\u5546\u5e97 - www.dveri-pax.at<\/a><\/p>\n<p>\u00a0<\/p>\n<\/div>\n                        \n                                    <\/div>\n            \n            <\/div>\n<\/div>\n\n<\/section>\n\n<section id='lightpress__section--block_c9a70092a1e215a321e42c26aeddde8a' class='lightpress__section--more-links--950 lightpress__section--full-width lightpress__section--default-section-space lightpress__section lightpress__section--more-links'><div class=\"more\" x-init=\"initMoreLinksBlockAnim($el)\">\n            <style>\n            #lightpress__section--block_c9a70092a1e215a321e42c26aeddde8a .more {\n                --entry-width: calc(100% \/ 4 - var(--grid-gap) * 4);\n                grid-template-columns: repeat(auto-fit, minmax(max(var(--entry-width),50rem), 1fr));\n            }\n        <\/style>\n    \n                    <a class=\"more__link\" href=\"https:\/\/stiftadmont.at\/zh\/%e8%8a%b1%e9%85%92%e4%bf%ae%e9%81%93%e9%99%a2\/%e5%bc%80%e6%94%be%e6%97%b6%e9%97%b4-%e5%9b%a2%e9%98%9f%e8%81%94%e7%b3%bb%e6%96%b9%e5%bc%8f\/\">\n            <div class=\"more__media\">\n                                    <picture class=\"more__image\">\n                        <source srcset=\"https:\/\/stiftadmont.at\/wp-content\/uploads\/Gaertnerei-11-1024x683.webp\" type=\"image\/webp\">\n                        <source srcset=\"https:\/\/stiftadmont.at\/wp-content\/uploads\/Gaertnerei-11-1024x683.jpg\" type=\"image\/jpeg\">\n                        <img decoding=\"async\" loading=\"lazy\" src=\"https:\/\/stiftadmont.at\/wp-content\/uploads\/Gaertnerei-11-1024x683.jpg\"\n                             alt=\"2022 \u5e7c\u513f\u56ed\" >\n                    <\/picture>\n                            <\/div>\n            <div class=\"more__content\">\n                <div class=\"more__title--container\">\n                                            \n                                                                            \n                        <p class=\"text-bold text-white text--serif text--26\">\u5f00\u653e\u65f6\u95f4\u3001\u56e2\u961f\u3001\u8054\u7cfb\u65b9\u5f0f<\/p>\n                                                            <\/div>\n                                    <div class=\"more__cta\">\n                        <i class=\"fa-thin fa-chevron-right\"><\/i>\n                    <\/div>\n                            <\/div>\n        <\/a>\n                    <a class=\"more__link\" href=\"https:\/\/stiftadmont.at\/zh\/%e8%8a%b1%e9%85%92%e4%bf%ae%e9%81%93%e9%99%a2\/%e8%8a%b1%e5%8d%89%e8%89%ba%e6%9c%af\/\">\n            <div class=\"more__media\">\n                                    <picture class=\"more__image\">\n                        <source srcset=\"https:\/\/stiftadmont.at\/wp-content\/uploads\/Blumenstrauss_min_Thomas-Sattler-1024x803.webp\" type=\"image\/webp\">\n                        <source srcset=\"https:\/\/stiftadmont.at\/wp-content\/uploads\/Blumenstrauss_min_Thomas-Sattler-1024x803.jpg\" type=\"image\/jpeg\">\n                        <img decoding=\"async\" loading=\"lazy\" src=\"https:\/\/stiftadmont.at\/wp-content\/uploads\/Blumenstrauss_min_Thomas-Sattler-1024x803.png\" alt=\"\u82b1\u675f min Thomas Sattler\" \/>\n                    <\/picture>\n                            <\/div>\n            <div class=\"more__content\">\n                <div class=\"more__title--container\">\n                                            \n                                                                            \n                        <p class=\"text-bold text-white text--serif text--26\">\u9c9c\u82b1\u548c\u82b1\u827a<\/p>\n                                                            <\/div>\n                                    <div class=\"more__cta\">\n                        <i class=\"fa-thin fa-chevron-right\"><\/i>\n                    <\/div>\n                            <\/div>\n        <\/a>\n                    <a class=\"more__link\" href=\"https:\/\/stiftadmont.at\/zh\/%e8%8a%b1%e9%85%92%e4%bf%ae%e9%81%93%e9%99%a2\/%e5%b9%bc%e5%84%bf%e5%9b%ad\/\">\n            <div class=\"more__media\">\n                                    <picture class=\"more__image\">\n                        <source srcset=\"https:\/\/stiftadmont.at\/wp-content\/uploads\/Gaertnerei-2-1024x683.webp\" type=\"image\/webp\">\n                        <source srcset=\"https:\/\/stiftadmont.at\/wp-content\/uploads\/Gaertnerei-2-1024x683.jpg\" type=\"image\/jpeg\">\n                        <img decoding=\"async\" loading=\"lazy\" src=\"https:\/\/stiftadmont.at\/wp-content\/uploads\/Gaertnerei-2-1024x683.jpg\"\n                             alt=\"2022 \u5e7c\u513f\u56ed\" >\n                    <\/picture>\n                            <\/div>\n            <div class=\"more__content\">\n                <div class=\"more__title--container\">\n                                            \n                                                                            \n                        <p class=\"text-bold text-white text--serif text--26\">\u82d7\u5703<\/p>\n                                                            <\/div>\n                                    <div class=\"more__cta\">\n                        <i class=\"fa-thin fa-chevron-right\"><\/i>\n                    <\/div>\n                            <\/div>\n        <\/a>\n                    <a class=\"more__link\" href=\"https:\/\/stiftadmont.at\/zh\/%e8%8a%b1%e9%85%92%e4%bf%ae%e9%81%93%e9%99%a2\/%e8%91%a1%e8%90%84%e9%85%92\/\">\n            <div class=\"more__media\">\n                                    <picture class=\"more__image\">\n                        <source srcset=\"https:\/\/stiftadmont.at\/wp-content\/uploads\/Dveri-Pax-Stimmungsbilder-www-86-1024x683.webp\" type=\"image\/webp\">\n                        <source srcset=\"https:\/\/stiftadmont.at\/wp-content\/uploads\/Dveri-Pax-Stimmungsbilder-www-86-1024x683.jpg\" type=\"image\/jpeg\">\n                        <img decoding=\"async\" loading=\"lazy\" src=\"https:\/\/stiftadmont.at\/wp-content\/uploads\/Dveri-Pax-Stimmungsbilder-www-86-1024x683.jpg\"\n                             alt=\"Dveri Pax \u5fc3\u60c5\u56fe\u7247\" >\n                    <\/picture>\n                            <\/div>\n            <div class=\"more__content\">\n                <div class=\"more__title--container\">\n                                            \n                                                                            \n                        <p class=\"text-bold text-white text--serif text--26\">DVERI PAX \u8461\u8404\u9152<\/p>\n                                                            <\/div>\n                                    <div class=\"more__cta\">\n                        <i class=\"fa-thin fa-chevron-right\"><\/i>\n                    <\/div>\n                            <\/div>\n        <\/a>\n    \n<\/div>\n\n<\/section>","protected":false},"excerpt":{"rendered":"","protected":false},"author":3,"featured_media":0,"parent":0,"menu_order":112,"comment_status":"closed","ping_status":"closed","template":"","meta":{"_acf_changed":false,"footnotes":""},"categories":[],"class_list":["post-515","page","type-page","status-publish","hentry"],"acf":[],"yoast_head":"<!-- This site is optimized with the Yoast SEO Premium plugin v26.0 (Yoast SEO v26.8) - https:\/\/yoast.com\/product\/yoast-seo-premium-wordpress\/ -->\n<title>Stiftsg\u00e4rtnerei Blumen und Wein - Stift Admont<\/title>\n<meta name=\"description\" content=\"Stiftsg\u00e4rtnerei Admont: Frische Blumen, regionaler DVERI PAX Wein und feine Klosterprodukte. F\u00fcr besondere Momente mit Herz und Qualit\u00e4t.\" \/>\n<meta name=\"robots\" content=\"index, follow, max-snippet:-1, max-image-preview:large, max-video-preview:-1\" \/>\n<link rel=\"canonical\" href=\"https:\/\/stiftadmont.at\/zh\/\u82b1\u9152\u4fee\u9053\u9662\/\" \/>\n<meta property=\"og:locale\" content=\"zh_CN\" \/>\n<meta property=\"og:type\" content=\"article\" \/>\n<meta property=\"og:title\" content=\"Stiftsg\u00e4rtnerei Blumen und Wein\" \/>\n<meta property=\"og:description\" content=\"Stiftsg\u00e4rtnerei Admont: Frische Blumen, regionaler DVERI PAX Wein und feine Klosterprodukte. F\u00fcr besondere Momente mit Herz und Qualit\u00e4t.\" \/>\n<meta property=\"og:url\" content=\"https:\/\/stiftadmont.at\/zh\/\u82b1\u9152\u4fee\u9053\u9662\/\" \/>\n<meta property=\"og:site_name\" content=\"Stift Admont\" \/>\n<meta property=\"article:modified_time\" content=\"2025-10-14T08:43:18+00:00\" \/>\n<meta property=\"og:image\" content=\"https:\/\/stiftadmont.at\/wp-content\/uploads\/Klosteranlage-innen.jpg\" \/>\n\t<meta property=\"og:image:width\" content=\"1912\" \/>\n\t<meta property=\"og:image:height\" content=\"1188\" \/>\n\t<meta property=\"og:image:type\" content=\"image\/jpeg\" \/>\n<meta name=\"twitter:card\" content=\"summary_large_image\" \/>\n<script type=\"application\/ld+json\" class=\"yoast-schema-graph\">{\"@context\":\"https:\/\/schema.org\",\"@graph\":[{\"@type\":\"WebPage\",\"@id\":\"https:\/\/stiftadmont.at\/stiftsgaertnerei-blumen-und-wein\/\",\"url\":\"https:\/\/stiftadmont.at\/stiftsgaertnerei-blumen-und-wein\/\",\"name\":\"Stiftsg\u00e4rtnerei Blumen und Wein - Stift Admont\",\"isPartOf\":{\"@id\":\"https:\/\/stiftadmont.at\/#website\"},\"datePublished\":\"2021-07-15T12:28:06+00:00\",\"dateModified\":\"2025-10-14T08:43:18+00:00\",\"description\":\"Stiftsg\u00e4rtnerei Admont: Frische Blumen, regionaler DVERI PAX Wein und feine Klosterprodukte. F\u00fcr besondere Momente mit Herz und Qualit\u00e4t.\",\"breadcrumb\":{\"@id\":\"https:\/\/stiftadmont.at\/stiftsgaertnerei-blumen-und-wein\/#breadcrumb\"},\"inLanguage\":\"zh-Hans\",\"potentialAction\":[{\"@type\":\"ReadAction\",\"target\":[\"https:\/\/stiftadmont.at\/stiftsgaertnerei-blumen-und-wein\/\"]}]},{\"@type\":\"BreadcrumbList\",\"@id\":\"https:\/\/stiftadmont.at\/stiftsgaertnerei-blumen-und-wein\/#breadcrumb\",\"itemListElement\":[{\"@type\":\"ListItem\",\"position\":1,\"name\":\"Start\",\"item\":\"https:\/\/stiftadmont.at\/\"},{\"@type\":\"ListItem\",\"position\":2,\"name\":\"Stiftsg\u00e4rtnerei Blumen und Wein\"}]},{\"@type\":\"WebSite\",\"@id\":\"https:\/\/stiftadmont.at\/#website\",\"url\":\"https:\/\/stiftadmont.at\/\",\"name\":\"Stift Admont\",\"description\":\"Benediktinerkloster und Sehensw\u00fcrdigkeit im Ges\u00e4use\",\"potentialAction\":[{\"@type\":\"SearchAction\",\"target\":{\"@type\":\"EntryPoint\",\"urlTemplate\":\"https:\/\/stiftadmont.at\/?s={search_term_string}\"},\"query-input\":{\"@type\":\"PropertyValueSpecification\",\"valueRequired\":true,\"valueName\":\"search_term_string\"}}],\"inLanguage\":\"zh-Hans\"}]}<\/script>\n<!-- \/ Yoast SEO Premium plugin. -->","yoast_head_json":{"title":"\u4fee\u9053\u9662\u82d7\u5703\u7684\u9c9c\u82b1\u548c\u8461\u8404\u9152 - \u963f\u5fb7\u8499\u7279\u4fee\u9053\u9662","description":"Stiftsg\u00e4rtnerei Admont\uff1a\u65b0\u9c9c\u9c9c\u82b1\u3001DVERI PAX \u5730\u533a\u8461\u8404\u9152\u548c\u7cbe\u7f8e\u4fee\u9053\u9662\u4ea7\u54c1\u3002\u7528\u5fc3\u548c\u54c1\u8d28\u6253\u9020\u7279\u522b\u65f6\u523b\u3002","robots":{"index":"index","follow":"follow","max-snippet":"max-snippet:-1","max-image-preview":"max-image-preview:large","max-video-preview":"max-video-preview:-1"},"canonical":"https:\/\/stiftadmont.at\/zh\/\u82b1\u9152\u4fee\u9053\u9662\/","og_locale":"zh_CN","og_type":"article","og_title":"Stiftsg\u00e4rtnerei Blumen und Wein","og_description":"Stiftsg\u00e4rtnerei Admont: Frische Blumen, regionaler DVERI PAX Wein und feine Klosterprodukte. F\u00fcr besondere Momente mit Herz und Qualit\u00e4t.","og_url":"https:\/\/stiftadmont.at\/zh\/\u82b1\u9152\u4fee\u9053\u9662\/","og_site_name":"Stift Admont","article_modified_time":"2025-10-14T08:43:18+00:00","og_image":[{"width":1912,"height":1188,"url":"https:\/\/stiftadmont.at\/wp-content\/uploads\/Klosteranlage-innen.jpg","type":"image\/jpeg"}],"twitter_card":"summary_large_image","schema":{"@context":"https:\/\/schema.org","@graph":[{"@type":"WebPage","@id":"https:\/\/stiftadmont.at\/stiftsgaertnerei-blumen-und-wein\/","url":"https:\/\/stiftadmont.at\/stiftsgaertnerei-blumen-und-wein\/","name":"\u4fee\u9053\u9662\u82d7\u5703\u7684\u9c9c\u82b1\u548c\u8461\u8404\u9152 - \u963f\u5fb7\u8499\u7279\u4fee\u9053\u9662","isPartOf":{"@id":"https:\/\/stiftadmont.at\/#website"},"datePublished":"2021-07-15T12:28:06+00:00","dateModified":"2025-10-14T08:43:18+00:00","description":"Stiftsg\u00e4rtnerei Admont\uff1a\u65b0\u9c9c\u9c9c\u82b1\u3001DVERI PAX \u5730\u533a\u8461\u8404\u9152\u548c\u7cbe\u7f8e\u4fee\u9053\u9662\u4ea7\u54c1\u3002\u7528\u5fc3\u548c\u54c1\u8d28\u6253\u9020\u7279\u522b\u65f6\u523b\u3002","breadcrumb":{"@id":"https:\/\/stiftadmont.at\/stiftsgaertnerei-blumen-und-wein\/#breadcrumb"},"inLanguage":"zh-Hans","potentialAction":[{"@type":"ReadAction","target":["https:\/\/stiftadmont.at\/stiftsgaertnerei-blumen-und-wein\/"]}]},{"@type":"BreadcrumbList","@id":"https:\/\/stiftadmont.at\/stiftsgaertnerei-blumen-und-wein\/#breadcrumb","itemListElement":[{"@type":"ListItem","position":1,"name":"Start","item":"https:\/\/stiftadmont.at\/"},{"@type":"ListItem","position":2,"name":"Stiftsg\u00e4rtnerei Blumen und Wein"}]},{"@type":"WebSite","@id":"https:\/\/stiftadmont.at\/#website","url":"https:\/\/stiftadmont.at\/","name":"\u963f\u5fb7\u8499\u7279\u4fee\u9053\u9662","description":"\u683c\u8428\u5c14\u5730\u533a\u7684\u672c\u7b03\u4f1a\u4fee\u9053\u9662\u548c\u65c5\u6e38\u666f\u70b9","potentialAction":[{"@type":"SearchAction","target":{"@type":"EntryPoint","urlTemplate":"https:\/\/stiftadmont.at\/?s={search_term_string}"},"query-input":{"@type":"PropertyValueSpecification","valueRequired":true,"valueName":"search_term_string"}}],"inLanguage":"zh-Hans"}]}},"_links":{"self":[{"href":"https:\/\/stiftadmont.at\/zh\/wp-json\/wp\/v2\/pages\/515","targetHints":{"allow":["GET"]}}],"collection":[{"href":"https:\/\/stiftadmont.at\/zh\/wp-json\/wp\/v2\/pages"}],"about":[{"href":"https:\/\/stiftadmont.at\/zh\/wp-json\/wp\/v2\/types\/page"}],"author":[{"embeddable":true,"href":"https:\/\/stiftadmont.at\/zh\/wp-json\/wp\/v2\/users\/3"}],"replies":[{"embeddable":true,"href":"https:\/\/stiftadmont.at\/zh\/wp-json\/wp\/v2\/comments?post=515"}],"version-history":[{"count":247,"href":"https:\/\/stiftadmont.at\/zh\/wp-json\/wp\/v2\/pages\/515\/revisions"}],"predecessor-version":[{"id":37971,"href":"https:\/\/stiftadmont.at\/zh\/wp-json\/wp\/v2\/pages\/515\/revisions\/37971"}],"wp:attachment":[{"href":"https:\/\/stiftadmont.at\/zh\/wp-json\/wp\/v2\/media?parent=515"}],"wp:term":[{"taxonomy":"category","embeddable":true,"href":"https:\/\/stiftadmont.at\/zh\/wp-json\/wp\/v2\/categories?post=515"}],"curies":[{"name":"wp","href":"https:\/\/api.w.org\/{rel}","templated":true}]}}