{"id":5627,"date":"2021-07-29T14:36:46","date_gmt":"2021-07-29T12:36:46","guid":{"rendered":"https:\/\/stiftadmont.at\/?page_id=5627"},"modified":"2025-01-30T11:06:10","modified_gmt":"2025-01-30T09:06:10","slug":"%e5%9b%be%e4%b9%a6%e9%a6%86%e8%97%8f%e4%b9%a6","status":"publish","type":"page","link":"https:\/\/stiftadmont.at\/zh\/ueber-das-stiftsarchiv\/bibliotheksbestaende\/","title":{"rendered":"\u56fe\u4e66\u9986\u85cf\u4e66"},"content":{"rendered":"<section id='lightpress__section--block_e625025f2bf700f4a4c32e59f38a3d18' class='lightpress__section--default-section-space lightpress__section lightpress__section--content'><div class=\"content__inner\"\n         x-init=\"initContentBlockAnim($el)\">\n        \n    <div class=\"content__grid content__grid--fifty-fifty\">\n                                            <div class=\"content__box content__box\"\n                 style=\"\">\n                                \n                \n                                            <div class=\"prose\"><h5 class=\"heading-m line line-above line--gold\">Ein Kloster ohne Bibliothek ist wie eine Festung ohne R\u00fcstkammer!<\/h5>\n<p>\u00a0<\/p>\n<p class=\"paragraph-m text-left\">Dieser Spruch hat durchaus seine Berechtigung: denn die B\u00fccher waren seit jeher das geistige \u201eR\u00fcstzeug\u201c der Ordensleute. Sie wurden f\u00fcr Liturgie und geistliche Lesung ebenso ben\u00f6tigt wie f\u00fcr wissenschaftliche Belange, f\u00fcr Unterricht und Verwaltung.<\/p>\n<\/div>\n                    \n                            <\/div>\n        \n                                                    <div class=\"content__box content__box--2\"\n                     >\n                                        \n                    \n                                                    <div class=\"prose\"><div class=\"info info--info\">\n<p>ONLINEBIBLIOTHEKSBEST\u00c4NDE<\/p>\n<p><a class=\"admont-button admont-button--secondary\" href=\"https:\/\/search.onb.ac.at\/primo-explore\/search?query=&#038;tab=onb_sondersammlungen&#038;search_scope=ONB_inkzen&#038;vid=ONB\" target=\"_blank\" rel=\"noopener\">Inkunabeln<\/a> <a class=\"admont-button admont-button--secondary\" href=\"https:\/\/www.obvsg.at\/kataloge\/verbundkataloge\" target=\"_blank\" rel=\"noopener\">Online-Katalog f\u00fcr Druckwerke<\/a> <a class=\"admont-button admont-button--secondary\" href=\"https:\/\/manuscripta.at\/\" target=\"_blank\" rel=\"noopener\">Mittelalterliche Handschriften<\/a> <a class=\"admont-button admont-button--secondary\" href=\"https:\/\/webapp.uibk.ac.at\/alo\/cat\/collection.jsp?id=1055\" target=\"_blank\" rel=\"noopener\">Digitalisierter Zettelkatalog der Druckwerke ab ca. 1980<\/a><\/p>\n<\/div>\n<\/div>\n                        \n                                    <\/div>\n            \n            <\/div>\n<\/div>\n\n<\/section>\n\n<section id='lightpress__section--block_c8a5c865eb0c66be2e0565981c0f3488' class='lightpress__section--default-section-space lightpress__section lightpress__section--content'><div class=\"content__inner\"\n         x-init=\"initContentBlockAnim($el)\">\n        \n    <div class=\"content__grid content__grid--fifty-fifty\">\n                                            <div class=\"content__box content__box\"\n                 style=\"\">\n                                \n                \n                                            <div class=\"prose\"><h5 class=\"heading-m line line-above line--gold\">Stiftsbibliothek<\/h5>\n<p>\u00a0<\/p>\n<p class=\"paragraph-m\">Die Geschichte der Admonter Stiftsbibliothek beginnt bereits mit der Klostergr\u00fcndung im Jahre 1074. Es kann als sicher gelten, dass die kleine M\u00f6nchsschar aus Salzburg, die im Herbst 1074 das kl\u00f6sterliche Leben in Admont aufnahm, bereits einen Grundbestand an B\u00fcchern aus dem Mutterkloster St. Peter mitgebracht hat. Dazu kamen sehr fr\u00fche B\u00fccherschenkungen des Klostergr\u00fcnders Erzbischof Gebhard von Salzburg.<\/p>\n<p>\u00a0<\/p>\n<p class=\"paragraph-m\">An erster Stelle ist hier jene dreib\u00e4ndige Riesenbibel aus der Zeit um 1070 zu nennen, die der Klostergr\u00fcnder selbst an seine Lieblingsstiftung Admont \u00fcbergeben hat. Aus der gleichen Epoche stammt ein Evangeliar mit pr\u00e4chtig ausgestatteten Buchmalereien. Ab der Mitte des 12. Jahrhunderts verf\u00fcgte das Stift Admont \u00fcber eine eigene Schreibstube (Skriptorium), in der sowohl f\u00fcr den eigenen Bedarf als auch f\u00fcr andere Kl\u00f6ster zahlreiche B\u00fccher hergestellt wurden.<\/p>\n<p>\u00a0<\/p>\n<p class=\"paragraph-m\">In der Zeit um 1300 hat Abt Engelbert, der wohl vielseitigste Gelehrte in der Stiftsgeschichte, den Buch-Bestand mit einer gro\u00dfen Anzahl eigener Werke vermehrt. Nach der Erfindung des Buchdruckes erh\u00f6hte sich die Zahl der Schriftwerke sprunghaft. Am Ende des 16. Jahrhunderts d\u00fcrften schon mehr als 3.000 durch die Druckerpresse hergestellte B\u00fccher in Admont gewesen sein.<\/p>\n<p>\u00a0<\/p>\n<p><a class=\"admont-button--outline-red admont-button\" href=\"\/ueber-die-stiftsbibliothek\">MEHR \u00dcBER DIE STIFTSBIBLIOTHEK<\/a><\/p>\n<\/div>\n                    \n                            <\/div>\n        \n                                                    <div class=\"content__box content__box--2\"\n                     >\n                                        \n                    \n                                                <div class=\"content__media stickyTo\" x-init=\"imageSticky($el)\">\n\n                                                                                    <picture\n                                    class=\"content__image sticky\">\n                                <source srcset=\"https:\/\/stiftadmont.at\/wp-content\/uploads\/Bibliothek-c-Stefan-Leitner_klein-1024x765.webp\" type=\"image\/webp\">\n                                <source srcset=\"https:\/\/stiftadmont.at\/wp-content\/uploads\/Bibliothek-c-Stefan-Leitner_klein-1024x765.jpg\" type=\"image\/jpeg\">\n                                <img decoding=\"async\" class=\"sticky\" loading=\"lazy\" src=\"https:\/\/stiftadmont.at\/wp-content\/uploads\/Bibliothek-c-Stefan-Leitner_klein-1024x765.jpg\" alt=\"Bibliothek c Stefan Leitner klein\" \/>\n\n                                                                                                                            <\/picture>\n\n                        <\/div>\n\n                                    <\/div>\n            \n            <\/div>\n<\/div>\n\n<\/section>\n\n<section id='lightpress__section--block_334d0d1d14fb5985bbd87c1cdf11a64b' class='lightpress__section--default-section-space lightpress__section lightpress__section--content'><div class=\"content__inner\"\n         x-init=\"initContentBlockAnim($el)\">\n        \n    <div class=\"content__grid content__grid\">\n                                            <div class=\"content__box content__box--one-hundred\"\n                 style=\"\">\n                                \n                \n                                            <div class=\"prose\"><h5 class=\"heading-m line line-above line--gold\">Bibliotheca universalis<\/h5>\n<p>\u00a0<\/p>\n<p class=\"paragraph-m\">Von der Vielfalt einer mittelalterlichen B\u00fcchersammlung<\/p>\n<p class=\"paragraph-m\">Keimzelle der Admonter Stiftsibliothek sind jene kostbaren Bibel-Handschriften, die bereits der Klostergr\u00fcnder im Jahre 1074 den M\u00f6nchen \u00fcbergeben hat. \u201eDie Bibel\u201c ist eine Sammlung von mehr als 70 B\u00fcchern aus einem Zeitraum von \u00fcber tausend Jahren. Der heilige Benedikt hat die Bibel in seiner Regel als die \u201eBibliotheca\u201c schlechthin bezeichnet. Um diesen Kern der Klosterbibliothek wuchs schon bald eine stattliche Sammlung von Kodizes heran. Diese wurden zum Teil im eigenen Skriptorium geschrieben, zum Teil auch durch Schenkung, Tausch und Kauf erworben.<\/p>\n<p>\u00a0<\/p>\n<div class=\"info info--info\">\n<p>Bereits im Zuge der \u201eAdmonter Reform\u201c im 12. Jahrhundert lassen sich deutliche Konturen einer \u201eUniversalbibliothek\u201c erkennen: Neben einer gro\u00dfen Zahl von theologischen und historiographischen Werken waren damals auch schon einige wichtige Schriften von Autoren der \u201eheidnischen\u201c Antike, sowie naturkundliche Literatur und Hauptwerke der Rechtsgelehrsamkeit vorhanden.<\/p>\n<p>\u00a0<\/p>\n<\/div>\n<p class=\"paragraph-m\">Dieser Bestand erfuhr in der Folge eine bedeutsame Erweiterung in allen genannten Sparten und eine zus\u00e4tzliche Erg\u00e4nzung durch Nachschlagewerke, philosophische Schriften und vor allem durch medizinische B\u00fccher, sodass die Bibliothek schon bald sowohl das Spektrum der \u201eFreien K\u00fcnste\u201c als auch der klassischen Fakult\u00e4ten abdeckte. In der gut best\u00fcckten Admonter B\u00fcchersammlung war damit ein beachtlicher Teil jenes Wissens verf\u00fcgbar, das ansonsten nur in den st\u00e4dtischen Bildungszentren zug\u00e4nglich war.<\/p>\n<p>\u00a0<\/p>\n<p>\u00a0<\/p>\n<p>\u00a0<\/p>\n<h5 class=\"heading-m line line-above line--gold\">Die Vielfalt der \u201eneuen \u201c Bibliothek im Spiegel der \u201ealten\u201c Bibliothek<\/h5>\n<p>\u00a0<\/p>\n<p class=\"paragraph-m\">Die mittelalterliche Bibliothek nimmt in ihren inhaltlichen Schwerpunkten bereits die thematische Gliederung der neuzeitlichen B\u00fcchersch\u00e4tze im gro\u00dfen Bibliothekssaal vorweg. Die Aufstellungssystematik der B\u00fccher erfolgt in der Bibliothek des 18. Jahrhunderts in drei Teilr\u00e4umen. Dort ist der umfangreiche Bestand an gedruckten B\u00e4nden in dreizehn Abteilungen gegliedert. Im Vergleich mit der Zahl der mittelalterlichen Kodizes ist er fast um das Hundertfache gr\u00f6\u00dfer. Die Vitrinen des ebenfalls dreir\u00e4umigen \u201eHandschriften-Raumes\u201c sind derart dimensioniert, dass darin genauso viele B\u00fccher ausgestellt werden k\u00f6nnen.<\/p>\n<p>\u00a0<\/p>\n<p class=\"paragraph-m\">Im s\u00fcdlichen Fl\u00fcgelsaal sind sechs Bestandsgruppen aus den \u201eweltlichen\u201c Wissensgebieten zu finden: Medizin, Naturwissenschaften und Weltgeschichte sowie Zivilrecht, Klassiker und Nachschlagewerke. Im n\u00f6rdlichen Fl\u00fcgelsaal stehen die B\u00fccher von f\u00fcnf theologischen Disziplinen: Kirchenrecht, Erbauungsliteratur und Predigtwerke sowie Kirchengeschichte und systematische Glaubenslehre. Die im Mittelraum aufgestellten bibelkundlichen Werke und die Ausgaben der Kirchenv\u00e4ter stehen damit nat\u00fcrlich in einem inneren Zusammenhang.<\/p>\n<\/div>\n                    \n                            <\/div>\n        \n            <\/div>\n<\/div>\n\n<\/section>\n\n<section id='lightpress__section--block_d9724358db50d1e71c6af621494b95f4' class='lightpress__section--default-section-space lightpress__section lightpress__section--image-slider'>\n<div class=\"image-slider\"\n     x-data=\"{ gallery: null, shown: false }\"\n     x-init=\"gallery = initSliderGallery([{&quot;href&quot;:&quot;https:\\\/\\\/stiftadmont.at\\\/wp-content\\\/uploads\\\/Bibliothek_c_StefanLeitner-StiftAdmont_01.jpg&quot;,&quot;type&quot;:&quot;image&quot;},{&quot;href&quot;:&quot;https:\\\/\\\/stiftadmont.at\\\/wp-content\\\/uploads\\\/\\u00a9Thomas-Sattler_Kinder-Bibliothek.jpg&quot;,&quot;type&quot;:&quot;image&quot;},{&quot;href&quot;:&quot;https:\\\/\\\/stiftadmont.at\\\/wp-content\\\/uploads\\\/Stift_Admont_\\u00a9StefanLeitner_016-1.jpg&quot;,&quot;type&quot;:&quot;image&quot;},{&quot;href&quot;:&quot;https:\\\/\\\/stiftadmont.at\\\/wp-content\\\/uploads\\\/Bibliothek-bei-Nacht_\\u00a9Thomas-Sattler-4.jpg&quot;,&quot;type&quot;:&quot;image&quot;},{&quot;href&quot;:&quot;https:\\\/\\\/stiftadmont.at\\\/wp-content\\\/uploads\\\/Die-Stiftsbibliothek-b-3.jpg&quot;,&quot;type&quot;:&quot;image&quot;},{&quot;href&quot;:&quot;https:\\\/\\\/stiftadmont.at\\\/wp-content\\\/uploads\\\/Kinder_Museum_c-Thomas-Sattler-61_www-1920x1280.jpg&quot;,&quot;type&quot;:&quot;image&quot;},{&quot;href&quot;:&quot;https:\\\/\\\/stiftadmont.at\\\/wp-content\\\/uploads\\\/Kinder_Museum_c-Thomas-Sattler-54_www-1920x1280.jpg&quot;,&quot;type&quot;:&quot;image&quot;},{&quot;href&quot;:&quot;https:\\\/\\\/stiftadmont.at\\\/wp-content\\\/uploads\\\/Stiftsbibliothek-Admont_Marcel-Peda-2.jpg&quot;,&quot;type&quot;:&quot;image&quot;},{&quot;href&quot;:&quot;https:\\\/\\\/stiftadmont.at\\\/wp-content\\\/uploads\\\/Bibliothek-c-Stefan-Leitner_klein.jpg&quot;,&quot;type&quot;:&quot;image&quot;},{&quot;href&quot;:&quot;https:\\\/\\\/stiftadmont.at\\\/wp-content\\\/uploads\\\/Stift_Admont_\\u00a9StefanLeitner_015.jpg&quot;,&quot;type&quot;:&quot;image&quot;}]); initImageSliderBlockAnim($el);\">\n    <div class=\"image-slider__inner\">\n\n        <div class=\"swiper-container\" x-init=\"initImageSliderBlock($el, $refs.btnPrev, $refs.btnNext)\">\n            <div class=\"swiper-wrapper\">\n                                    <div class=\"swiper-slide\">\n                        <div class=\"image-slider__media\">\n                            <img decoding=\"async\" class=\"image-slider__image\"\n                                 src=\"https:\/\/stiftadmont.at\/wp-content\/uploads\/Bibliothek_c_StefanLeitner-StiftAdmont_01-768x547.jpg\"\n                                 alt=\"Stift Admont - Klosterbibliothek \u00a9 Stefan Leitner\">\n                        <\/div>\n                    <\/div>\n                                    <div class=\"swiper-slide\">\n                        <div class=\"image-slider__media\">\n                            <img decoding=\"async\" class=\"image-slider__image\"\n                                 src=\"https:\/\/stiftadmont.at\/wp-content\/uploads\/\u00a9Thomas-Sattler_Kinder-Bibliothek-768x512.jpg\"\n                                 alt=\"\u00a9Thomas Sattler Kinder Bibliothek\">\n                        <\/div>\n                    <\/div>\n                                    <div class=\"swiper-slide\">\n                        <div class=\"image-slider__media\">\n                            <img decoding=\"async\" class=\"image-slider__image\"\n                                 src=\"https:\/\/stiftadmont.at\/wp-content\/uploads\/Stift_Admont_\u00a9StefanLeitner_016-1-768x576.jpg\"\n                                 alt=\"Stift Admont - M\u00f6nche in der Klosterbibliothek \u00a9 Stefan Leitner\">\n                        <\/div>\n                    <\/div>\n                                    <div class=\"swiper-slide\">\n                        <div class=\"image-slider__media\">\n                            <img decoding=\"async\" class=\"image-slider__image\"\n                                 src=\"https:\/\/stiftadmont.at\/wp-content\/uploads\/Bibliothek-bei-Nacht_\u00a9Thomas-Sattler-4-768x512.jpg\"\n                                 alt=\"Bibliothek bei Nacht \u00a9Thomas Sattler 4\">\n                        <\/div>\n                    <\/div>\n                                    <div class=\"swiper-slide\">\n                        <div class=\"image-slider__media\">\n                            <img decoding=\"async\" class=\"image-slider__image\"\n                                 src=\"https:\/\/stiftadmont.at\/wp-content\/uploads\/Die-Stiftsbibliothek-b-3-768x961.jpg\"\n                                 alt=\"Stift Admont - Die vier letzten Dinge von Josef Stammel\">\n                        <\/div>\n                    <\/div>\n                                    <div class=\"swiper-slide\">\n                        <div class=\"image-slider__media\">\n                            <img decoding=\"async\" class=\"image-slider__image\"\n                                 src=\"https:\/\/stiftadmont.at\/wp-content\/uploads\/Kinder_Museum_c-Thomas-Sattler-61_www-768x512.jpg\"\n                                 alt=\"Kinder Museum c Thomas Sattler 61 www\">\n                        <\/div>\n                    <\/div>\n                                    <div class=\"swiper-slide\">\n                        <div class=\"image-slider__media\">\n                            <img decoding=\"async\" class=\"image-slider__image\"\n                                 src=\"https:\/\/stiftadmont.at\/wp-content\/uploads\/Kinder_Museum_c-Thomas-Sattler-54_www-768x512.jpg\"\n                                 alt=\"Kinder Museum c Thomas Sattler 54 www\">\n                        <\/div>\n                    <\/div>\n                                    <div class=\"swiper-slide\">\n                        <div class=\"image-slider__media\">\n                            <img decoding=\"async\" class=\"image-slider__image\" src=\"https:\/\/stiftadmont.at\/wp-content\/uploads\/Stiftsbibliothek-Admont_Marcel-Peda-2-768x1024.jpg\" alt=\"Stiftsbibliothek Admont Marcel Peda 2\" \/>\n                        <\/div>\n                    <\/div>\n                                    <div class=\"swiper-slide\">\n                        <div class=\"image-slider__media\">\n                            <img decoding=\"async\" class=\"image-slider__image\"\n                                 src=\"https:\/\/stiftadmont.at\/wp-content\/uploads\/Bibliothek-c-Stefan-Leitner_klein-768x574.jpg\"\n                                 alt=\"Bibliothek c Stefan Leitner klein\">\n                        <\/div>\n                    <\/div>\n                                    <div class=\"swiper-slide\">\n                        <div class=\"image-slider__media\">\n                            <img decoding=\"async\" class=\"image-slider__image\"\n                                 src=\"https:\/\/stiftadmont.at\/wp-content\/uploads\/Stift_Admont_\u00a9StefanLeitner_015-768x576.jpg\"\n                                 alt=\"Stift Admont - M\u00f6nche in der Klosterbibliothek \u00a9 Stefan Leitner\">\n                        <\/div>\n                    <\/div>\n                            <\/div>\n\n            <div class=\"swiper-nav-wrapper\">\n                <button class=\"swiper-button-prev slider-button--prev\" x-ref=\"btnPrev\"\n                        aria-label=\"Vorige Bilder anzeigen\">\n                    <img decoding=\"async\" src=\"\/wp-content\/themes\/stift-admont\/src\/assets\/img\/arrow-left-big-new.svg\" alt=\"Pfeil nach Links\">\n                <\/button>\n\n\n                <a class=\"image-slider__gallery\" @click=\"openGallery(gallery)\"><i class=\"fa-thin fa-plus\"><\/i><\/a>\n                <button class=\"swiper-button-next slider-button--next\"\n                        x-ref=\"btnNext\"\n                        aria-label=\"N\u00e4chste Bilder anzeigen\">\n                    <img decoding=\"async\" src=\"\/wp-content\/themes\/stift-admont\/src\/assets\/img\/arrow-right-big-new.svg\" alt=\"Pfeil nach Rechts\">\n                <\/button>\n            <\/div>\n        <\/div>\n    <\/div>\n\n\n<\/div><\/section>","protected":false},"excerpt":{"rendered":"","protected":false},"author":7,"featured_media":0,"parent":466,"menu_order":0,"comment_status":"closed","ping_status":"closed","template":"","meta":{"_acf_changed":false,"footnotes":""},"categories":[],"class_list":["post-5627","page","type-page","status-publish","hentry"],"acf":[],"yoast_head":"<!-- This site is optimized with the Yoast SEO Premium plugin v26.0 (Yoast SEO v26.8) - https:\/\/yoast.com\/product\/yoast-seo-premium-wordpress\/ -->\n<title>Bibliotheksbest\u00e4nde - Stift Admont<\/title>\n<meta name=\"robots\" content=\"index, follow, max-snippet:-1, max-image-preview:large, max-video-preview:-1\" \/>\n<link rel=\"canonical\" href=\"https:\/\/stiftadmont.at\/zh\/\u5173\u4e8e\u4fee\u9053\u9662\u6863\u6848\u9986\/\u56fe\u4e66\u9986\u85cf\u4e66\/\" \/>\n<meta property=\"og:locale\" content=\"zh_CN\" \/>\n<meta property=\"og:type\" content=\"article\" \/>\n<meta property=\"og:title\" content=\"Bibliotheksbest\u00e4nde\" \/>\n<meta property=\"og:url\" content=\"https:\/\/stiftadmont.at\/zh\/\u5173\u4e8e\u4fee\u9053\u9662\u6863\u6848\u9986\/\u56fe\u4e66\u9986\u85cf\u4e66\/\" \/>\n<meta property=\"og:site_name\" content=\"Stift Admont\" \/>\n<meta property=\"article:modified_time\" content=\"2025-01-30T09:06:10+00:00\" \/>\n<meta property=\"og:image\" content=\"https:\/\/stiftadmont.at\/wp-content\/uploads\/Klosteranlage-innen.jpg\" \/>\n\t<meta property=\"og:image:width\" content=\"1912\" \/>\n\t<meta property=\"og:image:height\" content=\"1188\" \/>\n\t<meta property=\"og:image:type\" content=\"image\/jpeg\" \/>\n<meta name=\"twitter:card\" content=\"summary_large_image\" \/>\n<script type=\"application\/ld+json\" class=\"yoast-schema-graph\">{\"@context\":\"https:\/\/schema.org\",\"@graph\":[{\"@type\":\"WebPage\",\"@id\":\"https:\/\/stiftadmont.at\/ueber-das-stiftsarchiv\/bibliotheksbestaende\/\",\"url\":\"https:\/\/stiftadmont.at\/ueber-das-stiftsarchiv\/bibliotheksbestaende\/\",\"name\":\"Bibliotheksbest\u00e4nde - Stift Admont\",\"isPartOf\":{\"@id\":\"https:\/\/stiftadmont.at\/#website\"},\"datePublished\":\"2021-07-29T12:36:46+00:00\",\"dateModified\":\"2025-01-30T09:06:10+00:00\",\"breadcrumb\":{\"@id\":\"https:\/\/stiftadmont.at\/ueber-das-stiftsarchiv\/bibliotheksbestaende\/#breadcrumb\"},\"inLanguage\":\"zh-Hans\",\"potentialAction\":[{\"@type\":\"ReadAction\",\"target\":[\"https:\/\/stiftadmont.at\/ueber-das-stiftsarchiv\/bibliotheksbestaende\/\"]}]},{\"@type\":\"BreadcrumbList\",\"@id\":\"https:\/\/stiftadmont.at\/ueber-das-stiftsarchiv\/bibliotheksbestaende\/#breadcrumb\",\"itemListElement\":[{\"@type\":\"ListItem\",\"position\":1,\"name\":\"Start\",\"item\":\"https:\/\/stiftadmont.at\/\"},{\"@type\":\"ListItem\",\"position\":2,\"name\":\"\u00dcber das Stiftsarchiv\",\"item\":\"https:\/\/stiftadmont.at\/ueber-das-stiftsarchiv\/\"},{\"@type\":\"ListItem\",\"position\":3,\"name\":\"Bibliotheksbest\u00e4nde\"}]},{\"@type\":\"WebSite\",\"@id\":\"https:\/\/stiftadmont.at\/#website\",\"url\":\"https:\/\/stiftadmont.at\/\",\"name\":\"Stift Admont\",\"description\":\"Benediktinerkloster und Sehensw\u00fcrdigkeit im Ges\u00e4use\",\"potentialAction\":[{\"@type\":\"SearchAction\",\"target\":{\"@type\":\"EntryPoint\",\"urlTemplate\":\"https:\/\/stiftadmont.at\/?s={search_term_string}\"},\"query-input\":{\"@type\":\"PropertyValueSpecification\",\"valueRequired\":true,\"valueName\":\"search_term_string\"}}],\"inLanguage\":\"zh-Hans\"}]}<\/script>\n<!-- \/ Yoast SEO Premium plugin. -->","yoast_head_json":{"title":"\u56fe\u4e66\u9986\u85cf\u4e66 - \u963f\u5fb7\u8499\u7279\u4fee\u9053\u9662","robots":{"index":"index","follow":"follow","max-snippet":"max-snippet:-1","max-image-preview":"max-image-preview:large","max-video-preview":"max-video-preview:-1"},"canonical":"https:\/\/stiftadmont.at\/zh\/\u5173\u4e8e\u4fee\u9053\u9662\u6863\u6848\u9986\/\u56fe\u4e66\u9986\u85cf\u4e66\/","og_locale":"zh_CN","og_type":"article","og_title":"Bibliotheksbest\u00e4nde","og_url":"https:\/\/stiftadmont.at\/zh\/\u5173\u4e8e\u4fee\u9053\u9662\u6863\u6848\u9986\/\u56fe\u4e66\u9986\u85cf\u4e66\/","og_site_name":"Stift Admont","article_modified_time":"2025-01-30T09:06:10+00:00","og_image":[{"width":1912,"height":1188,"url":"https:\/\/stiftadmont.at\/wp-content\/uploads\/Klosteranlage-innen.jpg","type":"image\/jpeg"}],"twitter_card":"summary_large_image","schema":{"@context":"https:\/\/schema.org","@graph":[{"@type":"WebPage","@id":"https:\/\/stiftadmont.at\/ueber-das-stiftsarchiv\/bibliotheksbestaende\/","url":"https:\/\/stiftadmont.at\/ueber-das-stiftsarchiv\/bibliotheksbestaende\/","name":"\u56fe\u4e66\u9986\u85cf\u4e66 - \u963f\u5fb7\u8499\u7279\u4fee\u9053\u9662","isPartOf":{"@id":"https:\/\/stiftadmont.at\/#website"},"datePublished":"2021-07-29T12:36:46+00:00","dateModified":"2025-01-30T09:06:10+00:00","breadcrumb":{"@id":"https:\/\/stiftadmont.at\/ueber-das-stiftsarchiv\/bibliotheksbestaende\/#breadcrumb"},"inLanguage":"zh-Hans","potentialAction":[{"@type":"ReadAction","target":["https:\/\/stiftadmont.at\/ueber-das-stiftsarchiv\/bibliotheksbestaende\/"]}]},{"@type":"BreadcrumbList","@id":"https:\/\/stiftadmont.at\/ueber-das-stiftsarchiv\/bibliotheksbestaende\/#breadcrumb","itemListElement":[{"@type":"ListItem","position":1,"name":"Start","item":"https:\/\/stiftadmont.at\/"},{"@type":"ListItem","position":2,"name":"\u00dcber das Stiftsarchiv","item":"https:\/\/stiftadmont.at\/ueber-das-stiftsarchiv\/"},{"@type":"ListItem","position":3,"name":"Bibliotheksbest\u00e4nde"}]},{"@type":"WebSite","@id":"https:\/\/stiftadmont.at\/#website","url":"https:\/\/stiftadmont.at\/","name":"\u963f\u5fb7\u8499\u7279\u4fee\u9053\u9662","description":"\u683c\u8428\u5c14\u5730\u533a\u7684\u672c\u7b03\u4f1a\u4fee\u9053\u9662\u548c\u65c5\u6e38\u666f\u70b9","potentialAction":[{"@type":"SearchAction","target":{"@type":"EntryPoint","urlTemplate":"https:\/\/stiftadmont.at\/?s={search_term_string}"},"query-input":{"@type":"PropertyValueSpecification","valueRequired":true,"valueName":"search_term_string"}}],"inLanguage":"zh-Hans"}]}},"_links":{"self":[{"href":"https:\/\/stiftadmont.at\/zh\/wp-json\/wp\/v2\/pages\/5627","targetHints":{"allow":["GET"]}}],"collection":[{"href":"https:\/\/stiftadmont.at\/zh\/wp-json\/wp\/v2\/pages"}],"about":[{"href":"https:\/\/stiftadmont.at\/zh\/wp-json\/wp\/v2\/types\/page"}],"author":[{"embeddable":true,"href":"https:\/\/stiftadmont.at\/zh\/wp-json\/wp\/v2\/users\/7"}],"replies":[{"embeddable":true,"href":"https:\/\/stiftadmont.at\/zh\/wp-json\/wp\/v2\/comments?post=5627"}],"version-history":[{"count":61,"href":"https:\/\/stiftadmont.at\/zh\/wp-json\/wp\/v2\/pages\/5627\/revisions"}],"predecessor-version":[{"id":32397,"href":"https:\/\/stiftadmont.at\/zh\/wp-json\/wp\/v2\/pages\/5627\/revisions\/32397"}],"up":[{"embeddable":true,"href":"https:\/\/stiftadmont.at\/zh\/wp-json\/wp\/v2\/pages\/466"}],"wp:attachment":[{"href":"https:\/\/stiftadmont.at\/zh\/wp-json\/wp\/v2\/media?parent=5627"}],"wp:term":[{"taxonomy":"category","embeddable":true,"href":"https:\/\/stiftadmont.at\/zh\/wp-json\/wp\/v2\/categories?post=5627"}],"curies":[{"name":"wp","href":"https:\/\/api.w.org\/{rel}","templated":true}]}}